{"id":10619,"date":"2018-04-16T15:59:28","date_gmt":"2018-04-16T13:59:28","guid":{"rendered":"https:\/\/2020.eckankar.ch\/eckankar-en-suisse\/"},"modified":"2026-04-18T16:00:40","modified_gmt":"2026-04-18T14:00:40","slug":"eckankar-en-suisse","status":"publish","type":"page","link":"https:\/\/2020.eckankar.ch\/fr\/eckankar-en-suisse\/","title":{"rendered":"Eckankar en Suisse"},"content":{"rendered":"\n\n\t<p><img loading=\"lazy\" decoding=\"async\" src=\"https:\/\/2020.eckankar.ch\/wp-content\/uploads\/2024\/05\/Easy-Way-Icon-Web-1-300x300.jpg\" alt=\"\" width=\"410\" height=\"410\" \/>Eckankar Soci\u00e9t\u00e9 Suisse &amp; Liechtenstein <\/p>\n<p>&nbsp;<\/p>\n<p>Eckankar Soci\u00e9t\u00e9 Suisse (abr\u00e9g\u00e9 : ESS) est une association qui repr\u00e9sente officiellement l&rsquo;enseignement spirituel d&rsquo;ECKANKAR dans ce pays. Le si\u00e8ge principal <a href=\"https:\/\/www.eckankar.org\" target=\"_blank\" rel=\"noopener\">d&rsquo;ECKANKAR<\/a> se trouve \u00e0 Minneapolis\/USA. Les enseignements ECK sont pr\u00e9sents dans plus d&rsquo;une centaine de pays sur tous les continents.<\/p>\n<p>Si vous souhaitez vous lancer dans le programme d&rsquo;\u00e9tudes ECK, inscrivez-vous aupr\u00e8s du si\u00e8ge central. Le programme comprend des cours mensuels, des exercices spirituels cr\u00e9atifs pour la vie quotidienne et le magazine trimestriel Le Monde mystique. L&rsquo;inscription au programme est renouvel\u00e9e chaque ann\u00e9e.<\/p>\n<p>L&rsquo;inscription aupr\u00e8s du si\u00e8ge principal d&rsquo;ECKANKAR est une condition pr\u00e9alable pour devenir membre d&rsquo;ESS. ESS vous informe sur l&rsquo;actualit\u00e9 et tous les \u00e9v\u00e9nements organis\u00e9s dans les diff\u00e9rentes r\u00e9gions par le biais d&rsquo;une lettre d&rsquo;information r\u00e9guli\u00e8re. Elle g\u00e8re <a href=\"https:\/\/2020.eckankar.ch\/fr\/groupes-detude-eckankar-en-suisse\/\" target=\"_blank\" rel=\"noopener\">des centres ECK<\/a> dans toutes les r\u00e9gions du pays. Elle organise r\u00e9guli\u00e8rement des<a href=\"https:\/\/2020.eckankar.ch\/fr\/evenements-eck-nouveau\/\" target=\"_blank\" rel=\"noopener\"> \u00e9v\u00e9nements<\/a>, notamment des \u00ab Discussions spirituelles \u00bb publiques, des \u00ab Offices ECK de la Lumi\u00e8re et du Son \u00bb et des \u00e9v\u00e9nements \u00ab Le Son de l&rsquo;\u00e2me \u00bb. Des s\u00e9minaires r\u00e9gionaux sont organis\u00e9s de mani\u00e8re sporadique.<\/p>\n<p>En tant qu&rsquo;\u00e9tudiant d&rsquo;ECKANKAR, vous avez la possibilit\u00e9, dans de nombreuses r\u00e9gions ou en ligne, de suivre des cours avec des personnes partageant les m\u00eames id\u00e9es et de participer \u00e0 d&rsquo;autres \u00e9v\u00e9nements.<\/p>\n<p><a href=\"https:\/\/2020.eckankar.ch\/wp-content\/uploads\/2020\/10\/Statuten-EGS-2020-02-FR.pdf\">Statuts d&rsquo;Eckankar Soci\u00e9t\u00e9 Suisse &amp; Liechtenstein<\/a><\/p>\n\n","protected":false},"excerpt":{"rendered":"<p>Eckankar Soci\u00e9t\u00e9 Suisse &amp; Liechtenstein &nbsp; Eckankar Soci\u00e9t\u00e9 Suisse (abr\u00e9g\u00e9 : ESS) est une association qui repr\u00e9sente officiellement l&rsquo;enseignement spirituel d&rsquo;ECKANKAR dans ce pays. Le si\u00e8ge principal d&rsquo;ECKANKAR se trouve \u00e0 Minneapolis\/USA. Les enseignements ECK sont pr\u00e9sents dans plus d&rsquo;une centaine de pays sur tous les continents. Si vous souhaitez vous lancer dans le programme&hellip;<\/p>\n","protected":false},"author":9,"featured_media":0,"parent":0,"menu_order":0,"comment_status":"closed","ping_status":"closed","template":"","meta":{"_lmt_disableupdate":"","_lmt_disable":"","footnotes":""},"class_list":["post-10619","page","type-page","status-publish","hentry"],"yoast_head":"<!-- This site is optimized with the Yoast SEO plugin v27.6 - https:\/\/yoast.com\/product\/yoast-seo-wordpress\/ -->\n<title>Eckankar en Suisse - Eckankar in Switzerland<\/title>\n<meta name=\"robots\" content=\"index, follow, max-snippet:-1, max-image-preview:large, max-video-preview:-1\" \/>\n<link rel=\"canonical\" href=\"https:\/\/2020.eckankar.ch\/fr\/eckankar-en-suisse\/\" \/>\n<meta property=\"og:locale\" content=\"fr_FR\" \/>\n<meta property=\"og:type\" content=\"article\" \/>\n<meta property=\"og:title\" content=\"Eckankar en Suisse - Eckankar in Switzerland\" \/>\n<meta property=\"og:description\" content=\"Eckankar Soci\u00e9t\u00e9 Suisse &amp; Liechtenstein &nbsp; Eckankar Soci\u00e9t\u00e9 Suisse (abr\u00e9g\u00e9 : ESS) est une association qui repr\u00e9sente officiellement l&rsquo;enseignement spirituel d&rsquo;ECKANKAR dans ce pays. Le si\u00e8ge principal d&rsquo;ECKANKAR se trouve \u00e0 Minneapolis\/USA. Les enseignements ECK sont pr\u00e9sents dans plus d&rsquo;une centaine de pays sur tous les continents. Si vous souhaitez vous lancer dans le programme&hellip;\" \/>\n<meta property=\"og:url\" content=\"https:\/\/2020.eckankar.ch\/fr\/eckankar-en-suisse\/\" \/>\n<meta property=\"og:site_name\" content=\"Eckankar in Switzerland\" \/>\n<meta property=\"article:modified_time\" content=\"2026-04-18T14:00:40+00:00\" \/>\n<meta property=\"og:image\" content=\"https:\/\/2020.eckankar.ch\/wp-content\/uploads\/2024\/05\/Easy-Way-Icon-Web-1-300x300.jpg\" \/>\n<meta name=\"twitter:card\" content=\"summary_large_image\" \/>\n<meta name=\"twitter:label1\" content=\"Dur\u00e9e de lecture estim\u00e9e\" \/>\n\t<meta name=\"twitter:data1\" content=\"2 minutes\" \/>\n<script type=\"application\/ld+json\" class=\"yoast-schema-graph\">{\"@context\":\"https:\\\/\\\/schema.org\",\"@graph\":[{\"@type\":\"WebPage\",\"@id\":\"https:\\\/\\\/2020.eckankar.ch\\\/fr\\\/eckankar-en-suisse\\\/\",\"url\":\"https:\\\/\\\/2020.eckankar.ch\\\/fr\\\/eckankar-en-suisse\\\/\",\"name\":\"Eckankar en Suisse - Eckankar in Switzerland\",\"isPartOf\":{\"@id\":\"https:\\\/\\\/2020.eckankar.ch\\\/fr\\\/#website\"},\"primaryImageOfPage\":{\"@id\":\"https:\\\/\\\/2020.eckankar.ch\\\/fr\\\/eckankar-en-suisse\\\/#primaryimage\"},\"image\":{\"@id\":\"https:\\\/\\\/2020.eckankar.ch\\\/fr\\\/eckankar-en-suisse\\\/#primaryimage\"},\"thumbnailUrl\":\"https:\\\/\\\/2020.eckankar.ch\\\/wp-content\\\/uploads\\\/2024\\\/05\\\/Easy-Way-Icon-Web-1-300x300.jpg\",\"datePublished\":\"2018-04-16T13:59:28+00:00\",\"dateModified\":\"2026-04-18T14:00:40+00:00\",\"breadcrumb\":{\"@id\":\"https:\\\/\\\/2020.eckankar.ch\\\/fr\\\/eckankar-en-suisse\\\/#breadcrumb\"},\"inLanguage\":\"fr-FR\",\"potentialAction\":[{\"@type\":\"ReadAction\",\"target\":[\"https:\\\/\\\/2020.eckankar.ch\\\/fr\\\/eckankar-en-suisse\\\/\"]}]},{\"@type\":\"ImageObject\",\"inLanguage\":\"fr-FR\",\"@id\":\"https:\\\/\\\/2020.eckankar.ch\\\/fr\\\/eckankar-en-suisse\\\/#primaryimage\",\"url\":\"https:\\\/\\\/2020.eckankar.ch\\\/wp-content\\\/uploads\\\/2024\\\/05\\\/Easy-Way-Icon-Web-1-300x300.jpg\",\"contentUrl\":\"https:\\\/\\\/2020.eckankar.ch\\\/wp-content\\\/uploads\\\/2024\\\/05\\\/Easy-Way-Icon-Web-1-300x300.jpg\"},{\"@type\":\"BreadcrumbList\",\"@id\":\"https:\\\/\\\/2020.eckankar.ch\\\/fr\\\/eckankar-en-suisse\\\/#breadcrumb\",\"itemListElement\":[{\"@type\":\"ListItem\",\"position\":1,\"name\":\"Home\",\"item\":\"https:\\\/\\\/2020.eckankar.ch\\\/fr\\\/\"},{\"@type\":\"ListItem\",\"position\":2,\"name\":\"Eckankar en Suisse\"}]},{\"@type\":\"WebSite\",\"@id\":\"https:\\\/\\\/2020.eckankar.ch\\\/fr\\\/#website\",\"url\":\"https:\\\/\\\/2020.eckankar.ch\\\/fr\\\/\",\"name\":\"Eckankar in Switzerland\",\"description\":\"The path of Spiritual Freedom\",\"publisher\":{\"@id\":\"https:\\\/\\\/2020.eckankar.ch\\\/fr\\\/#organization\"},\"potentialAction\":[{\"@type\":\"SearchAction\",\"target\":{\"@type\":\"EntryPoint\",\"urlTemplate\":\"https:\\\/\\\/2020.eckankar.ch\\\/fr\\\/?s={search_term_string}\"},\"query-input\":{\"@type\":\"PropertyValueSpecification\",\"valueRequired\":true,\"valueName\":\"search_term_string\"}}],\"inLanguage\":\"fr-FR\"},{\"@type\":\"Organization\",\"@id\":\"https:\\\/\\\/2020.eckankar.ch\\\/fr\\\/#organization\",\"name\":\"Eckankar\",\"url\":\"https:\\\/\\\/2020.eckankar.ch\\\/fr\\\/\",\"logo\":{\"@type\":\"ImageObject\",\"inLanguage\":\"fr-FR\",\"@id\":\"https:\\\/\\\/2020.eckankar.ch\\\/fr\\\/#\\\/schema\\\/logo\\\/image\\\/\",\"url\":\"https:\\\/\\\/2020.eckankar.ch\\\/wp-content\\\/uploads\\\/2018\\\/05\\\/logo_en.png\",\"contentUrl\":\"https:\\\/\\\/2020.eckankar.ch\\\/wp-content\\\/uploads\\\/2018\\\/05\\\/logo_en.png\",\"width\":288,\"height\":100,\"caption\":\"Eckankar\"},\"image\":{\"@id\":\"https:\\\/\\\/2020.eckankar.ch\\\/fr\\\/#\\\/schema\\\/logo\\\/image\\\/\"}}]}<\/script>\n<!-- \/ Yoast SEO plugin. -->","yoast_head_json":{"title":"Eckankar en Suisse - Eckankar in Switzerland","robots":{"index":"index","follow":"follow","max-snippet":"max-snippet:-1","max-image-preview":"max-image-preview:large","max-video-preview":"max-video-preview:-1"},"canonical":"https:\/\/2020.eckankar.ch\/fr\/eckankar-en-suisse\/","og_locale":"fr_FR","og_type":"article","og_title":"Eckankar en Suisse - Eckankar in Switzerland","og_description":"Eckankar Soci\u00e9t\u00e9 Suisse &amp; Liechtenstein &nbsp; Eckankar Soci\u00e9t\u00e9 Suisse (abr\u00e9g\u00e9 : ESS) est une association qui repr\u00e9sente officiellement l&rsquo;enseignement spirituel d&rsquo;ECKANKAR dans ce pays. Le si\u00e8ge principal d&rsquo;ECKANKAR se trouve \u00e0 Minneapolis\/USA. Les enseignements ECK sont pr\u00e9sents dans plus d&rsquo;une centaine de pays sur tous les continents. Si vous souhaitez vous lancer dans le programme&hellip;","og_url":"https:\/\/2020.eckankar.ch\/fr\/eckankar-en-suisse\/","og_site_name":"Eckankar in Switzerland","article_modified_time":"2026-04-18T14:00:40+00:00","og_image":[{"url":"https:\/\/2020.eckankar.ch\/wp-content\/uploads\/2024\/05\/Easy-Way-Icon-Web-1-300x300.jpg","type":"","width":"","height":""}],"twitter_card":"summary_large_image","twitter_misc":{"Dur\u00e9e de lecture estim\u00e9e":"2 minutes"},"schema":{"@context":"https:\/\/schema.org","@graph":[{"@type":"WebPage","@id":"https:\/\/2020.eckankar.ch\/fr\/eckankar-en-suisse\/","url":"https:\/\/2020.eckankar.ch\/fr\/eckankar-en-suisse\/","name":"Eckankar en Suisse - Eckankar in Switzerland","isPartOf":{"@id":"https:\/\/2020.eckankar.ch\/fr\/#website"},"primaryImageOfPage":{"@id":"https:\/\/2020.eckankar.ch\/fr\/eckankar-en-suisse\/#primaryimage"},"image":{"@id":"https:\/\/2020.eckankar.ch\/fr\/eckankar-en-suisse\/#primaryimage"},"thumbnailUrl":"https:\/\/2020.eckankar.ch\/wp-content\/uploads\/2024\/05\/Easy-Way-Icon-Web-1-300x300.jpg","datePublished":"2018-04-16T13:59:28+00:00","dateModified":"2026-04-18T14:00:40+00:00","breadcrumb":{"@id":"https:\/\/2020.eckankar.ch\/fr\/eckankar-en-suisse\/#breadcrumb"},"inLanguage":"fr-FR","potentialAction":[{"@type":"ReadAction","target":["https:\/\/2020.eckankar.ch\/fr\/eckankar-en-suisse\/"]}]},{"@type":"ImageObject","inLanguage":"fr-FR","@id":"https:\/\/2020.eckankar.ch\/fr\/eckankar-en-suisse\/#primaryimage","url":"https:\/\/2020.eckankar.ch\/wp-content\/uploads\/2024\/05\/Easy-Way-Icon-Web-1-300x300.jpg","contentUrl":"https:\/\/2020.eckankar.ch\/wp-content\/uploads\/2024\/05\/Easy-Way-Icon-Web-1-300x300.jpg"},{"@type":"BreadcrumbList","@id":"https:\/\/2020.eckankar.ch\/fr\/eckankar-en-suisse\/#breadcrumb","itemListElement":[{"@type":"ListItem","position":1,"name":"Home","item":"https:\/\/2020.eckankar.ch\/fr\/"},{"@type":"ListItem","position":2,"name":"Eckankar en Suisse"}]},{"@type":"WebSite","@id":"https:\/\/2020.eckankar.ch\/fr\/#website","url":"https:\/\/2020.eckankar.ch\/fr\/","name":"Eckankar in Switzerland","description":"The path of Spiritual Freedom","publisher":{"@id":"https:\/\/2020.eckankar.ch\/fr\/#organization"},"potentialAction":[{"@type":"SearchAction","target":{"@type":"EntryPoint","urlTemplate":"https:\/\/2020.eckankar.ch\/fr\/?s={search_term_string}"},"query-input":{"@type":"PropertyValueSpecification","valueRequired":true,"valueName":"search_term_string"}}],"inLanguage":"fr-FR"},{"@type":"Organization","@id":"https:\/\/2020.eckankar.ch\/fr\/#organization","name":"Eckankar","url":"https:\/\/2020.eckankar.ch\/fr\/","logo":{"@type":"ImageObject","inLanguage":"fr-FR","@id":"https:\/\/2020.eckankar.ch\/fr\/#\/schema\/logo\/image\/","url":"https:\/\/2020.eckankar.ch\/wp-content\/uploads\/2018\/05\/logo_en.png","contentUrl":"https:\/\/2020.eckankar.ch\/wp-content\/uploads\/2018\/05\/logo_en.png","width":288,"height":100,"caption":"Eckankar"},"image":{"@id":"https:\/\/2020.eckankar.ch\/fr\/#\/schema\/logo\/image\/"}}]}},"_links":{"self":[{"href":"https:\/\/2020.eckankar.ch\/fr\/wp-json\/wp\/v2\/pages\/10619","targetHints":{"allow":["GET"]}}],"collection":[{"href":"https:\/\/2020.eckankar.ch\/fr\/wp-json\/wp\/v2\/pages"}],"about":[{"href":"https:\/\/2020.eckankar.ch\/fr\/wp-json\/wp\/v2\/types\/page"}],"author":[{"embeddable":true,"href":"https:\/\/2020.eckankar.ch\/fr\/wp-json\/wp\/v2\/users\/9"}],"replies":[{"embeddable":true,"href":"https:\/\/2020.eckankar.ch\/fr\/wp-json\/wp\/v2\/comments?post=10619"}],"version-history":[{"count":8,"href":"https:\/\/2020.eckankar.ch\/fr\/wp-json\/wp\/v2\/pages\/10619\/revisions"}],"predecessor-version":[{"id":12280,"href":"https:\/\/2020.eckankar.ch\/fr\/wp-json\/wp\/v2\/pages\/10619\/revisions\/12280"}],"wp:attachment":[{"href":"https:\/\/2020.eckankar.ch\/fr\/wp-json\/wp\/v2\/media?parent=10619"}],"curies":[{"name":"wp","href":"https:\/\/api.w.org\/{rel}","templated":true}]}}