{"id":10623,"date":"2024-05-03T16:37:12","date_gmt":"2024-05-03T14:37:12","guid":{"rendered":"https:\/\/2020.eckankar.ch\/copie-de-home-nouveau\/"},"modified":"2026-04-15T19:54:23","modified_gmt":"2026-04-15T17:54:23","slug":"copie-de-home-nouveau","status":"publish","type":"page","link":"https:\/\/2020.eckankar.ch\/fr\/","title":{"rendered":"Accueil Eckankar CH"},"content":{"rendered":"\n\n<h1  data-animation-delay=\"0.0\" data-animation-duration=\"1\">\n\t\t\tECKANKAR\t<\/h1>\n\t<p>La voie de la libert\u00e9 spirituelle<\/p>\n<h1>\n\t\t\tBienvenue\t<\/h1>\n\tCherchez-vous des r\u00e9ponses \u00e0 vos questions sur la vie ?<br \/>\nCherchez-vous une connexion plus profonde avec Dieu et l&rsquo;Esprit divin ?\nEckankar, la voie de la libert\u00e9 spirituelle, vous guidera dans votre voyage de retour vers votre foyer spirituel.<br \/>\nEn Eckankar, vous apprendrez \u00e0 pratiquer des exercices spirituels qui vous permettront d&rsquo;exp\u00e9rimenter la Lumi\u00e8re et le Son de Dieu et de d\u00e9couvrir votre destin\u00e9e spirituelle. Vous trouverez ainsi plus de joie, d&rsquo;amour, de sagesse et de cr\u00e9ativit\u00e9 dans votre c\u0153ur.<br \/>\nVivez votre vie comme une aventure spirituelle !<br \/>\n\n<p>Les \u00e9v\u00e9nements ECK suivants vous aideront \u00e0 faire l&rsquo;exp\u00e9rience de vous-m\u00eame en tant qu&rsquo;\u00c2me, votre vraie identit\u00e9.<\/p>\n\t<strong>Prochains \u00e9v\u00e9nements ECK<br \/>\n<\/strong>\n\n<figure itemscope itemtype=\"https:\/\/schema.org\/ImageObject\">\n\t\t\t\t<img decoding=\"async\" src=\"https:\/\/2020.eckankar.ch\/wp-content\/uploads\/2026\/03\/2026_Lebenskraftmesse-Bild-fuer-Webseite.jpg\" alt=\"Lebenskraftmesse 2026 - Workshops von Eckankar\" height=\"1271\" width=\"1770\" title=\"2026_Lebenskraftmesse Bild f\u00fcr Webseite\" onerror=\"this.style.display='none'\" loading=\"lazy\" \/>\n\t<\/figure>\n\t<p><strong>Calendrier au <a href=\"https:\/\/2020.eckankar.ch\/wp-content\/uploads\/2026\/04\/2026_Q2_public_Veranstaltungskalender.pdf\" target=\"_blank\" rel=\"noopener\">format PDF<\/a><\/strong><\/p>\n\t<div class=\"simcal-calendar simcal-default-calendar simcal-default-calendar-list simcal-default-calendar-light\" data-calendar-id=\"8867\" data-timezone=\"Europe\/Zurich\" data-offset=\"7200\" data-week-start=\"1\" data-calendar-start=\"1778536800\" data-calendar-end=\"1791278100\" data-events-first=\"1776187800\" data-events-last=\"1791278100\"><div class=\"simcal-calendar-list \"><nav class=\"simcal-calendar-head\">\n\t<div class=\"simcal-nav\">\n\t\t<button class=\"simcal-nav-button simcal-prev\" title=\"Pr\u00e9c\u00e9dent\" aria-label=\"Pr\u00e9c\u00e9dent\">\n\t\t\t<i class=\"simcal-icon-left\"><\/i>\n\t\t<\/button>\n\t<\/div>\n\t<div class=\"simcal-nav simcal-current \" data-calendar-current=\"1778536800\">\n\t\t<h3 class=\"simcal-current-label\"> <\/h3>\n\t<\/div>\n\t<div class=\"simcal-nav\">\t\t<button class=\"simcal-nav-button simcal-next\" title=\"Suiv.\" aria-label=\"Suiv.\">\t\t\t<i class=\"simcal-icon-right\"><\/i>\n\t\t<\/button>\n\t<\/div>\n<\/nav>\n<dl class=\"simcal-events-list-container\" data-prev=\"1778335200\" data-next=\"1779706800\" data-heading-small=\"Mai 2026\" data-heading-large=\"mai 2026\">\t<dt class=\"simcal-day-label\" style=\"border-bottom: 1px solid #1e73be;\" ><span style=\"background-color: #1e73be; color: #ffffff;\"><span class=\"simcal-date-format\" data-date-format=\"j F Y\">12 mai 2026<\/span> <\/span><\/dt>\n<dd class=\"simcal-weekday-2 simcal-past simcal-day simcal-day-has-events simcal-day-has-1-events simcal-events-calendar-8867\" data-events-count=\"1\">\n\t<ul class=\"simcal-events\">\n\t<li class=\"simcal-event simcal-event-has-location simcal-events-calendar-8867\" style=\"\" itemscope itemtype=\"http:\/\/schema.org\/Event\" data-start=\"1778592600\">\n\t\t<div class=\"simcal-event-details\"><p><strong><span class=\"simcal-event-title\" itemprop=\"name\">Singe dein eigenes Lied der Seele<\/span><\/strong><\/p>\n<p><span class=\"simcal-event-start simcal-event-start-date\" data-event-start=\"1778592600\" data-event-format=\"j F Y\" itemprop=\"startDate\" content=\"2026-05-12T15:30:00+02:00\">12 mai 2026<\/span>&nbsp;&nbsp;<span class=\"simcal-event-start simcal-event-start-time\" data-event-start=\"1778592600\" data-event-format=\"G\\hi\" itemprop=\"startDate\" content=\"2026-05-12T15:30:00+02:00\">15h30<\/span> - <span class=\"simcal-event-end simcal-event-end-time\" data-event-end=\"1778596200\" data-event-format=\"G\\hi\" itemprop=\"endDate\" content=\"2026-05-12T16:30:00+02:00\">16h30<\/span><br \/>\n <span class=\"simcal-event-address simcal-event-start-location\" itemprop=\"location\" itemscope itemtype=\"http:\/\/schema.org\/Place\"><meta itemprop=\"name\" content=\"Studiengruppe Bern \u2013 Treffpunkt: Caf\u00e9 Tscharni, Raum Wintergarten, Waldmannstrasse 17A, 3027 Bern-Bethlehem\" \/><meta itemprop=\"address\" content=\"Studiengruppe Bern \u2013 Treffpunkt: Caf\u00e9 Tscharni, Raum Wintergarten, Waldmannstrasse 17A, 3027 Bern-Bethlehem\" \/>Studiengruppe Bern \u2013 Treffpunkt: Caf\u00e9 Tscharni, Raum Wintergarten, Waldmannstrasse 17A, 3027 Bern-Bethlehem<\/span><\/p>\n<div><div class=\"simcal-event-description\" itemprop=\"description\"><p>Der Ton der Seele<\/p>\n<\/div><\/div>\n<p>&nbsp;<\/p><\/div>\n\t<\/li>\n<\/ul>\n\n<\/dd>\n\t<dt class=\"simcal-day-label\" style=\"border-bottom: 1px solid #f2cf6f;\" ><span style=\"background-color: #f2cf6f; color: #000000;\"><span class=\"simcal-date-format\" data-date-format=\"j F Y\">13 mai 2026<\/span> <\/span><\/dt>\n<dd class=\"simcal-weekday-3 simcal-past simcal-day simcal-day-has-events simcal-day-has-1-events simcal-events-calendar-8867\" data-events-count=\"1\">\n\t<ul class=\"simcal-events\">\n\t<li class=\"simcal-event simcal-event-has-location simcal-events-calendar-8867\" style=\"\" itemscope itemtype=\"http:\/\/schema.org\/Event\" data-start=\"1778693400\">\n\t\t<div class=\"simcal-event-details\"><p><strong><span class=\"simcal-event-title\" itemprop=\"name\">Seelenreisen f\u00fcr g\u00f6ttliche Liebe, Weisheit und Freiheit<\/span><\/strong><\/p>\n<p><span class=\"simcal-event-start simcal-event-start-date\" data-event-start=\"1778693400\" data-event-format=\"j F Y\" itemprop=\"startDate\" content=\"2026-05-13T19:30:00+02:00\">13 mai 2026<\/span>&nbsp;&nbsp;<span class=\"simcal-event-start simcal-event-start-time\" data-event-start=\"1778693400\" data-event-format=\"G\\hi\" itemprop=\"startDate\" content=\"2026-05-13T19:30:00+02:00\">19h30<\/span> - <span class=\"simcal-event-end simcal-event-end-time\" data-event-end=\"1778698800\" data-event-format=\"G\\hi\" itemprop=\"endDate\" content=\"2026-05-13T21:00:00+02:00\">21h00<\/span><br \/>\n <span class=\"simcal-event-address simcal-event-start-location\" itemprop=\"location\" itemscope itemtype=\"http:\/\/schema.org\/Place\"><meta itemprop=\"name\" content=\"Studiengruppe St. Gallen, Neugasse 49, 9000 St. Gallen\" \/><meta itemprop=\"address\" content=\"Studiengruppe St. Gallen, Neugasse 49, 9000 St. Gallen\" \/>Studiengruppe St. Gallen, Neugasse 49, 9000 St. Gallen<\/span><\/p>\n<div><div class=\"simcal-event-description\" itemprop=\"description\"><p>Der Ton der Seele<\/p>\n<\/div><\/div>\n<p>&nbsp;<\/p><\/div>\n\t<\/li>\n<\/ul>\n\n<\/dd>\n\t<dt class=\"simcal-day-label\" style=\"border-bottom: 1px solid #f2cf6f;\" ><span style=\"background-color: #f2cf6f; color: #000000;\"><span class=\"simcal-date-format\" data-date-format=\"j F Y\">17 mai 2026<\/span> <\/span><\/dt>\n<dd class=\"simcal-weekday-0 simcal-past simcal-day simcal-day-has-events simcal-day-has-1-events simcal-events-calendar-8867\" data-events-count=\"1\">\n\t<ul class=\"simcal-events\">\n\t<li class=\"simcal-event simcal-event-has-location simcal-events-calendar-8867\" style=\"\" itemscope itemtype=\"http:\/\/schema.org\/Event\" data-start=\"1779008400\">\n\t\t<div class=\"simcal-event-details\"><p><strong><span class=\"simcal-event-title\" itemprop=\"name\">Werde ein Licht f\u00fcr die Welt<\/span><\/strong><\/p>\n<p><span class=\"simcal-event-start simcal-event-start-date\" data-event-start=\"1779008400\" data-event-format=\"j F Y\" itemprop=\"startDate\" content=\"2026-05-17T11:00:00+02:00\">17 mai 2026<\/span>&nbsp;&nbsp;<span class=\"simcal-event-start simcal-event-start-time\" data-event-start=\"1779008400\" data-event-format=\"G\\hi\" itemprop=\"startDate\" content=\"2026-05-17T11:00:00+02:00\">11h00<\/span> - <span class=\"simcal-event-end simcal-event-end-time\" data-event-end=\"1779012900\" data-event-format=\"G\\hi\" itemprop=\"endDate\" content=\"2026-05-17T12:15:00+02:00\">12h15<\/span><br \/>\n <span class=\"simcal-event-address simcal-event-start-location\" itemprop=\"location\" itemscope itemtype=\"http:\/\/schema.org\/Place\"><meta itemprop=\"name\" content=\"Online\" \/><meta itemprop=\"address\" content=\"Online\" \/>Online<\/span><\/p>\n<div><div class=\"simcal-event-description\" itemprop=\"description\"><p>ECK Licht und Ton Gottesdienst \u2013 Anmelden an: <a href=\"https:\/\/us06web.zoom.us\/meeting\/register\/rF_h_xjPT0OG5mziN0a3lQ\">Zoom-Registrierungsseite<\/a><\/p>\n<\/div><\/div>\n<p>&nbsp;<\/p><\/div>\n\t<\/li>\n<\/ul>\n\n<\/dd>\n\t<dt class=\"simcal-day-label\" style=\"border-bottom: 1px solid #f2cf6f;\" ><span style=\"background-color: #f2cf6f; color: #000000;\"><span class=\"simcal-date-format\" data-date-format=\"j F Y\">20 mai 2026<\/span> <\/span><\/dt>\n<dd class=\"simcal-weekday-3 simcal-past simcal-day simcal-day-has-events simcal-day-has-1-events simcal-events-calendar-8867\" data-events-count=\"1\">\n\t<ul class=\"simcal-events\">\n\t<li class=\"simcal-event simcal-event-has-location simcal-events-calendar-8867\" style=\"\" itemscope itemtype=\"http:\/\/schema.org\/Event\" data-start=\"1779292800\">\n\t\t<div class=\"simcal-event-details\"><p><strong><span class=\"simcal-event-title\" itemprop=\"name\">Erfahre HU, den Ton der Seele<\/span><\/strong><\/p>\n<p><span class=\"simcal-event-start simcal-event-start-date\" data-event-start=\"1779292800\" data-event-format=\"j F Y\" itemprop=\"startDate\" content=\"2026-05-20T18:00:00+02:00\">20 mai 2026<\/span>&nbsp;&nbsp;<span class=\"simcal-event-start simcal-event-start-time\" data-event-start=\"1779292800\" data-event-format=\"G\\hi\" itemprop=\"startDate\" content=\"2026-05-20T18:00:00+02:00\">18h00<\/span> - <span class=\"simcal-event-end simcal-event-end-time\" data-event-end=\"1779295500\" data-event-format=\"G\\hi\" itemprop=\"endDate\" content=\"2026-05-20T18:45:00+02:00\">18h45<\/span><br \/>\n <span class=\"simcal-event-address simcal-event-start-location\" itemprop=\"location\" itemscope itemtype=\"http:\/\/schema.org\/Place\"><meta itemprop=\"name\" content=\"Studiengruppe Basel, Elisabethenanlage 25, 4051 Basel\" \/><meta itemprop=\"address\" content=\"Studiengruppe Basel, Elisabethenanlage 25, 4051 Basel\" \/>Studiengruppe Basel, Elisabethenanlage 25, 4051 Basel<\/span><\/p>\n<div><div class=\"simcal-event-description\" itemprop=\"description\"><p>Der Ton der Seele<\/p>\n<\/div><\/div>\n<p>&nbsp;<\/p><\/div>\n\t<\/li>\n<\/ul>\n\n<\/dd>\n\t<dt class=\"simcal-day-label\" style=\"border-bottom: 1px solid #f2cf6f;\" ><span style=\"background-color: #f2cf6f; color: #000000;\"><span class=\"simcal-date-format\" data-date-format=\"j F Y\">22 mai 2026<\/span> <\/span><\/dt>\n<dd class=\"simcal-weekday-5 simcal-past simcal-day simcal-day-has-events simcal-day-has-1-events simcal-events-calendar-8867\" data-events-count=\"1\">\n\t<ul class=\"simcal-events\">\n\t<li class=\"simcal-event simcal-event-has-location simcal-events-calendar-8867\" style=\"\" itemscope itemtype=\"http:\/\/schema.org\/Event\" data-start=\"1779474600\">\n\t\t<div class=\"simcal-event-details\"><p><strong><span class=\"simcal-event-title\" itemprop=\"name\">Sperimenta lo HU, il Suono dell&#039;Anima<\/span><\/strong><\/p>\n<p><span class=\"simcal-event-start simcal-event-start-date\" data-event-start=\"1779474600\" data-event-format=\"j F Y\" itemprop=\"startDate\" content=\"2026-05-22T20:30:00+02:00\">22 mai 2026<\/span>&nbsp;&nbsp;<span class=\"simcal-event-start simcal-event-start-time\" data-event-start=\"1779474600\" data-event-format=\"G\\hi\" itemprop=\"startDate\" content=\"2026-05-22T20:30:00+02:00\">20h30<\/span> - <span class=\"simcal-event-end simcal-event-end-time\" data-event-end=\"1779477300\" data-event-format=\"G\\hi\" itemprop=\"endDate\" content=\"2026-05-22T21:15:00+02:00\">21h15<\/span><br \/>\n <span class=\"simcal-event-address simcal-event-start-location\" itemprop=\"location\" itemscope itemtype=\"http:\/\/schema.org\/Place\"><meta itemprop=\"name\" content=\"Gruppo di studio Lugano, Via al Fiume 8, 6807 Taverne\" \/><meta itemprop=\"address\" content=\"Gruppo di studio Lugano, Via al Fiume 8, 6807 Taverne\" \/>Gruppo di studio Lugano, Via al Fiume 8, 6807 Taverne<\/span><\/p>\n<div><div class=\"simcal-event-description\" itemprop=\"description\"><p>Il Suono dell'Anima <\/p>\n<\/div><\/div>\n<p>&nbsp;<\/p><\/div>\n\t<\/li>\n<\/ul>\n\n<\/dd>\n<\/dl><div class=\"simcal-ajax-loader simcal-spinner-top\" style=\"display: none;\"><i class=\"simcal-icon-spinner simcal-icon-spin\"><\/i><\/div><\/div><\/div>\n\t<h4><img loading=\"lazy\" decoding=\"async\" src=\"https:\/\/2020.eckankar.ch\/wp-content\/uploads\/2023\/09\/Spiritual-Inspiration-image-272x300.jpg\" alt=\"\" width=\"419\" height=\"462\"\/><\/h4>\n<h2>Pour vous d&rsquo;Eckankar &#8211; inspiration spirituelle<\/h2>\n<p>&nbsp;<\/p>\n<p><strong>Qu&rsquo;est-ce qui vous inspire ?<\/strong><\/p>\n<p>ECKSoulAdventure.org propose d&rsquo;autres aventures ECK de l&rsquo;\u00c2me: des podcasts inspirants, des histoires de rencontres avec le Divin, de l&rsquo;art spirituel \u00e9levant et bien plus encore.<\/p>\n<p>Explorez les nombreux diff\u00e9rents points de vue sur la Voie de la libert\u00e9 spirituelle.<\/p>\n<p><a href=\"https:\/\/www.eckankar.org\/eck-soul-adventure\/\">D\u00e9couvrez d\u00e8s maintenant votre aventure de l&rsquo;\u00c2me ECK (anglais) &gt;<\/a><\/p>\n\t<p>Le guide des aventures de l&rsquo;\u00c2me ECK &#8211; Sri Doug Kunin<\/p>\n<p>&nbsp;<\/p>\n<p>Parmi nous se trouvent des enseignants d&rsquo;une lign\u00e9e spirituelle tr\u00e8s ancienne &#8211; des adeptes qui ont ma\u00eetris\u00e9 les lois spirituelles de la vie et les appliquent en pens\u00e9es, paroles et actes. Ce sont les Ma\u00eetres ECK, des enseignants spirituels du plus haut niveau.<\/p>\n<p>A leur t\u00eate se trouve le MAHANTA et Ma\u00eetre ECK Vivant &#8211; actuellement Sri Doug Kunin. Il est le guide spirituel d&rsquo;Eckankar. En tant qu&rsquo;enseignant int\u00e9rieur et ext\u00e9rieur, sa mission est d&rsquo;\u00e9veiller la connaissance de Dieu d\u00e9j\u00e0pr\u00e9sente \u00e0 l&rsquo;int\u00e9rieur de vous.<\/p>\n<p>Faites connaissance de <a href=\"https:\/\/www.eckankar.org\/eck-master\/sri-doug-kunin\/\">Sri Doug Kunin<\/a> (en anglais).<\/p>\n<p>&nbsp;<\/p>\n<figure itemscope itemtype=\"https:\/\/schema.org\/ImageObject\">\n\t\t\t\t<img decoding=\"async\" src=\"https:\/\/2020.eckankar.ch\/wp-content\/uploads\/2026\/01\/ECK-Soul-Adventure-Guide-Sri-Doug_Only_75.png\" alt=\"ECK Soul Adventure Guide - Sri Doug_Only_75\" height=\"459\" width=\"417\" title=\"ECK Soul Adventure Guide - Sri Doug_Only_75\" onerror=\"this.style.display='none'\" loading=\"lazy\" \/>\n\t<\/figure>\n\t<p><img loading=\"lazy\" decoding=\"async\" src=\"https:\/\/2020.eckankar.ch\/wp-content\/uploads\/2023\/08\/Want-to-Go-Deeper-image-300x273.jpg\" alt=\"\" width=\"454\" height=\"413\"\/><\/p>\n<h2>Voulez-vous en savoir plus ?<\/h2>\n<p>&nbsp;<\/p>\n<strong>Cours ECK pour une vie spirituelle avanc\u00e9e<\/strong><br \/>\nLe programme d&rsquo;\u00e9tudes d&rsquo;ECKANKAR est un guide pour votre voyage vers la connaissance de soi, la connaissance de Dieu et au-del\u00e0.\n<p>Apprenez \u00e0 comprendre les forces spirituelles qui fa\u00e7onnent votre vie quotidienne. Reconnaissez la valeur divine de chaque instant. <\/p>\n<p>En tant qu&rsquo;\u00c2me, vous avez d\u00e9j\u00e0 la connaissance de Dieu en vous !<\/p>\n<p><a href=\"https:\/\/2020.eckankar.ch\/fr\/vie-spirituelle-avancee\/\">Commencez votre voyage &gt;<\/a><\/p>\n<p>&nbsp;<\/p>\n\n","protected":false},"excerpt":{"rendered":"<p>ECKANKAR La voie de la libert\u00e9 spirituelle Bienvenue Cherchez-vous des r\u00e9ponses \u00e0 vos questions sur la vie ? Cherchez-vous une connexion plus profonde avec Dieu et l&rsquo;Esprit divin ? Eckankar, la voie de la libert\u00e9 spirituelle, vous guidera dans votre voyage de retour vers votre foyer spirituel. En Eckankar, vous apprendrez \u00e0 pratiquer des exercices&hellip;<\/p>\n","protected":false},"author":4,"featured_media":0,"parent":0,"menu_order":0,"comment_status":"closed","ping_status":"closed","template":"","meta":{"_lmt_disableupdate":"","_lmt_disable":"","footnotes":""},"class_list":["post-10623","page","type-page","status-publish","hentry"],"yoast_head":"<!-- This site is optimized with the Yoast SEO plugin v27.6 - https:\/\/yoast.com\/product\/yoast-seo-wordpress\/ -->\n<title>Accueil Eckankar CH - Eckankar in Switzerland<\/title>\n<meta name=\"robots\" content=\"index, follow, max-snippet:-1, max-image-preview:large, max-video-preview:-1\" \/>\n<link rel=\"canonical\" href=\"https:\/\/2020.eckankar.ch\/fr\/\" \/>\n<meta property=\"og:locale\" content=\"fr_FR\" \/>\n<meta property=\"og:type\" content=\"article\" \/>\n<meta property=\"og:title\" content=\"Accueil Eckankar CH - Eckankar in Switzerland\" \/>\n<meta property=\"og:description\" content=\"ECKANKAR La voie de la libert\u00e9 spirituelle Bienvenue Cherchez-vous des r\u00e9ponses \u00e0 vos questions sur la vie ? Cherchez-vous une connexion plus profonde avec Dieu et l&rsquo;Esprit divin ? Eckankar, la voie de la libert\u00e9 spirituelle, vous guidera dans votre voyage de retour vers votre foyer spirituel. En Eckankar, vous apprendrez \u00e0 pratiquer des exercices&hellip;\" \/>\n<meta property=\"og:url\" content=\"https:\/\/2020.eckankar.ch\/fr\/\" \/>\n<meta property=\"og:site_name\" content=\"Eckankar in Switzerland\" \/>\n<meta property=\"article:modified_time\" content=\"2026-04-15T17:54:23+00:00\" \/>\n<meta property=\"og:image\" content=\"https:\/\/2020.eckankar.ch\/wp-content\/uploads\/2026\/03\/2026_Lebenskraftmesse-Bild-fuer-Webseite.jpg\" \/>\n<meta name=\"twitter:card\" content=\"summary_large_image\" \/>\n<meta name=\"twitter:label1\" content=\"Dur\u00e9e de lecture estim\u00e9e\" \/>\n\t<meta name=\"twitter:data1\" content=\"3 minutes\" \/>\n<script type=\"application\/ld+json\" class=\"yoast-schema-graph\">{\"@context\":\"https:\\\/\\\/schema.org\",\"@graph\":[{\"@type\":\"WebPage\",\"@id\":\"https:\\\/\\\/2020.eckankar.ch\\\/fr\\\/\",\"url\":\"https:\\\/\\\/2020.eckankar.ch\\\/fr\\\/\",\"name\":\"Accueil Eckankar CH - Eckankar in Switzerland\",\"isPartOf\":{\"@id\":\"https:\\\/\\\/2020.eckankar.ch\\\/fr\\\/#website\"},\"primaryImageOfPage\":{\"@id\":\"https:\\\/\\\/2020.eckankar.ch\\\/fr\\\/#primaryimage\"},\"image\":{\"@id\":\"https:\\\/\\\/2020.eckankar.ch\\\/fr\\\/#primaryimage\"},\"thumbnailUrl\":\"https:\\\/\\\/2020.eckankar.ch\\\/wp-content\\\/uploads\\\/2026\\\/03\\\/2026_Lebenskraftmesse-Bild-fuer-Webseite.jpg\",\"datePublished\":\"2024-05-03T14:37:12+00:00\",\"dateModified\":\"2026-04-15T17:54:23+00:00\",\"breadcrumb\":{\"@id\":\"https:\\\/\\\/2020.eckankar.ch\\\/fr\\\/#breadcrumb\"},\"inLanguage\":\"fr-FR\",\"potentialAction\":[{\"@type\":\"ReadAction\",\"target\":[\"https:\\\/\\\/2020.eckankar.ch\\\/fr\\\/\"]}]},{\"@type\":\"ImageObject\",\"inLanguage\":\"fr-FR\",\"@id\":\"https:\\\/\\\/2020.eckankar.ch\\\/fr\\\/#primaryimage\",\"url\":\"https:\\\/\\\/2020.eckankar.ch\\\/wp-content\\\/uploads\\\/2026\\\/03\\\/2026_Lebenskraftmesse-Bild-fuer-Webseite.jpg\",\"contentUrl\":\"https:\\\/\\\/2020.eckankar.ch\\\/wp-content\\\/uploads\\\/2026\\\/03\\\/2026_Lebenskraftmesse-Bild-fuer-Webseite.jpg\"},{\"@type\":\"BreadcrumbList\",\"@id\":\"https:\\\/\\\/2020.eckankar.ch\\\/fr\\\/#breadcrumb\",\"itemListElement\":[{\"@type\":\"ListItem\",\"position\":1,\"name\":\"Home\",\"item\":\"https:\\\/\\\/2020.eckankar.ch\\\/fr\\\/\"},{\"@type\":\"ListItem\",\"position\":2,\"name\":\"Accueil Eckankar CH\"}]},{\"@type\":\"WebSite\",\"@id\":\"https:\\\/\\\/2020.eckankar.ch\\\/fr\\\/#website\",\"url\":\"https:\\\/\\\/2020.eckankar.ch\\\/fr\\\/\",\"name\":\"Eckankar in Switzerland\",\"description\":\"The path of Spiritual Freedom\",\"publisher\":{\"@id\":\"https:\\\/\\\/2020.eckankar.ch\\\/fr\\\/#organization\"},\"potentialAction\":[{\"@type\":\"SearchAction\",\"target\":{\"@type\":\"EntryPoint\",\"urlTemplate\":\"https:\\\/\\\/2020.eckankar.ch\\\/fr\\\/?s={search_term_string}\"},\"query-input\":{\"@type\":\"PropertyValueSpecification\",\"valueRequired\":true,\"valueName\":\"search_term_string\"}}],\"inLanguage\":\"fr-FR\"},{\"@type\":\"Organization\",\"@id\":\"https:\\\/\\\/2020.eckankar.ch\\\/fr\\\/#organization\",\"name\":\"Eckankar\",\"url\":\"https:\\\/\\\/2020.eckankar.ch\\\/fr\\\/\",\"logo\":{\"@type\":\"ImageObject\",\"inLanguage\":\"fr-FR\",\"@id\":\"https:\\\/\\\/2020.eckankar.ch\\\/fr\\\/#\\\/schema\\\/logo\\\/image\\\/\",\"url\":\"https:\\\/\\\/2020.eckankar.ch\\\/wp-content\\\/uploads\\\/2018\\\/05\\\/logo_en.png\",\"contentUrl\":\"https:\\\/\\\/2020.eckankar.ch\\\/wp-content\\\/uploads\\\/2018\\\/05\\\/logo_en.png\",\"width\":288,\"height\":100,\"caption\":\"Eckankar\"},\"image\":{\"@id\":\"https:\\\/\\\/2020.eckankar.ch\\\/fr\\\/#\\\/schema\\\/logo\\\/image\\\/\"}}]}<\/script>\n<!-- \/ Yoast SEO plugin. -->","yoast_head_json":{"title":"Accueil Eckankar CH - Eckankar in Switzerland","robots":{"index":"index","follow":"follow","max-snippet":"max-snippet:-1","max-image-preview":"max-image-preview:large","max-video-preview":"max-video-preview:-1"},"canonical":"https:\/\/2020.eckankar.ch\/fr\/","og_locale":"fr_FR","og_type":"article","og_title":"Accueil Eckankar CH - Eckankar in Switzerland","og_description":"ECKANKAR La voie de la libert\u00e9 spirituelle Bienvenue Cherchez-vous des r\u00e9ponses \u00e0 vos questions sur la vie ? Cherchez-vous une connexion plus profonde avec Dieu et l&rsquo;Esprit divin ? Eckankar, la voie de la libert\u00e9 spirituelle, vous guidera dans votre voyage de retour vers votre foyer spirituel. En Eckankar, vous apprendrez \u00e0 pratiquer des exercices&hellip;","og_url":"https:\/\/2020.eckankar.ch\/fr\/","og_site_name":"Eckankar in Switzerland","article_modified_time":"2026-04-15T17:54:23+00:00","og_image":[{"url":"https:\/\/2020.eckankar.ch\/wp-content\/uploads\/2026\/03\/2026_Lebenskraftmesse-Bild-fuer-Webseite.jpg","type":"","width":"","height":""}],"twitter_card":"summary_large_image","twitter_misc":{"Dur\u00e9e de lecture estim\u00e9e":"3 minutes"},"schema":{"@context":"https:\/\/schema.org","@graph":[{"@type":"WebPage","@id":"https:\/\/2020.eckankar.ch\/fr\/","url":"https:\/\/2020.eckankar.ch\/fr\/","name":"Accueil Eckankar CH - Eckankar in Switzerland","isPartOf":{"@id":"https:\/\/2020.eckankar.ch\/fr\/#website"},"primaryImageOfPage":{"@id":"https:\/\/2020.eckankar.ch\/fr\/#primaryimage"},"image":{"@id":"https:\/\/2020.eckankar.ch\/fr\/#primaryimage"},"thumbnailUrl":"https:\/\/2020.eckankar.ch\/wp-content\/uploads\/2026\/03\/2026_Lebenskraftmesse-Bild-fuer-Webseite.jpg","datePublished":"2024-05-03T14:37:12+00:00","dateModified":"2026-04-15T17:54:23+00:00","breadcrumb":{"@id":"https:\/\/2020.eckankar.ch\/fr\/#breadcrumb"},"inLanguage":"fr-FR","potentialAction":[{"@type":"ReadAction","target":["https:\/\/2020.eckankar.ch\/fr\/"]}]},{"@type":"ImageObject","inLanguage":"fr-FR","@id":"https:\/\/2020.eckankar.ch\/fr\/#primaryimage","url":"https:\/\/2020.eckankar.ch\/wp-content\/uploads\/2026\/03\/2026_Lebenskraftmesse-Bild-fuer-Webseite.jpg","contentUrl":"https:\/\/2020.eckankar.ch\/wp-content\/uploads\/2026\/03\/2026_Lebenskraftmesse-Bild-fuer-Webseite.jpg"},{"@type":"BreadcrumbList","@id":"https:\/\/2020.eckankar.ch\/fr\/#breadcrumb","itemListElement":[{"@type":"ListItem","position":1,"name":"Home","item":"https:\/\/2020.eckankar.ch\/fr\/"},{"@type":"ListItem","position":2,"name":"Accueil Eckankar CH"}]},{"@type":"WebSite","@id":"https:\/\/2020.eckankar.ch\/fr\/#website","url":"https:\/\/2020.eckankar.ch\/fr\/","name":"Eckankar in Switzerland","description":"The path of Spiritual Freedom","publisher":{"@id":"https:\/\/2020.eckankar.ch\/fr\/#organization"},"potentialAction":[{"@type":"SearchAction","target":{"@type":"EntryPoint","urlTemplate":"https:\/\/2020.eckankar.ch\/fr\/?s={search_term_string}"},"query-input":{"@type":"PropertyValueSpecification","valueRequired":true,"valueName":"search_term_string"}}],"inLanguage":"fr-FR"},{"@type":"Organization","@id":"https:\/\/2020.eckankar.ch\/fr\/#organization","name":"Eckankar","url":"https:\/\/2020.eckankar.ch\/fr\/","logo":{"@type":"ImageObject","inLanguage":"fr-FR","@id":"https:\/\/2020.eckankar.ch\/fr\/#\/schema\/logo\/image\/","url":"https:\/\/2020.eckankar.ch\/wp-content\/uploads\/2018\/05\/logo_en.png","contentUrl":"https:\/\/2020.eckankar.ch\/wp-content\/uploads\/2018\/05\/logo_en.png","width":288,"height":100,"caption":"Eckankar"},"image":{"@id":"https:\/\/2020.eckankar.ch\/fr\/#\/schema\/logo\/image\/"}}]}},"_links":{"self":[{"href":"https:\/\/2020.eckankar.ch\/fr\/wp-json\/wp\/v2\/pages\/10623","targetHints":{"allow":["GET"]}}],"collection":[{"href":"https:\/\/2020.eckankar.ch\/fr\/wp-json\/wp\/v2\/pages"}],"about":[{"href":"https:\/\/2020.eckankar.ch\/fr\/wp-json\/wp\/v2\/types\/page"}],"author":[{"embeddable":true,"href":"https:\/\/2020.eckankar.ch\/fr\/wp-json\/wp\/v2\/users\/4"}],"replies":[{"embeddable":true,"href":"https:\/\/2020.eckankar.ch\/fr\/wp-json\/wp\/v2\/comments?post=10623"}],"version-history":[{"count":15,"href":"https:\/\/2020.eckankar.ch\/fr\/wp-json\/wp\/v2\/pages\/10623\/revisions"}],"predecessor-version":[{"id":12251,"href":"https:\/\/2020.eckankar.ch\/fr\/wp-json\/wp\/v2\/pages\/10623\/revisions\/12251"}],"wp:attachment":[{"href":"https:\/\/2020.eckankar.ch\/fr\/wp-json\/wp\/v2\/media?parent=10623"}],"curies":[{"name":"wp","href":"https:\/\/api.w.org\/{rel}","templated":true}]}}