{"id":10651,"date":"2024-07-25T17:59:55","date_gmt":"2024-07-25T15:59:55","guid":{"rendered":"https:\/\/2020.eckankar.ch\/page-de-destination-initiee\/"},"modified":"2025-10-14T18:27:38","modified_gmt":"2025-10-14T16:27:38","slug":"page-de-destination-initiee","status":"publish","type":"page","link":"https:\/\/2020.eckankar.ch\/fr\/page-de-destination-initiee\/","title":{"rendered":"Page de destination initi\u00e9e"},"content":{"rendered":"\n\n\t<h2>Pages pour les initi\u00e9s<\/h2>\nCes pages sont destin\u00e9es \u00e0 ceux qui se sont inscrits aux cours pour une vie spirituelle en Eckankar.<br \/>\nToute personne int\u00e9ress\u00e9e est la bienvenue pour explorer les avantages des cours et des initiations ECK.\n<p>Vous pouvez <a href=\"https:\/\/www.eckankar.org\/membership-start\/\">vous inscrire ici<\/a>.<\/p>\n\t\t\t\t<img decoding=\"async\" src=\"https:\/\/2020.eckankar.ch\/wp-content\/uploads\/2018\/03\/gold.jpg\" alt=\"gold\"\/>\n\t\t\t<h3>Veranstaltungen \u00c9v\u00e9nements Eventi<\/h3>\n\t\t<a href=\"https:\/\/2020.eckankar.ch\/fr\/toutes-les-regions\/\" target=\"_blank\" rel=\"noopener\" aria-label=\"Go to https:\/\/2020.eckankar.ch\/fr\/toutes-les-regions\/\"><\/a>\n\t\t\t\t<img decoding=\"async\" src=\"https:\/\/2020.eckankar.ch\/wp-content\/uploads\/2018\/03\/gold.jpg\" alt=\"gold\"\/>\n\t\t\t<h2>Pages prot\u00e9g\u00e9es par un mot de passe<\/h2>\n\t\t<a href=\"https:\/\/2020.eckankar.ch\/fr\/page-des-membres_nouveau\/\" target=\"_blank\" rel=\"noopener\" aria-label=\"Go to https:\/\/2020.eckankar.ch\/fr\/page-des-membres_nouveau\/\"><\/a>\n\t\t\t\t<img decoding=\"async\" src=\"https:\/\/2020.eckankar.ch\/wp-content\/uploads\/2018\/03\/gold.jpg\" alt=\"gold\"\/>\n\t\t\t<h2>Les c\u00e9l\u00e9brations ECK de la vie<\/h2>\n\t\t<a href=\"https:\/\/2020.eckankar.ch\/fr\/celebrations-dangle-au-cours-de-la-vie\/\" target=\"_blank\" rel=\"noopener\" aria-label=\"Go to https:\/\/2020.eckankar.ch\/fr\/celebrations-dangle-au-cours-de-la-vie\/\"><\/a>\n\n","protected":false},"excerpt":{"rendered":"<p>Pages pour les initi\u00e9s Ces pages sont destin\u00e9es \u00e0 ceux qui se sont inscrits aux cours pour une vie spirituelle en Eckankar. Toute personne int\u00e9ress\u00e9e est la bienvenue pour explorer les avantages des cours et des initiations ECK. Vous pouvez vous inscrire ici. Veranstaltungen \u00c9v\u00e9nements Eventi Pages prot\u00e9g\u00e9es par un mot de passe Les c\u00e9l\u00e9brations&hellip;<\/p>\n","protected":false},"author":12,"featured_media":0,"parent":0,"menu_order":0,"comment_status":"closed","ping_status":"closed","template":"","meta":{"_lmt_disableupdate":"","_lmt_disable":"","footnotes":""},"class_list":["post-10651","page","type-page","status-publish","hentry"],"yoast_head":"<!-- This site is optimized with the Yoast SEO plugin v27.6 - https:\/\/yoast.com\/product\/yoast-seo-wordpress\/ -->\n<title>Page de destination initi\u00e9e - Eckankar in Switzerland<\/title>\n<meta name=\"description\" content=\"Pages pour les initi\u00e9s \u00e0 Eckankar avec diverses informations et \u00e9v\u00e9nements non publics\" \/>\n<meta name=\"robots\" content=\"index, follow, max-snippet:-1, max-image-preview:large, max-video-preview:-1\" \/>\n<link rel=\"canonical\" href=\"https:\/\/2020.eckankar.ch\/fr\/page-de-destination-initiee\/\" \/>\n<meta property=\"og:locale\" content=\"fr_FR\" \/>\n<meta property=\"og:type\" content=\"article\" \/>\n<meta property=\"og:title\" content=\"Page de destination initi\u00e9e - Eckankar in Switzerland\" \/>\n<meta property=\"og:description\" content=\"Pages pour les initi\u00e9s \u00e0 Eckankar avec diverses informations et \u00e9v\u00e9nements non publics\" \/>\n<meta property=\"og:url\" content=\"https:\/\/2020.eckankar.ch\/fr\/page-de-destination-initiee\/\" \/>\n<meta property=\"og:site_name\" content=\"Eckankar in Switzerland\" \/>\n<meta property=\"article:modified_time\" content=\"2025-10-14T16:27:38+00:00\" \/>\n<meta property=\"og:image\" content=\"https:\/\/2020.eckankar.ch\/wp-content\/uploads\/2018\/03\/gold.jpg\" \/>\n<meta name=\"twitter:card\" content=\"summary_large_image\" \/>\n<script type=\"application\/ld+json\" class=\"yoast-schema-graph\">{\"@context\":\"https:\\\/\\\/schema.org\",\"@graph\":[{\"@type\":\"WebPage\",\"@id\":\"https:\\\/\\\/2020.eckankar.ch\\\/fr\\\/page-de-destination-initiee\\\/\",\"url\":\"https:\\\/\\\/2020.eckankar.ch\\\/fr\\\/page-de-destination-initiee\\\/\",\"name\":\"Page de destination initi\u00e9e - Eckankar in Switzerland\",\"isPartOf\":{\"@id\":\"https:\\\/\\\/2020.eckankar.ch\\\/fr\\\/#website\"},\"primaryImageOfPage\":{\"@id\":\"https:\\\/\\\/2020.eckankar.ch\\\/fr\\\/page-de-destination-initiee\\\/#primaryimage\"},\"image\":{\"@id\":\"https:\\\/\\\/2020.eckankar.ch\\\/fr\\\/page-de-destination-initiee\\\/#primaryimage\"},\"thumbnailUrl\":\"https:\\\/\\\/2020.eckankar.ch\\\/wp-content\\\/uploads\\\/2018\\\/03\\\/gold.jpg\",\"datePublished\":\"2024-07-25T15:59:55+00:00\",\"dateModified\":\"2025-10-14T16:27:38+00:00\",\"description\":\"Pages pour les initi\u00e9s \u00e0 Eckankar avec diverses informations et \u00e9v\u00e9nements non publics\",\"breadcrumb\":{\"@id\":\"https:\\\/\\\/2020.eckankar.ch\\\/fr\\\/page-de-destination-initiee\\\/#breadcrumb\"},\"inLanguage\":\"fr-FR\",\"potentialAction\":[{\"@type\":\"ReadAction\",\"target\":[\"https:\\\/\\\/2020.eckankar.ch\\\/fr\\\/page-de-destination-initiee\\\/\"]}]},{\"@type\":\"ImageObject\",\"inLanguage\":\"fr-FR\",\"@id\":\"https:\\\/\\\/2020.eckankar.ch\\\/fr\\\/page-de-destination-initiee\\\/#primaryimage\",\"url\":\"https:\\\/\\\/2020.eckankar.ch\\\/wp-content\\\/uploads\\\/2018\\\/03\\\/gold.jpg\",\"contentUrl\":\"https:\\\/\\\/2020.eckankar.ch\\\/wp-content\\\/uploads\\\/2018\\\/03\\\/gold.jpg\"},{\"@type\":\"BreadcrumbList\",\"@id\":\"https:\\\/\\\/2020.eckankar.ch\\\/fr\\\/page-de-destination-initiee\\\/#breadcrumb\",\"itemListElement\":[{\"@type\":\"ListItem\",\"position\":1,\"name\":\"Home\",\"item\":\"https:\\\/\\\/2020.eckankar.ch\\\/fr\\\/\"},{\"@type\":\"ListItem\",\"position\":2,\"name\":\"Page de destination initi\u00e9e\"}]},{\"@type\":\"WebSite\",\"@id\":\"https:\\\/\\\/2020.eckankar.ch\\\/fr\\\/#website\",\"url\":\"https:\\\/\\\/2020.eckankar.ch\\\/fr\\\/\",\"name\":\"Eckankar in Switzerland\",\"description\":\"The path of Spiritual Freedom\",\"publisher\":{\"@id\":\"https:\\\/\\\/2020.eckankar.ch\\\/fr\\\/#organization\"},\"potentialAction\":[{\"@type\":\"SearchAction\",\"target\":{\"@type\":\"EntryPoint\",\"urlTemplate\":\"https:\\\/\\\/2020.eckankar.ch\\\/fr\\\/?s={search_term_string}\"},\"query-input\":{\"@type\":\"PropertyValueSpecification\",\"valueRequired\":true,\"valueName\":\"search_term_string\"}}],\"inLanguage\":\"fr-FR\"},{\"@type\":\"Organization\",\"@id\":\"https:\\\/\\\/2020.eckankar.ch\\\/fr\\\/#organization\",\"name\":\"Eckankar\",\"url\":\"https:\\\/\\\/2020.eckankar.ch\\\/fr\\\/\",\"logo\":{\"@type\":\"ImageObject\",\"inLanguage\":\"fr-FR\",\"@id\":\"https:\\\/\\\/2020.eckankar.ch\\\/fr\\\/#\\\/schema\\\/logo\\\/image\\\/\",\"url\":\"https:\\\/\\\/2020.eckankar.ch\\\/wp-content\\\/uploads\\\/2018\\\/05\\\/logo_en.png\",\"contentUrl\":\"https:\\\/\\\/2020.eckankar.ch\\\/wp-content\\\/uploads\\\/2018\\\/05\\\/logo_en.png\",\"width\":288,\"height\":100,\"caption\":\"Eckankar\"},\"image\":{\"@id\":\"https:\\\/\\\/2020.eckankar.ch\\\/fr\\\/#\\\/schema\\\/logo\\\/image\\\/\"}}]}<\/script>\n<!-- \/ Yoast SEO plugin. -->","yoast_head_json":{"title":"Page de destination initi\u00e9e - Eckankar in Switzerland","description":"Pages pour les initi\u00e9s \u00e0 Eckankar avec diverses informations et \u00e9v\u00e9nements non publics","robots":{"index":"index","follow":"follow","max-snippet":"max-snippet:-1","max-image-preview":"max-image-preview:large","max-video-preview":"max-video-preview:-1"},"canonical":"https:\/\/2020.eckankar.ch\/fr\/page-de-destination-initiee\/","og_locale":"fr_FR","og_type":"article","og_title":"Page de destination initi\u00e9e - Eckankar in Switzerland","og_description":"Pages pour les initi\u00e9s \u00e0 Eckankar avec diverses informations et \u00e9v\u00e9nements non publics","og_url":"https:\/\/2020.eckankar.ch\/fr\/page-de-destination-initiee\/","og_site_name":"Eckankar in Switzerland","article_modified_time":"2025-10-14T16:27:38+00:00","og_image":[{"url":"https:\/\/2020.eckankar.ch\/wp-content\/uploads\/2018\/03\/gold.jpg","type":"","width":"","height":""}],"twitter_card":"summary_large_image","schema":{"@context":"https:\/\/schema.org","@graph":[{"@type":"WebPage","@id":"https:\/\/2020.eckankar.ch\/fr\/page-de-destination-initiee\/","url":"https:\/\/2020.eckankar.ch\/fr\/page-de-destination-initiee\/","name":"Page de destination initi\u00e9e - Eckankar in Switzerland","isPartOf":{"@id":"https:\/\/2020.eckankar.ch\/fr\/#website"},"primaryImageOfPage":{"@id":"https:\/\/2020.eckankar.ch\/fr\/page-de-destination-initiee\/#primaryimage"},"image":{"@id":"https:\/\/2020.eckankar.ch\/fr\/page-de-destination-initiee\/#primaryimage"},"thumbnailUrl":"https:\/\/2020.eckankar.ch\/wp-content\/uploads\/2018\/03\/gold.jpg","datePublished":"2024-07-25T15:59:55+00:00","dateModified":"2025-10-14T16:27:38+00:00","description":"Pages pour les initi\u00e9s \u00e0 Eckankar avec diverses informations et \u00e9v\u00e9nements non publics","breadcrumb":{"@id":"https:\/\/2020.eckankar.ch\/fr\/page-de-destination-initiee\/#breadcrumb"},"inLanguage":"fr-FR","potentialAction":[{"@type":"ReadAction","target":["https:\/\/2020.eckankar.ch\/fr\/page-de-destination-initiee\/"]}]},{"@type":"ImageObject","inLanguage":"fr-FR","@id":"https:\/\/2020.eckankar.ch\/fr\/page-de-destination-initiee\/#primaryimage","url":"https:\/\/2020.eckankar.ch\/wp-content\/uploads\/2018\/03\/gold.jpg","contentUrl":"https:\/\/2020.eckankar.ch\/wp-content\/uploads\/2018\/03\/gold.jpg"},{"@type":"BreadcrumbList","@id":"https:\/\/2020.eckankar.ch\/fr\/page-de-destination-initiee\/#breadcrumb","itemListElement":[{"@type":"ListItem","position":1,"name":"Home","item":"https:\/\/2020.eckankar.ch\/fr\/"},{"@type":"ListItem","position":2,"name":"Page de destination initi\u00e9e"}]},{"@type":"WebSite","@id":"https:\/\/2020.eckankar.ch\/fr\/#website","url":"https:\/\/2020.eckankar.ch\/fr\/","name":"Eckankar in Switzerland","description":"The path of Spiritual Freedom","publisher":{"@id":"https:\/\/2020.eckankar.ch\/fr\/#organization"},"potentialAction":[{"@type":"SearchAction","target":{"@type":"EntryPoint","urlTemplate":"https:\/\/2020.eckankar.ch\/fr\/?s={search_term_string}"},"query-input":{"@type":"PropertyValueSpecification","valueRequired":true,"valueName":"search_term_string"}}],"inLanguage":"fr-FR"},{"@type":"Organization","@id":"https:\/\/2020.eckankar.ch\/fr\/#organization","name":"Eckankar","url":"https:\/\/2020.eckankar.ch\/fr\/","logo":{"@type":"ImageObject","inLanguage":"fr-FR","@id":"https:\/\/2020.eckankar.ch\/fr\/#\/schema\/logo\/image\/","url":"https:\/\/2020.eckankar.ch\/wp-content\/uploads\/2018\/05\/logo_en.png","contentUrl":"https:\/\/2020.eckankar.ch\/wp-content\/uploads\/2018\/05\/logo_en.png","width":288,"height":100,"caption":"Eckankar"},"image":{"@id":"https:\/\/2020.eckankar.ch\/fr\/#\/schema\/logo\/image\/"}}]}},"_links":{"self":[{"href":"https:\/\/2020.eckankar.ch\/fr\/wp-json\/wp\/v2\/pages\/10651","targetHints":{"allow":["GET"]}}],"collection":[{"href":"https:\/\/2020.eckankar.ch\/fr\/wp-json\/wp\/v2\/pages"}],"about":[{"href":"https:\/\/2020.eckankar.ch\/fr\/wp-json\/wp\/v2\/types\/page"}],"author":[{"embeddable":true,"href":"https:\/\/2020.eckankar.ch\/fr\/wp-json\/wp\/v2\/users\/12"}],"replies":[{"embeddable":true,"href":"https:\/\/2020.eckankar.ch\/fr\/wp-json\/wp\/v2\/comments?post=10651"}],"version-history":[{"count":8,"href":"https:\/\/2020.eckankar.ch\/fr\/wp-json\/wp\/v2\/pages\/10651\/revisions"}],"predecessor-version":[{"id":11357,"href":"https:\/\/2020.eckankar.ch\/fr\/wp-json\/wp\/v2\/pages\/10651\/revisions\/11357"}],"wp:attachment":[{"href":"https:\/\/2020.eckankar.ch\/fr\/wp-json\/wp\/v2\/media?parent=10651"}],"curies":[{"name":"wp","href":"https:\/\/api.w.org\/{rel}","templated":true}]}}