{"id":10655,"date":"2018-03-26T13:20:04","date_gmt":"2018-03-26T11:20:04","guid":{"rendered":"https:\/\/2020.eckankar.ch\/le-son-de-lame\/"},"modified":"2025-09-21T17:44:22","modified_gmt":"2025-09-21T15:44:22","slug":"le-son-de-lame","status":"publish","type":"page","link":"https:\/\/2020.eckankar.ch\/fr\/le-son-de-lame\/","title":{"rendered":"Le Son de l&rsquo;\u00c2me"},"content":{"rendered":"\n\n\t<header>\n<h3>HU &#8211; Un chant d&rsquo;amour \u00e0 Dieu<\/h3>\n<\/header>\n\u00ab\u00a0Aux cieux et sur terre, il n&rsquo;existe nulle part de nom plus puissant que HU. Il a le pouvoir d&rsquo;\u00e9lever le c\u0153ur rempli de chagrin jusqu&rsquo;au temple de consolation. C&rsquo;est un compagnon dans les difficult\u00e9s, mais aussi un ami dans la prosp\u00e9rit\u00e9. Et comment s&rsquo;en \u00e9tonner puisque HU constitue, pour l&rsquo;\u00c2me, le don de Dieu le plus pr\u00e9cieux\u00a0\u00bb.\n<p>&#8211; Harold Klemp, <em>HU, L<\/em><em>a plus belle des pri\u00e8res<\/em>, p. 3-4<\/p>\n<h3>D\u00e9couvrez HU par vous-m\u00eame<\/h3>\n<p>Quelles que soient vos croyances ou votre religion, vous \u00eates invit\u00e9 \u00e0 chanter HU et \u00e0 laisser l&rsquo;amour inconditionnel entrer dans votre c\u0153ur. Les yeux ouverts ou ferm\u00e9s, respirez profond\u00e9ment \u00e0 plusieurs reprises pour vous d\u00e9tendre. Chantez ensuite HU (prononcez \u00ab\u00a0hiuuuu\u00a0\u00bb). Chantez ensuite HU sur une longue note, pendant vingt minutes maximum. Chanter HU avec un c\u0153ur ouvert peut vous aider \u00e0 atteindre un \u00e9tat de conscience plus \u00e9lev\u00e9.<\/p>\n<h3>Chant du HU en groupe<\/h3>\n<p>Des activit\u00e9s du \u00ab\u00a0Son de l&rsquo;\u00c2me\u00a0\u00bb ou des \u00ab\u00a0Offices ECK de la Lumi\u00e8re et du Son\u00a0\u00bb ont lieu r\u00e9guli\u00e8rement dans diff\u00e9rents endroits et en ligne. Les visiteurs sont les bienvenus. Vous trouverez les dates et lieux <a href=\"https:\/\/2020.eckankar.ch\/fr\/evenements-eck-nouveau\/\">ici<\/a> ou envoyez un mail \u00e0 <a href=\"mailto:info@eckankar.ch\">info@eckankar.ch<\/a><\/p>\n\t\t\t\t<img decoding=\"async\" src=\"https:\/\/2020.eckankar.ch\/wp-content\/uploads\/2023\/04\/HU-Icon.jpg\" alt=\"HU Icon\" itemprop=\"image\" height=\"2199\" width=\"2253\" title=\"HU Icon\" onerror=\"this.style.display='none'\" loading=\"lazy\" \/>\n<h3>\n\t\t\tVid\u00e9o\t<\/h3>\n\t<iframe loading=\"lazy\" width=\"337\" height=\"190\" \n    src=\"https:\/\/www.youtube.com\/embed\/yCUFbFuRHYg?list=RDyCUFbFuRHYg&#038;start_radio=1&#038;rel=0\" \n    frameborder=\"0\" \n    allowfullscreen>\n<\/iframe>\n\t<p>(3 min., 34 sec.)<\/p>\n<h3>\n\t\t\tAudio\t<\/h3>\n\t<p>\u00c9coutez un chant du <a href=\"https:\/\/www.eckankar.org\/experience\/hu-the-sound-of-soul\/\" target=\"_blank\" rel=\"noopener\">HU chant\u00e9<\/a> par de nombreuses personnes.<\/p>\n<h3>\n\t\t\tAPP\t<\/h3>\n\t\t\t\t<img decoding=\"async\" src=\"https:\/\/2020.eckankar.ch\/wp-content\/uploads\/2018\/04\/HU-App_Mobile.jpg\" alt=\"HU-App_Mobile\" itemprop=\"image\" height=\"567\" width=\"317\" title=\"HU-App_Mobile\" onerror=\"this.style.display='none'\" loading=\"lazy\" \/>\n\t<p>Vous pouvez t\u00e9l\u00e9charger ici l&rsquo;<a href=\"https:\/\/www.eckankar.org\/experience\/hu-the-sound-of-soul\/\" target=\"_blank\" rel=\"noopener\">application<\/a> gratuite pour Android et Apple (en anglais). Faites d\u00e9filer la page vers le bas.<\/p>\n\t<p><a href=\"http:\/\/www.eckankar.org\/experience\/hu-the-sound-of-soul\/\" target=\"_blank\" rel=\"noopener\">En savoir plus<\/a> en anglais<\/p>\n\n","protected":false},"excerpt":{"rendered":"<p>HU &#8211; Un chant d&rsquo;amour \u00e0 Dieu \u00ab\u00a0Aux cieux et sur terre, il n&rsquo;existe nulle part de nom plus puissant que HU. Il a le pouvoir d&rsquo;\u00e9lever le c\u0153ur rempli de chagrin jusqu&rsquo;au temple de consolation. C&rsquo;est un compagnon dans les difficult\u00e9s, mais aussi un ami dans la prosp\u00e9rit\u00e9. Et comment s&rsquo;en \u00e9tonner puisque HU&hellip;<\/p>\n","protected":false},"author":9,"featured_media":0,"parent":0,"menu_order":0,"comment_status":"closed","ping_status":"closed","template":"","meta":{"_lmt_disableupdate":"","_lmt_disable":"","footnotes":""},"class_list":["post-10655","page","type-page","status-publish","hentry"],"yoast_head":"<!-- This site is optimized with the Yoast SEO plugin v27.6 - https:\/\/yoast.com\/product\/yoast-seo-wordpress\/ -->\n<title>Le Son de l&#039;\u00c2me - Eckankar in Switzerland<\/title>\n<meta name=\"robots\" content=\"index, follow, max-snippet:-1, max-image-preview:large, max-video-preview:-1\" \/>\n<link rel=\"canonical\" href=\"https:\/\/2020.eckankar.ch\/fr\/le-son-de-lame\/\" \/>\n<meta property=\"og:locale\" content=\"fr_FR\" \/>\n<meta property=\"og:type\" content=\"article\" \/>\n<meta property=\"og:title\" content=\"Le Son de l&#039;\u00c2me - Eckankar in Switzerland\" \/>\n<meta property=\"og:description\" content=\"HU &#8211; Un chant d&rsquo;amour \u00e0 Dieu \u00ab\u00a0Aux cieux et sur terre, il n&rsquo;existe nulle part de nom plus puissant que HU. Il a le pouvoir d&rsquo;\u00e9lever le c\u0153ur rempli de chagrin jusqu&rsquo;au temple de consolation. C&rsquo;est un compagnon dans les difficult\u00e9s, mais aussi un ami dans la prosp\u00e9rit\u00e9. Et comment s&rsquo;en \u00e9tonner puisque HU&hellip;\" \/>\n<meta property=\"og:url\" content=\"https:\/\/2020.eckankar.ch\/fr\/le-son-de-lame\/\" \/>\n<meta property=\"og:site_name\" content=\"Eckankar in Switzerland\" \/>\n<meta property=\"article:modified_time\" content=\"2025-09-21T15:44:22+00:00\" \/>\n<meta property=\"og:image\" content=\"https:\/\/2020.eckankar.ch\/wp-content\/uploads\/2023\/04\/HU-Icon.jpg\" \/>\n<meta name=\"twitter:card\" content=\"summary_large_image\" \/>\n<meta name=\"twitter:label1\" content=\"Dur\u00e9e de lecture estim\u00e9e\" \/>\n\t<meta name=\"twitter:data1\" content=\"1 minute\" \/>\n<script type=\"application\/ld+json\" class=\"yoast-schema-graph\">{\"@context\":\"https:\\\/\\\/schema.org\",\"@graph\":[{\"@type\":\"WebPage\",\"@id\":\"https:\\\/\\\/2020.eckankar.ch\\\/fr\\\/le-son-de-lame\\\/\",\"url\":\"https:\\\/\\\/2020.eckankar.ch\\\/fr\\\/le-son-de-lame\\\/\",\"name\":\"Le Son de l'\u00c2me - Eckankar in Switzerland\",\"isPartOf\":{\"@id\":\"https:\\\/\\\/2020.eckankar.ch\\\/fr\\\/#website\"},\"primaryImageOfPage\":{\"@id\":\"https:\\\/\\\/2020.eckankar.ch\\\/fr\\\/le-son-de-lame\\\/#primaryimage\"},\"image\":{\"@id\":\"https:\\\/\\\/2020.eckankar.ch\\\/fr\\\/le-son-de-lame\\\/#primaryimage\"},\"thumbnailUrl\":\"https:\\\/\\\/2020.eckankar.ch\\\/wp-content\\\/uploads\\\/2023\\\/04\\\/HU-Icon.jpg\",\"datePublished\":\"2018-03-26T11:20:04+00:00\",\"dateModified\":\"2025-09-21T15:44:22+00:00\",\"breadcrumb\":{\"@id\":\"https:\\\/\\\/2020.eckankar.ch\\\/fr\\\/le-son-de-lame\\\/#breadcrumb\"},\"inLanguage\":\"fr-FR\",\"potentialAction\":[{\"@type\":\"ReadAction\",\"target\":[\"https:\\\/\\\/2020.eckankar.ch\\\/fr\\\/le-son-de-lame\\\/\"]}]},{\"@type\":\"ImageObject\",\"inLanguage\":\"fr-FR\",\"@id\":\"https:\\\/\\\/2020.eckankar.ch\\\/fr\\\/le-son-de-lame\\\/#primaryimage\",\"url\":\"https:\\\/\\\/2020.eckankar.ch\\\/wp-content\\\/uploads\\\/2023\\\/04\\\/HU-Icon.jpg\",\"contentUrl\":\"https:\\\/\\\/2020.eckankar.ch\\\/wp-content\\\/uploads\\\/2023\\\/04\\\/HU-Icon.jpg\"},{\"@type\":\"BreadcrumbList\",\"@id\":\"https:\\\/\\\/2020.eckankar.ch\\\/fr\\\/le-son-de-lame\\\/#breadcrumb\",\"itemListElement\":[{\"@type\":\"ListItem\",\"position\":1,\"name\":\"Home\",\"item\":\"https:\\\/\\\/2020.eckankar.ch\\\/fr\\\/\"},{\"@type\":\"ListItem\",\"position\":2,\"name\":\"Le Son de l&rsquo;\u00c2me\"}]},{\"@type\":\"WebSite\",\"@id\":\"https:\\\/\\\/2020.eckankar.ch\\\/fr\\\/#website\",\"url\":\"https:\\\/\\\/2020.eckankar.ch\\\/fr\\\/\",\"name\":\"Eckankar in Switzerland\",\"description\":\"The path of Spiritual Freedom\",\"publisher\":{\"@id\":\"https:\\\/\\\/2020.eckankar.ch\\\/fr\\\/#organization\"},\"potentialAction\":[{\"@type\":\"SearchAction\",\"target\":{\"@type\":\"EntryPoint\",\"urlTemplate\":\"https:\\\/\\\/2020.eckankar.ch\\\/fr\\\/?s={search_term_string}\"},\"query-input\":{\"@type\":\"PropertyValueSpecification\",\"valueRequired\":true,\"valueName\":\"search_term_string\"}}],\"inLanguage\":\"fr-FR\"},{\"@type\":\"Organization\",\"@id\":\"https:\\\/\\\/2020.eckankar.ch\\\/fr\\\/#organization\",\"name\":\"Eckankar\",\"url\":\"https:\\\/\\\/2020.eckankar.ch\\\/fr\\\/\",\"logo\":{\"@type\":\"ImageObject\",\"inLanguage\":\"fr-FR\",\"@id\":\"https:\\\/\\\/2020.eckankar.ch\\\/fr\\\/#\\\/schema\\\/logo\\\/image\\\/\",\"url\":\"https:\\\/\\\/2020.eckankar.ch\\\/wp-content\\\/uploads\\\/2018\\\/05\\\/logo_en.png\",\"contentUrl\":\"https:\\\/\\\/2020.eckankar.ch\\\/wp-content\\\/uploads\\\/2018\\\/05\\\/logo_en.png\",\"width\":288,\"height\":100,\"caption\":\"Eckankar\"},\"image\":{\"@id\":\"https:\\\/\\\/2020.eckankar.ch\\\/fr\\\/#\\\/schema\\\/logo\\\/image\\\/\"}}]}<\/script>\n<!-- \/ Yoast SEO plugin. -->","yoast_head_json":{"title":"Le Son de l'\u00c2me - Eckankar in Switzerland","robots":{"index":"index","follow":"follow","max-snippet":"max-snippet:-1","max-image-preview":"max-image-preview:large","max-video-preview":"max-video-preview:-1"},"canonical":"https:\/\/2020.eckankar.ch\/fr\/le-son-de-lame\/","og_locale":"fr_FR","og_type":"article","og_title":"Le Son de l'\u00c2me - Eckankar in Switzerland","og_description":"HU &#8211; Un chant d&rsquo;amour \u00e0 Dieu \u00ab\u00a0Aux cieux et sur terre, il n&rsquo;existe nulle part de nom plus puissant que HU. Il a le pouvoir d&rsquo;\u00e9lever le c\u0153ur rempli de chagrin jusqu&rsquo;au temple de consolation. C&rsquo;est un compagnon dans les difficult\u00e9s, mais aussi un ami dans la prosp\u00e9rit\u00e9. Et comment s&rsquo;en \u00e9tonner puisque HU&hellip;","og_url":"https:\/\/2020.eckankar.ch\/fr\/le-son-de-lame\/","og_site_name":"Eckankar in Switzerland","article_modified_time":"2025-09-21T15:44:22+00:00","og_image":[{"url":"https:\/\/2020.eckankar.ch\/wp-content\/uploads\/2023\/04\/HU-Icon.jpg","type":"","width":"","height":""}],"twitter_card":"summary_large_image","twitter_misc":{"Dur\u00e9e de lecture estim\u00e9e":"1 minute"},"schema":{"@context":"https:\/\/schema.org","@graph":[{"@type":"WebPage","@id":"https:\/\/2020.eckankar.ch\/fr\/le-son-de-lame\/","url":"https:\/\/2020.eckankar.ch\/fr\/le-son-de-lame\/","name":"Le Son de l'\u00c2me - Eckankar in Switzerland","isPartOf":{"@id":"https:\/\/2020.eckankar.ch\/fr\/#website"},"primaryImageOfPage":{"@id":"https:\/\/2020.eckankar.ch\/fr\/le-son-de-lame\/#primaryimage"},"image":{"@id":"https:\/\/2020.eckankar.ch\/fr\/le-son-de-lame\/#primaryimage"},"thumbnailUrl":"https:\/\/2020.eckankar.ch\/wp-content\/uploads\/2023\/04\/HU-Icon.jpg","datePublished":"2018-03-26T11:20:04+00:00","dateModified":"2025-09-21T15:44:22+00:00","breadcrumb":{"@id":"https:\/\/2020.eckankar.ch\/fr\/le-son-de-lame\/#breadcrumb"},"inLanguage":"fr-FR","potentialAction":[{"@type":"ReadAction","target":["https:\/\/2020.eckankar.ch\/fr\/le-son-de-lame\/"]}]},{"@type":"ImageObject","inLanguage":"fr-FR","@id":"https:\/\/2020.eckankar.ch\/fr\/le-son-de-lame\/#primaryimage","url":"https:\/\/2020.eckankar.ch\/wp-content\/uploads\/2023\/04\/HU-Icon.jpg","contentUrl":"https:\/\/2020.eckankar.ch\/wp-content\/uploads\/2023\/04\/HU-Icon.jpg"},{"@type":"BreadcrumbList","@id":"https:\/\/2020.eckankar.ch\/fr\/le-son-de-lame\/#breadcrumb","itemListElement":[{"@type":"ListItem","position":1,"name":"Home","item":"https:\/\/2020.eckankar.ch\/fr\/"},{"@type":"ListItem","position":2,"name":"Le Son de l&rsquo;\u00c2me"}]},{"@type":"WebSite","@id":"https:\/\/2020.eckankar.ch\/fr\/#website","url":"https:\/\/2020.eckankar.ch\/fr\/","name":"Eckankar in Switzerland","description":"The path of Spiritual Freedom","publisher":{"@id":"https:\/\/2020.eckankar.ch\/fr\/#organization"},"potentialAction":[{"@type":"SearchAction","target":{"@type":"EntryPoint","urlTemplate":"https:\/\/2020.eckankar.ch\/fr\/?s={search_term_string}"},"query-input":{"@type":"PropertyValueSpecification","valueRequired":true,"valueName":"search_term_string"}}],"inLanguage":"fr-FR"},{"@type":"Organization","@id":"https:\/\/2020.eckankar.ch\/fr\/#organization","name":"Eckankar","url":"https:\/\/2020.eckankar.ch\/fr\/","logo":{"@type":"ImageObject","inLanguage":"fr-FR","@id":"https:\/\/2020.eckankar.ch\/fr\/#\/schema\/logo\/image\/","url":"https:\/\/2020.eckankar.ch\/wp-content\/uploads\/2018\/05\/logo_en.png","contentUrl":"https:\/\/2020.eckankar.ch\/wp-content\/uploads\/2018\/05\/logo_en.png","width":288,"height":100,"caption":"Eckankar"},"image":{"@id":"https:\/\/2020.eckankar.ch\/fr\/#\/schema\/logo\/image\/"}}]}},"_links":{"self":[{"href":"https:\/\/2020.eckankar.ch\/fr\/wp-json\/wp\/v2\/pages\/10655","targetHints":{"allow":["GET"]}}],"collection":[{"href":"https:\/\/2020.eckankar.ch\/fr\/wp-json\/wp\/v2\/pages"}],"about":[{"href":"https:\/\/2020.eckankar.ch\/fr\/wp-json\/wp\/v2\/types\/page"}],"author":[{"embeddable":true,"href":"https:\/\/2020.eckankar.ch\/fr\/wp-json\/wp\/v2\/users\/9"}],"replies":[{"embeddable":true,"href":"https:\/\/2020.eckankar.ch\/fr\/wp-json\/wp\/v2\/comments?post=10655"}],"version-history":[{"count":7,"href":"https:\/\/2020.eckankar.ch\/fr\/wp-json\/wp\/v2\/pages\/10655\/revisions"}],"predecessor-version":[{"id":11018,"href":"https:\/\/2020.eckankar.ch\/fr\/wp-json\/wp\/v2\/pages\/10655\/revisions\/11018"}],"wp:attachment":[{"href":"https:\/\/2020.eckankar.ch\/fr\/wp-json\/wp\/v2\/media?parent=10655"}],"curies":[{"name":"wp","href":"https:\/\/api.w.org\/{rel}","templated":true}]}}