{"id":10770,"date":"2025-07-03T14:03:34","date_gmt":"2025-07-03T12:03:34","guid":{"rendered":"https:\/\/2020.eckankar.ch\/copie-de-copie-des-types-devenements-pour-le-test-wpml\/"},"modified":"2025-07-06T18:21:57","modified_gmt":"2025-07-06T16:21:57","slug":"test-wpml-1","status":"publish","type":"page","link":"https:\/\/2020.eckankar.ch\/fr\/test-wpml-1\/","title":{"rendered":"test WPML 1"},"content":{"rendered":"\n\n\t<h3><img loading=\"lazy\" decoding=\"async\" src=\"https:\/\/2020.eckankar.ch\/wp-content\/uploads\/2024\/05\/HU-Icon_small-300x293.jpg\" alt=\"\" width=\"432\" height=\"422\" \/>Le Son de l&rsquo;\u00c2me<\/h3>\n<p>&nbsp;<\/p>\n<p>Vous \u00eates invit\u00e9 \u00e0 faire l&rsquo;exp\u00e9rience du pouvoir transformateur du HU<\/p>\n<p>&nbsp;<\/p>\n<p>&nbsp;<\/p>\n<p>Soutenu par Eckankar Suisse, une organisation enregistr\u00e9e \u00e0 but non lucratif<\/p>\n<p>&nbsp;<\/p>\n<p>C&rsquo;est un test pour modifier l&rsquo;office ECK de la Lumi\u00e8re et du Son<\/p>\n<p>mod<\/p>\n<p>&nbsp;<\/p>\n\n","protected":false},"excerpt":{"rendered":"<p>Le Son de l&rsquo;\u00c2me &nbsp; Vous \u00eates invit\u00e9 \u00e0 faire l&rsquo;exp\u00e9rience du pouvoir transformateur du HU &nbsp; &nbsp; Soutenu par Eckankar Suisse, une organisation enregistr\u00e9e \u00e0 but non lucratif &nbsp; C&rsquo;est un test pour modifier l&rsquo;office ECK de la Lumi\u00e8re et du Son mod &nbsp;<\/p>\n","protected":false},"author":4,"featured_media":0,"parent":0,"menu_order":0,"comment_status":"closed","ping_status":"closed","template":"","meta":{"_lmt_disableupdate":"","_lmt_disable":"","footnotes":""},"class_list":["post-10770","page","type-page","status-publish","hentry"],"yoast_head":"<!-- This site is optimized with the Yoast SEO plugin v27.5 - https:\/\/yoast.com\/product\/yoast-seo-wordpress\/ -->\n<title>test WPML 1 - Eckankar in Switzerland<\/title>\n<meta name=\"robots\" content=\"index, follow, max-snippet:-1, max-image-preview:large, max-video-preview:-1\" \/>\n<link rel=\"canonical\" href=\"https:\/\/2020.eckankar.ch\/fr\/test-wpml-1\/\" \/>\n<meta property=\"og:locale\" content=\"fr_FR\" \/>\n<meta property=\"og:type\" content=\"article\" \/>\n<meta property=\"og:title\" content=\"test WPML 1 - Eckankar in Switzerland\" \/>\n<meta property=\"og:description\" content=\"Le Son de l&rsquo;\u00c2me &nbsp; Vous \u00eates invit\u00e9 \u00e0 faire l&rsquo;exp\u00e9rience du pouvoir transformateur du HU &nbsp; &nbsp; Soutenu par Eckankar Suisse, une organisation enregistr\u00e9e \u00e0 but non lucratif &nbsp; C&rsquo;est un test pour modifier l&rsquo;office ECK de la Lumi\u00e8re et du Son mod &nbsp;\" \/>\n<meta property=\"og:url\" content=\"https:\/\/2020.eckankar.ch\/fr\/test-wpml-1\/\" \/>\n<meta property=\"og:site_name\" content=\"Eckankar in Switzerland\" \/>\n<meta property=\"article:modified_time\" content=\"2025-07-06T16:21:57+00:00\" \/>\n<meta property=\"og:image\" content=\"https:\/\/2020.eckankar.ch\/wp-content\/uploads\/2024\/05\/HU-Icon_small-300x293.jpg\" \/>\n<meta name=\"twitter:card\" content=\"summary_large_image\" \/>\n<meta name=\"twitter:label1\" content=\"Dur\u00e9e de lecture estim\u00e9e\" \/>\n\t<meta name=\"twitter:data1\" content=\"1 minute\" \/>\n<script type=\"application\/ld+json\" class=\"yoast-schema-graph\">{\"@context\":\"https:\\\/\\\/schema.org\",\"@graph\":[{\"@type\":\"WebPage\",\"@id\":\"https:\\\/\\\/2020.eckankar.ch\\\/fr\\\/test-wpml-1\\\/\",\"url\":\"https:\\\/\\\/2020.eckankar.ch\\\/fr\\\/test-wpml-1\\\/\",\"name\":\"test WPML 1 - Eckankar in Switzerland\",\"isPartOf\":{\"@id\":\"https:\\\/\\\/2020.eckankar.ch\\\/fr\\\/#website\"},\"primaryImageOfPage\":{\"@id\":\"https:\\\/\\\/2020.eckankar.ch\\\/fr\\\/test-wpml-1\\\/#primaryimage\"},\"image\":{\"@id\":\"https:\\\/\\\/2020.eckankar.ch\\\/fr\\\/test-wpml-1\\\/#primaryimage\"},\"thumbnailUrl\":\"https:\\\/\\\/2020.eckankar.ch\\\/wp-content\\\/uploads\\\/2024\\\/05\\\/HU-Icon_small-300x293.jpg\",\"datePublished\":\"2025-07-03T12:03:34+00:00\",\"dateModified\":\"2025-07-06T16:21:57+00:00\",\"breadcrumb\":{\"@id\":\"https:\\\/\\\/2020.eckankar.ch\\\/fr\\\/test-wpml-1\\\/#breadcrumb\"},\"inLanguage\":\"fr-FR\",\"potentialAction\":[{\"@type\":\"ReadAction\",\"target\":[\"https:\\\/\\\/2020.eckankar.ch\\\/fr\\\/test-wpml-1\\\/\"]}]},{\"@type\":\"ImageObject\",\"inLanguage\":\"fr-FR\",\"@id\":\"https:\\\/\\\/2020.eckankar.ch\\\/fr\\\/test-wpml-1\\\/#primaryimage\",\"url\":\"https:\\\/\\\/2020.eckankar.ch\\\/wp-content\\\/uploads\\\/2024\\\/05\\\/HU-Icon_small-300x293.jpg\",\"contentUrl\":\"https:\\\/\\\/2020.eckankar.ch\\\/wp-content\\\/uploads\\\/2024\\\/05\\\/HU-Icon_small-300x293.jpg\"},{\"@type\":\"BreadcrumbList\",\"@id\":\"https:\\\/\\\/2020.eckankar.ch\\\/fr\\\/test-wpml-1\\\/#breadcrumb\",\"itemListElement\":[{\"@type\":\"ListItem\",\"position\":1,\"name\":\"Home\",\"item\":\"https:\\\/\\\/2020.eckankar.ch\\\/fr\\\/\"},{\"@type\":\"ListItem\",\"position\":2,\"name\":\"test WPML 1\"}]},{\"@type\":\"WebSite\",\"@id\":\"https:\\\/\\\/2020.eckankar.ch\\\/fr\\\/#website\",\"url\":\"https:\\\/\\\/2020.eckankar.ch\\\/fr\\\/\",\"name\":\"Eckankar in Switzerland\",\"description\":\"The path of Spiritual Freedom\",\"publisher\":{\"@id\":\"https:\\\/\\\/2020.eckankar.ch\\\/fr\\\/#organization\"},\"potentialAction\":[{\"@type\":\"SearchAction\",\"target\":{\"@type\":\"EntryPoint\",\"urlTemplate\":\"https:\\\/\\\/2020.eckankar.ch\\\/fr\\\/?s={search_term_string}\"},\"query-input\":{\"@type\":\"PropertyValueSpecification\",\"valueRequired\":true,\"valueName\":\"search_term_string\"}}],\"inLanguage\":\"fr-FR\"},{\"@type\":\"Organization\",\"@id\":\"https:\\\/\\\/2020.eckankar.ch\\\/fr\\\/#organization\",\"name\":\"Eckankar\",\"url\":\"https:\\\/\\\/2020.eckankar.ch\\\/fr\\\/\",\"logo\":{\"@type\":\"ImageObject\",\"inLanguage\":\"fr-FR\",\"@id\":\"https:\\\/\\\/2020.eckankar.ch\\\/fr\\\/#\\\/schema\\\/logo\\\/image\\\/\",\"url\":\"https:\\\/\\\/2020.eckankar.ch\\\/wp-content\\\/uploads\\\/2018\\\/05\\\/logo_en.png\",\"contentUrl\":\"https:\\\/\\\/2020.eckankar.ch\\\/wp-content\\\/uploads\\\/2018\\\/05\\\/logo_en.png\",\"width\":288,\"height\":100,\"caption\":\"Eckankar\"},\"image\":{\"@id\":\"https:\\\/\\\/2020.eckankar.ch\\\/fr\\\/#\\\/schema\\\/logo\\\/image\\\/\"}}]}<\/script>\n<!-- \/ Yoast SEO plugin. -->","yoast_head_json":{"title":"test WPML 1 - Eckankar in Switzerland","robots":{"index":"index","follow":"follow","max-snippet":"max-snippet:-1","max-image-preview":"max-image-preview:large","max-video-preview":"max-video-preview:-1"},"canonical":"https:\/\/2020.eckankar.ch\/fr\/test-wpml-1\/","og_locale":"fr_FR","og_type":"article","og_title":"test WPML 1 - Eckankar in Switzerland","og_description":"Le Son de l&rsquo;\u00c2me &nbsp; Vous \u00eates invit\u00e9 \u00e0 faire l&rsquo;exp\u00e9rience du pouvoir transformateur du HU &nbsp; &nbsp; Soutenu par Eckankar Suisse, une organisation enregistr\u00e9e \u00e0 but non lucratif &nbsp; C&rsquo;est un test pour modifier l&rsquo;office ECK de la Lumi\u00e8re et du Son mod &nbsp;","og_url":"https:\/\/2020.eckankar.ch\/fr\/test-wpml-1\/","og_site_name":"Eckankar in Switzerland","article_modified_time":"2025-07-06T16:21:57+00:00","og_image":[{"url":"https:\/\/2020.eckankar.ch\/wp-content\/uploads\/2024\/05\/HU-Icon_small-300x293.jpg","type":"","width":"","height":""}],"twitter_card":"summary_large_image","twitter_misc":{"Dur\u00e9e de lecture estim\u00e9e":"1 minute"},"schema":{"@context":"https:\/\/schema.org","@graph":[{"@type":"WebPage","@id":"https:\/\/2020.eckankar.ch\/fr\/test-wpml-1\/","url":"https:\/\/2020.eckankar.ch\/fr\/test-wpml-1\/","name":"test WPML 1 - Eckankar in Switzerland","isPartOf":{"@id":"https:\/\/2020.eckankar.ch\/fr\/#website"},"primaryImageOfPage":{"@id":"https:\/\/2020.eckankar.ch\/fr\/test-wpml-1\/#primaryimage"},"image":{"@id":"https:\/\/2020.eckankar.ch\/fr\/test-wpml-1\/#primaryimage"},"thumbnailUrl":"https:\/\/2020.eckankar.ch\/wp-content\/uploads\/2024\/05\/HU-Icon_small-300x293.jpg","datePublished":"2025-07-03T12:03:34+00:00","dateModified":"2025-07-06T16:21:57+00:00","breadcrumb":{"@id":"https:\/\/2020.eckankar.ch\/fr\/test-wpml-1\/#breadcrumb"},"inLanguage":"fr-FR","potentialAction":[{"@type":"ReadAction","target":["https:\/\/2020.eckankar.ch\/fr\/test-wpml-1\/"]}]},{"@type":"ImageObject","inLanguage":"fr-FR","@id":"https:\/\/2020.eckankar.ch\/fr\/test-wpml-1\/#primaryimage","url":"https:\/\/2020.eckankar.ch\/wp-content\/uploads\/2024\/05\/HU-Icon_small-300x293.jpg","contentUrl":"https:\/\/2020.eckankar.ch\/wp-content\/uploads\/2024\/05\/HU-Icon_small-300x293.jpg"},{"@type":"BreadcrumbList","@id":"https:\/\/2020.eckankar.ch\/fr\/test-wpml-1\/#breadcrumb","itemListElement":[{"@type":"ListItem","position":1,"name":"Home","item":"https:\/\/2020.eckankar.ch\/fr\/"},{"@type":"ListItem","position":2,"name":"test WPML 1"}]},{"@type":"WebSite","@id":"https:\/\/2020.eckankar.ch\/fr\/#website","url":"https:\/\/2020.eckankar.ch\/fr\/","name":"Eckankar in Switzerland","description":"The path of Spiritual Freedom","publisher":{"@id":"https:\/\/2020.eckankar.ch\/fr\/#organization"},"potentialAction":[{"@type":"SearchAction","target":{"@type":"EntryPoint","urlTemplate":"https:\/\/2020.eckankar.ch\/fr\/?s={search_term_string}"},"query-input":{"@type":"PropertyValueSpecification","valueRequired":true,"valueName":"search_term_string"}}],"inLanguage":"fr-FR"},{"@type":"Organization","@id":"https:\/\/2020.eckankar.ch\/fr\/#organization","name":"Eckankar","url":"https:\/\/2020.eckankar.ch\/fr\/","logo":{"@type":"ImageObject","inLanguage":"fr-FR","@id":"https:\/\/2020.eckankar.ch\/fr\/#\/schema\/logo\/image\/","url":"https:\/\/2020.eckankar.ch\/wp-content\/uploads\/2018\/05\/logo_en.png","contentUrl":"https:\/\/2020.eckankar.ch\/wp-content\/uploads\/2018\/05\/logo_en.png","width":288,"height":100,"caption":"Eckankar"},"image":{"@id":"https:\/\/2020.eckankar.ch\/fr\/#\/schema\/logo\/image\/"}}]}},"_links":{"self":[{"href":"https:\/\/2020.eckankar.ch\/fr\/wp-json\/wp\/v2\/pages\/10770","targetHints":{"allow":["GET"]}}],"collection":[{"href":"https:\/\/2020.eckankar.ch\/fr\/wp-json\/wp\/v2\/pages"}],"about":[{"href":"https:\/\/2020.eckankar.ch\/fr\/wp-json\/wp\/v2\/types\/page"}],"author":[{"embeddable":true,"href":"https:\/\/2020.eckankar.ch\/fr\/wp-json\/wp\/v2\/users\/4"}],"replies":[{"embeddable":true,"href":"https:\/\/2020.eckankar.ch\/fr\/wp-json\/wp\/v2\/comments?post=10770"}],"version-history":[{"count":4,"href":"https:\/\/2020.eckankar.ch\/fr\/wp-json\/wp\/v2\/pages\/10770\/revisions"}],"predecessor-version":[{"id":10805,"href":"https:\/\/2020.eckankar.ch\/fr\/wp-json\/wp\/v2\/pages\/10770\/revisions\/10805"}],"wp:attachment":[{"href":"https:\/\/2020.eckankar.ch\/fr\/wp-json\/wp\/v2\/media?parent=10770"}],"curies":[{"name":"wp","href":"https:\/\/api.w.org\/{rel}","templated":true}]}}