{"id":10847,"date":"2023-08-03T14:50:50","date_gmt":"2023-08-03T12:50:50","guid":{"rendered":"https:\/\/2020.eckankar.ch\/chemin-facile\/"},"modified":"2025-09-18T14:48:11","modified_gmt":"2025-09-18T12:48:11","slug":"chemin-facile","status":"publish","type":"page","link":"https:\/\/2020.eckankar.ch\/fr\/chemin-facile\/","title":{"rendered":"La voie facile"},"content":{"rendered":"\n\n\t\t\t<h3>La voie facile<\/h3>\t\t\t\n\t\t\t\t<p>\u00ab\u00a0La voie facile\u00a0\u00bb est le premier cours spirituel que les nouveaux \u00e9tudiants d&rsquo;Eckankar re\u00e7oivent. Il peut \u00eatre \u00e9tudi\u00e9 individuellement \u00e0 la maison ou, si vous le souhaitez, avec d&rsquo;autres personnes dans un petit groupe. Quels que soient vos objectifs dans la vie, \u00ab\u00a0La voie facile\u00a0\u00bb vous aide \u00e0 les voir et \u00e0 les poursuivre dans une perspective spirituelle plus \u00e9lev\u00e9e.<br \/>Le cours comprend une \u00e9tude annuelle de douze le\u00e7ons au contenu inspirant, une le\u00e7on pour chaque mois. A la fin de chaque le\u00e7on, un exercice spirituel est pr\u00e9sent\u00e9. Le cours est \u00e9galement disponible en ligne avec des supports suppl\u00e9mentaires en anglais tels que des extraits audio de Harold Klemp ou des activit\u00e9s pour chaque le\u00e7on.<\/p>\n<p>Les sujets abord\u00e9s dans ce cours comprennent<\/p>\n<ul>\n<li>En tant qu&rsquo;\u00c2me, vous \u00eates libre<\/li>\n<li>La r\u00e9incarnation ou la raison pour laquelle vous \u00eates revenu sur terre<\/li>\n<li>Pouvons-nous vivre dans un monde sans amour ?<\/li>\n<li>Les mondes de Dieu o\u00f9 nul ne s&rsquo;est jamais aventur\u00e9<\/li>\n<\/ul>\n<p>&#8230; et bien plus encore.<\/p>\n<p>L&rsquo;inscription \u00e0 ECKANKAR n&rsquo;est valable <strong>qu&rsquo;un an<\/strong> \u00e0 la fois et prend fin automatiquement si elle n&rsquo;est pas renouvel\u00e9e. Pour cela, il est recommand\u00e9 de <strong>faire un don<\/strong> <strong>annuel<\/strong> de 75 dollars pour une personne seule ou de 150 dollars pour une famille.<\/p>\n\t\t\t\t<img decoding=\"async\" src=\"https:\/\/2020.eckankar.ch\/wp-content\/uploads\/2025\/09\/Screenshot-2025-09-04-145529.png\" alt=\"Screenshot 2025-09-04 145529\" itemprop=\"image\" height=\"428\" width=\"286\" title=\"Screenshot 2025-09-04 145529\" onerror=\"this.style.display='none'\" loading=\"lazy\" \/>\n\n","protected":false},"excerpt":{"rendered":"<p>La voie facile \u00ab\u00a0La voie facile\u00a0\u00bb est le premier cours spirituel que les nouveaux \u00e9tudiants d&rsquo;Eckankar re\u00e7oivent. Il peut \u00eatre \u00e9tudi\u00e9 individuellement \u00e0 la maison ou, si vous le souhaitez, avec d&rsquo;autres personnes dans un petit groupe. Quels que soient vos objectifs dans la vie, \u00ab\u00a0La voie facile\u00a0\u00bb vous aide \u00e0 les voir et \u00e0&hellip;<\/p>\n","protected":false},"author":12,"featured_media":0,"parent":0,"menu_order":0,"comment_status":"closed","ping_status":"closed","template":"","meta":{"_lmt_disableupdate":"","_lmt_disable":"","footnotes":""},"class_list":["post-10847","page","type-page","status-publish","hentry"],"yoast_head":"<!-- This site is optimized with the Yoast SEO plugin v27.6 - https:\/\/yoast.com\/product\/yoast-seo-wordpress\/ -->\n<title>La voie facile - Eckankar in Switzerland<\/title>\n<meta name=\"robots\" content=\"index, follow, max-snippet:-1, max-image-preview:large, max-video-preview:-1\" \/>\n<link rel=\"canonical\" href=\"https:\/\/2020.eckankar.ch\/fr\/chemin-facile\/\" \/>\n<meta property=\"og:locale\" content=\"fr_FR\" \/>\n<meta property=\"og:type\" content=\"article\" \/>\n<meta property=\"og:title\" content=\"La voie facile - Eckankar in Switzerland\" \/>\n<meta property=\"og:description\" content=\"La voie facile \u00ab\u00a0La voie facile\u00a0\u00bb est le premier cours spirituel que les nouveaux \u00e9tudiants d&rsquo;Eckankar re\u00e7oivent. Il peut \u00eatre \u00e9tudi\u00e9 individuellement \u00e0 la maison ou, si vous le souhaitez, avec d&rsquo;autres personnes dans un petit groupe. Quels que soient vos objectifs dans la vie, \u00ab\u00a0La voie facile\u00a0\u00bb vous aide \u00e0 les voir et \u00e0&hellip;\" \/>\n<meta property=\"og:url\" content=\"https:\/\/2020.eckankar.ch\/fr\/chemin-facile\/\" \/>\n<meta property=\"og:site_name\" content=\"Eckankar in Switzerland\" \/>\n<meta property=\"article:modified_time\" content=\"2025-09-18T12:48:11+00:00\" \/>\n<meta property=\"og:image\" content=\"https:\/\/2020.eckankar.ch\/wp-content\/uploads\/2025\/09\/Screenshot-2025-09-04-145529.png\" \/>\n<meta name=\"twitter:card\" content=\"summary_large_image\" \/>\n<meta name=\"twitter:label1\" content=\"Dur\u00e9e de lecture estim\u00e9e\" \/>\n\t<meta name=\"twitter:data1\" content=\"1 minute\" \/>\n<script type=\"application\/ld+json\" class=\"yoast-schema-graph\">{\"@context\":\"https:\\\/\\\/schema.org\",\"@graph\":[{\"@type\":\"WebPage\",\"@id\":\"https:\\\/\\\/2020.eckankar.ch\\\/fr\\\/chemin-facile\\\/\",\"url\":\"https:\\\/\\\/2020.eckankar.ch\\\/fr\\\/chemin-facile\\\/\",\"name\":\"La voie facile - Eckankar in Switzerland\",\"isPartOf\":{\"@id\":\"https:\\\/\\\/2020.eckankar.ch\\\/fr\\\/#website\"},\"primaryImageOfPage\":{\"@id\":\"https:\\\/\\\/2020.eckankar.ch\\\/fr\\\/chemin-facile\\\/#primaryimage\"},\"image\":{\"@id\":\"https:\\\/\\\/2020.eckankar.ch\\\/fr\\\/chemin-facile\\\/#primaryimage\"},\"thumbnailUrl\":\"https:\\\/\\\/2020.eckankar.ch\\\/wp-content\\\/uploads\\\/2025\\\/09\\\/Screenshot-2025-09-04-145529.png\",\"datePublished\":\"2023-08-03T12:50:50+00:00\",\"dateModified\":\"2025-09-18T12:48:11+00:00\",\"breadcrumb\":{\"@id\":\"https:\\\/\\\/2020.eckankar.ch\\\/fr\\\/chemin-facile\\\/#breadcrumb\"},\"inLanguage\":\"fr-FR\",\"potentialAction\":[{\"@type\":\"ReadAction\",\"target\":[\"https:\\\/\\\/2020.eckankar.ch\\\/fr\\\/chemin-facile\\\/\"]}]},{\"@type\":\"ImageObject\",\"inLanguage\":\"fr-FR\",\"@id\":\"https:\\\/\\\/2020.eckankar.ch\\\/fr\\\/chemin-facile\\\/#primaryimage\",\"url\":\"https:\\\/\\\/2020.eckankar.ch\\\/wp-content\\\/uploads\\\/2025\\\/09\\\/Screenshot-2025-09-04-145529.png\",\"contentUrl\":\"https:\\\/\\\/2020.eckankar.ch\\\/wp-content\\\/uploads\\\/2025\\\/09\\\/Screenshot-2025-09-04-145529.png\"},{\"@type\":\"BreadcrumbList\",\"@id\":\"https:\\\/\\\/2020.eckankar.ch\\\/fr\\\/chemin-facile\\\/#breadcrumb\",\"itemListElement\":[{\"@type\":\"ListItem\",\"position\":1,\"name\":\"Home\",\"item\":\"https:\\\/\\\/2020.eckankar.ch\\\/fr\\\/\"},{\"@type\":\"ListItem\",\"position\":2,\"name\":\"La voie facile\"}]},{\"@type\":\"WebSite\",\"@id\":\"https:\\\/\\\/2020.eckankar.ch\\\/fr\\\/#website\",\"url\":\"https:\\\/\\\/2020.eckankar.ch\\\/fr\\\/\",\"name\":\"Eckankar in Switzerland\",\"description\":\"The path of Spiritual Freedom\",\"publisher\":{\"@id\":\"https:\\\/\\\/2020.eckankar.ch\\\/fr\\\/#organization\"},\"potentialAction\":[{\"@type\":\"SearchAction\",\"target\":{\"@type\":\"EntryPoint\",\"urlTemplate\":\"https:\\\/\\\/2020.eckankar.ch\\\/fr\\\/?s={search_term_string}\"},\"query-input\":{\"@type\":\"PropertyValueSpecification\",\"valueRequired\":true,\"valueName\":\"search_term_string\"}}],\"inLanguage\":\"fr-FR\"},{\"@type\":\"Organization\",\"@id\":\"https:\\\/\\\/2020.eckankar.ch\\\/fr\\\/#organization\",\"name\":\"Eckankar\",\"url\":\"https:\\\/\\\/2020.eckankar.ch\\\/fr\\\/\",\"logo\":{\"@type\":\"ImageObject\",\"inLanguage\":\"fr-FR\",\"@id\":\"https:\\\/\\\/2020.eckankar.ch\\\/fr\\\/#\\\/schema\\\/logo\\\/image\\\/\",\"url\":\"https:\\\/\\\/2020.eckankar.ch\\\/wp-content\\\/uploads\\\/2018\\\/05\\\/logo_en.png\",\"contentUrl\":\"https:\\\/\\\/2020.eckankar.ch\\\/wp-content\\\/uploads\\\/2018\\\/05\\\/logo_en.png\",\"width\":288,\"height\":100,\"caption\":\"Eckankar\"},\"image\":{\"@id\":\"https:\\\/\\\/2020.eckankar.ch\\\/fr\\\/#\\\/schema\\\/logo\\\/image\\\/\"}}]}<\/script>\n<!-- \/ Yoast SEO plugin. -->","yoast_head_json":{"title":"La voie facile - Eckankar in Switzerland","robots":{"index":"index","follow":"follow","max-snippet":"max-snippet:-1","max-image-preview":"max-image-preview:large","max-video-preview":"max-video-preview:-1"},"canonical":"https:\/\/2020.eckankar.ch\/fr\/chemin-facile\/","og_locale":"fr_FR","og_type":"article","og_title":"La voie facile - Eckankar in Switzerland","og_description":"La voie facile \u00ab\u00a0La voie facile\u00a0\u00bb est le premier cours spirituel que les nouveaux \u00e9tudiants d&rsquo;Eckankar re\u00e7oivent. Il peut \u00eatre \u00e9tudi\u00e9 individuellement \u00e0 la maison ou, si vous le souhaitez, avec d&rsquo;autres personnes dans un petit groupe. Quels que soient vos objectifs dans la vie, \u00ab\u00a0La voie facile\u00a0\u00bb vous aide \u00e0 les voir et \u00e0&hellip;","og_url":"https:\/\/2020.eckankar.ch\/fr\/chemin-facile\/","og_site_name":"Eckankar in Switzerland","article_modified_time":"2025-09-18T12:48:11+00:00","og_image":[{"url":"https:\/\/2020.eckankar.ch\/wp-content\/uploads\/2025\/09\/Screenshot-2025-09-04-145529.png","type":"","width":"","height":""}],"twitter_card":"summary_large_image","twitter_misc":{"Dur\u00e9e de lecture estim\u00e9e":"1 minute"},"schema":{"@context":"https:\/\/schema.org","@graph":[{"@type":"WebPage","@id":"https:\/\/2020.eckankar.ch\/fr\/chemin-facile\/","url":"https:\/\/2020.eckankar.ch\/fr\/chemin-facile\/","name":"La voie facile - Eckankar in Switzerland","isPartOf":{"@id":"https:\/\/2020.eckankar.ch\/fr\/#website"},"primaryImageOfPage":{"@id":"https:\/\/2020.eckankar.ch\/fr\/chemin-facile\/#primaryimage"},"image":{"@id":"https:\/\/2020.eckankar.ch\/fr\/chemin-facile\/#primaryimage"},"thumbnailUrl":"https:\/\/2020.eckankar.ch\/wp-content\/uploads\/2025\/09\/Screenshot-2025-09-04-145529.png","datePublished":"2023-08-03T12:50:50+00:00","dateModified":"2025-09-18T12:48:11+00:00","breadcrumb":{"@id":"https:\/\/2020.eckankar.ch\/fr\/chemin-facile\/#breadcrumb"},"inLanguage":"fr-FR","potentialAction":[{"@type":"ReadAction","target":["https:\/\/2020.eckankar.ch\/fr\/chemin-facile\/"]}]},{"@type":"ImageObject","inLanguage":"fr-FR","@id":"https:\/\/2020.eckankar.ch\/fr\/chemin-facile\/#primaryimage","url":"https:\/\/2020.eckankar.ch\/wp-content\/uploads\/2025\/09\/Screenshot-2025-09-04-145529.png","contentUrl":"https:\/\/2020.eckankar.ch\/wp-content\/uploads\/2025\/09\/Screenshot-2025-09-04-145529.png"},{"@type":"BreadcrumbList","@id":"https:\/\/2020.eckankar.ch\/fr\/chemin-facile\/#breadcrumb","itemListElement":[{"@type":"ListItem","position":1,"name":"Home","item":"https:\/\/2020.eckankar.ch\/fr\/"},{"@type":"ListItem","position":2,"name":"La voie facile"}]},{"@type":"WebSite","@id":"https:\/\/2020.eckankar.ch\/fr\/#website","url":"https:\/\/2020.eckankar.ch\/fr\/","name":"Eckankar in Switzerland","description":"The path of Spiritual Freedom","publisher":{"@id":"https:\/\/2020.eckankar.ch\/fr\/#organization"},"potentialAction":[{"@type":"SearchAction","target":{"@type":"EntryPoint","urlTemplate":"https:\/\/2020.eckankar.ch\/fr\/?s={search_term_string}"},"query-input":{"@type":"PropertyValueSpecification","valueRequired":true,"valueName":"search_term_string"}}],"inLanguage":"fr-FR"},{"@type":"Organization","@id":"https:\/\/2020.eckankar.ch\/fr\/#organization","name":"Eckankar","url":"https:\/\/2020.eckankar.ch\/fr\/","logo":{"@type":"ImageObject","inLanguage":"fr-FR","@id":"https:\/\/2020.eckankar.ch\/fr\/#\/schema\/logo\/image\/","url":"https:\/\/2020.eckankar.ch\/wp-content\/uploads\/2018\/05\/logo_en.png","contentUrl":"https:\/\/2020.eckankar.ch\/wp-content\/uploads\/2018\/05\/logo_en.png","width":288,"height":100,"caption":"Eckankar"},"image":{"@id":"https:\/\/2020.eckankar.ch\/fr\/#\/schema\/logo\/image\/"}}]}},"_links":{"self":[{"href":"https:\/\/2020.eckankar.ch\/fr\/wp-json\/wp\/v2\/pages\/10847","targetHints":{"allow":["GET"]}}],"collection":[{"href":"https:\/\/2020.eckankar.ch\/fr\/wp-json\/wp\/v2\/pages"}],"about":[{"href":"https:\/\/2020.eckankar.ch\/fr\/wp-json\/wp\/v2\/types\/page"}],"author":[{"embeddable":true,"href":"https:\/\/2020.eckankar.ch\/fr\/wp-json\/wp\/v2\/users\/12"}],"replies":[{"embeddable":true,"href":"https:\/\/2020.eckankar.ch\/fr\/wp-json\/wp\/v2\/comments?post=10847"}],"version-history":[{"count":4,"href":"https:\/\/2020.eckankar.ch\/fr\/wp-json\/wp\/v2\/pages\/10847\/revisions"}],"predecessor-version":[{"id":11001,"href":"https:\/\/2020.eckankar.ch\/fr\/wp-json\/wp\/v2\/pages\/10847\/revisions\/11001"}],"wp:attachment":[{"href":"https:\/\/2020.eckankar.ch\/fr\/wp-json\/wp\/v2\/media?parent=10847"}],"curies":[{"name":"wp","href":"https:\/\/api.w.org\/{rel}","templated":true}]}}