{"id":11709,"date":"2025-12-24T18:29:38","date_gmt":"2025-12-24T17:29:38","guid":{"rendered":"https:\/\/2020.eckankar.ch\/copie-de-ladhesion-a-egs-en-ligne-detail-de-la-banque\/"},"modified":"2026-04-05T18:35:41","modified_gmt":"2026-04-05T16:35:41","slug":"copie-de-ladhesion-a-egs-en-ligne-detail-de-la-banque","status":"publish","type":"page","link":"https:\/\/2020.eckankar.ch\/fr\/copie-de-ladhesion-a-egs-en-ligne-detail-de-la-banque\/","title":{"rendered":"Copie de l&rsquo;adh\u00e9sion \u00e0 EGS en ligne- D\u00e9tail de la banque"},"content":{"rendered":"\n<h2>\n\t\t\tEGS-Mitgliedschaft und allgemeine Spenden\t<\/h2>\n\t<p>Herzlichen Dank<\/p>\n<p>Ihre Angaben wurden registriert und werden vertraulich behandelt.<\/p>\n<p>Bitte \u00fcberweisen Sie Ihre Spende mit dem Vermerk \u00ab\u00a0EGS-Mitgliedschaft\u00a0\u00bb auf das folgende Konto der ECKANKAR-Gesellschaft Schweiz:<\/p>\nPostFinance Kontonummer: 30-2352-9<br \/>\nIBAN: CH67 0900 0000 3000 2352 9<br \/>\nBIC \/ Swift: POFICHBEXXX\n<p><img loading=\"lazy\" decoding=\"async\" src=\"https:\/\/2020.eckankar.ch\/wp-content\/uploads\/2025\/12\/Mitgliedschaft-EGS-300x300.jpg\" alt=\"\" width=\"300\" height=\"300\" \/><\/p>\n<p>Oder scannen Sie diesen QR-Code<\/p>\n<p>&nbsp;<\/p>\n<p>&nbsp;<\/p>\n<p>Liebe Gr\u00fcsse im Licht und Ton des ECK<\/p>\n<p><a href=\"mailto:member@eckankar.ch\">member@eckankar.ch<\/a><\/p>\n\n","protected":false},"excerpt":{"rendered":"<p>EGS-Mitgliedschaft und allgemeine Spenden Herzlichen Dank Ihre Angaben wurden registriert und werden vertraulich behandelt. Bitte \u00fcberweisen Sie Ihre Spende mit dem Vermerk \u00ab\u00a0EGS-Mitgliedschaft\u00a0\u00bb auf das folgende Konto der ECKANKAR-Gesellschaft Schweiz: PostFinance Kontonummer: 30-2352-9 IBAN: CH67 0900 0000 3000 2352 9 BIC \/ Swift: POFICHBEXXX Oder scannen Sie diesen QR-Code &nbsp; &nbsp; Liebe Gr\u00fcsse im Licht&hellip;<\/p>\n","protected":false},"author":4,"featured_media":0,"parent":0,"menu_order":0,"comment_status":"closed","ping_status":"closed","template":"","meta":{"_lmt_disableupdate":"","_lmt_disable":"","footnotes":""},"class_list":["post-11709","page","type-page","status-publish","hentry"],"yoast_head":"<!-- This site is optimized with the Yoast SEO plugin v27.5 - https:\/\/yoast.com\/product\/yoast-seo-wordpress\/ -->\n<title>Copie de l&#039;adh\u00e9sion \u00e0 EGS en ligne- D\u00e9tail de la banque - Eckankar in Switzerland<\/title>\n<meta name=\"robots\" content=\"index, follow, max-snippet:-1, max-image-preview:large, max-video-preview:-1\" \/>\n<link rel=\"canonical\" href=\"https:\/\/2020.eckankar.ch\/fr\/copie-de-ladhesion-a-egs-en-ligne-detail-de-la-banque\/\" \/>\n<meta property=\"og:locale\" content=\"fr_FR\" \/>\n<meta property=\"og:type\" content=\"article\" \/>\n<meta property=\"og:title\" content=\"Copie de l&#039;adh\u00e9sion \u00e0 EGS en ligne- D\u00e9tail de la banque - Eckankar in Switzerland\" \/>\n<meta property=\"og:description\" content=\"EGS-Mitgliedschaft und allgemeine Spenden Herzlichen Dank Ihre Angaben wurden registriert und werden vertraulich behandelt. Bitte \u00fcberweisen Sie Ihre Spende mit dem Vermerk \u00ab\u00a0EGS-Mitgliedschaft\u00a0\u00bb auf das folgende Konto der ECKANKAR-Gesellschaft Schweiz: PostFinance Kontonummer: 30-2352-9 IBAN: CH67 0900 0000 3000 2352 9 BIC \/ Swift: POFICHBEXXX Oder scannen Sie diesen QR-Code &nbsp; &nbsp; Liebe Gr\u00fcsse im Licht&hellip;\" \/>\n<meta property=\"og:url\" content=\"https:\/\/2020.eckankar.ch\/fr\/copie-de-ladhesion-a-egs-en-ligne-detail-de-la-banque\/\" \/>\n<meta property=\"og:site_name\" content=\"Eckankar in Switzerland\" \/>\n<meta property=\"article:modified_time\" content=\"2026-04-05T16:35:41+00:00\" \/>\n<meta property=\"og:image\" content=\"https:\/\/2020.eckankar.ch\/wp-content\/uploads\/2025\/12\/Mitgliedschaft-EGS-300x300.jpg\" \/>\n<meta name=\"twitter:card\" content=\"summary_large_image\" \/>\n<script type=\"application\/ld+json\" class=\"yoast-schema-graph\">{\"@context\":\"https:\\\/\\\/schema.org\",\"@graph\":[{\"@type\":\"WebPage\",\"@id\":\"https:\\\/\\\/2020.eckankar.ch\\\/fr\\\/copie-de-ladhesion-a-egs-en-ligne-detail-de-la-banque\\\/\",\"url\":\"https:\\\/\\\/2020.eckankar.ch\\\/fr\\\/copie-de-ladhesion-a-egs-en-ligne-detail-de-la-banque\\\/\",\"name\":\"Copie de l'adh\u00e9sion \u00e0 EGS en ligne- D\u00e9tail de la banque - Eckankar in Switzerland\",\"isPartOf\":{\"@id\":\"https:\\\/\\\/2020.eckankar.ch\\\/fr\\\/#website\"},\"primaryImageOfPage\":{\"@id\":\"https:\\\/\\\/2020.eckankar.ch\\\/fr\\\/copie-de-ladhesion-a-egs-en-ligne-detail-de-la-banque\\\/#primaryimage\"},\"image\":{\"@id\":\"https:\\\/\\\/2020.eckankar.ch\\\/fr\\\/copie-de-ladhesion-a-egs-en-ligne-detail-de-la-banque\\\/#primaryimage\"},\"thumbnailUrl\":\"https:\\\/\\\/2020.eckankar.ch\\\/wp-content\\\/uploads\\\/2025\\\/12\\\/Mitgliedschaft-EGS-300x300.jpg\",\"datePublished\":\"2025-12-24T17:29:38+00:00\",\"dateModified\":\"2026-04-05T16:35:41+00:00\",\"breadcrumb\":{\"@id\":\"https:\\\/\\\/2020.eckankar.ch\\\/fr\\\/copie-de-ladhesion-a-egs-en-ligne-detail-de-la-banque\\\/#breadcrumb\"},\"inLanguage\":\"fr-FR\",\"potentialAction\":[{\"@type\":\"ReadAction\",\"target\":[\"https:\\\/\\\/2020.eckankar.ch\\\/fr\\\/copie-de-ladhesion-a-egs-en-ligne-detail-de-la-banque\\\/\"]}]},{\"@type\":\"ImageObject\",\"inLanguage\":\"fr-FR\",\"@id\":\"https:\\\/\\\/2020.eckankar.ch\\\/fr\\\/copie-de-ladhesion-a-egs-en-ligne-detail-de-la-banque\\\/#primaryimage\",\"url\":\"https:\\\/\\\/2020.eckankar.ch\\\/wp-content\\\/uploads\\\/2025\\\/12\\\/Mitgliedschaft-EGS-300x300.jpg\",\"contentUrl\":\"https:\\\/\\\/2020.eckankar.ch\\\/wp-content\\\/uploads\\\/2025\\\/12\\\/Mitgliedschaft-EGS-300x300.jpg\"},{\"@type\":\"BreadcrumbList\",\"@id\":\"https:\\\/\\\/2020.eckankar.ch\\\/fr\\\/copie-de-ladhesion-a-egs-en-ligne-detail-de-la-banque\\\/#breadcrumb\",\"itemListElement\":[{\"@type\":\"ListItem\",\"position\":1,\"name\":\"Home\",\"item\":\"https:\\\/\\\/2020.eckankar.ch\\\/fr\\\/\"},{\"@type\":\"ListItem\",\"position\":2,\"name\":\"Copie de l&#8217;adh\u00e9sion \u00e0 EGS en ligne- D\u00e9tail de la banque\"}]},{\"@type\":\"WebSite\",\"@id\":\"https:\\\/\\\/2020.eckankar.ch\\\/fr\\\/#website\",\"url\":\"https:\\\/\\\/2020.eckankar.ch\\\/fr\\\/\",\"name\":\"Eckankar in Switzerland\",\"description\":\"The path of Spiritual Freedom\",\"publisher\":{\"@id\":\"https:\\\/\\\/2020.eckankar.ch\\\/fr\\\/#organization\"},\"potentialAction\":[{\"@type\":\"SearchAction\",\"target\":{\"@type\":\"EntryPoint\",\"urlTemplate\":\"https:\\\/\\\/2020.eckankar.ch\\\/fr\\\/?s={search_term_string}\"},\"query-input\":{\"@type\":\"PropertyValueSpecification\",\"valueRequired\":true,\"valueName\":\"search_term_string\"}}],\"inLanguage\":\"fr-FR\"},{\"@type\":\"Organization\",\"@id\":\"https:\\\/\\\/2020.eckankar.ch\\\/fr\\\/#organization\",\"name\":\"Eckankar\",\"url\":\"https:\\\/\\\/2020.eckankar.ch\\\/fr\\\/\",\"logo\":{\"@type\":\"ImageObject\",\"inLanguage\":\"fr-FR\",\"@id\":\"https:\\\/\\\/2020.eckankar.ch\\\/fr\\\/#\\\/schema\\\/logo\\\/image\\\/\",\"url\":\"https:\\\/\\\/2020.eckankar.ch\\\/wp-content\\\/uploads\\\/2018\\\/05\\\/logo_en.png\",\"contentUrl\":\"https:\\\/\\\/2020.eckankar.ch\\\/wp-content\\\/uploads\\\/2018\\\/05\\\/logo_en.png\",\"width\":288,\"height\":100,\"caption\":\"Eckankar\"},\"image\":{\"@id\":\"https:\\\/\\\/2020.eckankar.ch\\\/fr\\\/#\\\/schema\\\/logo\\\/image\\\/\"}}]}<\/script>\n<!-- \/ Yoast SEO plugin. -->","yoast_head_json":{"title":"Copie de l'adh\u00e9sion \u00e0 EGS en ligne- D\u00e9tail de la banque - Eckankar in Switzerland","robots":{"index":"index","follow":"follow","max-snippet":"max-snippet:-1","max-image-preview":"max-image-preview:large","max-video-preview":"max-video-preview:-1"},"canonical":"https:\/\/2020.eckankar.ch\/fr\/copie-de-ladhesion-a-egs-en-ligne-detail-de-la-banque\/","og_locale":"fr_FR","og_type":"article","og_title":"Copie de l'adh\u00e9sion \u00e0 EGS en ligne- D\u00e9tail de la banque - Eckankar in Switzerland","og_description":"EGS-Mitgliedschaft und allgemeine Spenden Herzlichen Dank Ihre Angaben wurden registriert und werden vertraulich behandelt. Bitte \u00fcberweisen Sie Ihre Spende mit dem Vermerk \u00ab\u00a0EGS-Mitgliedschaft\u00a0\u00bb auf das folgende Konto der ECKANKAR-Gesellschaft Schweiz: PostFinance Kontonummer: 30-2352-9 IBAN: CH67 0900 0000 3000 2352 9 BIC \/ Swift: POFICHBEXXX Oder scannen Sie diesen QR-Code &nbsp; &nbsp; Liebe Gr\u00fcsse im Licht&hellip;","og_url":"https:\/\/2020.eckankar.ch\/fr\/copie-de-ladhesion-a-egs-en-ligne-detail-de-la-banque\/","og_site_name":"Eckankar in Switzerland","article_modified_time":"2026-04-05T16:35:41+00:00","og_image":[{"url":"https:\/\/2020.eckankar.ch\/wp-content\/uploads\/2025\/12\/Mitgliedschaft-EGS-300x300.jpg","type":"","width":"","height":""}],"twitter_card":"summary_large_image","schema":{"@context":"https:\/\/schema.org","@graph":[{"@type":"WebPage","@id":"https:\/\/2020.eckankar.ch\/fr\/copie-de-ladhesion-a-egs-en-ligne-detail-de-la-banque\/","url":"https:\/\/2020.eckankar.ch\/fr\/copie-de-ladhesion-a-egs-en-ligne-detail-de-la-banque\/","name":"Copie de l'adh\u00e9sion \u00e0 EGS en ligne- D\u00e9tail de la banque - Eckankar in Switzerland","isPartOf":{"@id":"https:\/\/2020.eckankar.ch\/fr\/#website"},"primaryImageOfPage":{"@id":"https:\/\/2020.eckankar.ch\/fr\/copie-de-ladhesion-a-egs-en-ligne-detail-de-la-banque\/#primaryimage"},"image":{"@id":"https:\/\/2020.eckankar.ch\/fr\/copie-de-ladhesion-a-egs-en-ligne-detail-de-la-banque\/#primaryimage"},"thumbnailUrl":"https:\/\/2020.eckankar.ch\/wp-content\/uploads\/2025\/12\/Mitgliedschaft-EGS-300x300.jpg","datePublished":"2025-12-24T17:29:38+00:00","dateModified":"2026-04-05T16:35:41+00:00","breadcrumb":{"@id":"https:\/\/2020.eckankar.ch\/fr\/copie-de-ladhesion-a-egs-en-ligne-detail-de-la-banque\/#breadcrumb"},"inLanguage":"fr-FR","potentialAction":[{"@type":"ReadAction","target":["https:\/\/2020.eckankar.ch\/fr\/copie-de-ladhesion-a-egs-en-ligne-detail-de-la-banque\/"]}]},{"@type":"ImageObject","inLanguage":"fr-FR","@id":"https:\/\/2020.eckankar.ch\/fr\/copie-de-ladhesion-a-egs-en-ligne-detail-de-la-banque\/#primaryimage","url":"https:\/\/2020.eckankar.ch\/wp-content\/uploads\/2025\/12\/Mitgliedschaft-EGS-300x300.jpg","contentUrl":"https:\/\/2020.eckankar.ch\/wp-content\/uploads\/2025\/12\/Mitgliedschaft-EGS-300x300.jpg"},{"@type":"BreadcrumbList","@id":"https:\/\/2020.eckankar.ch\/fr\/copie-de-ladhesion-a-egs-en-ligne-detail-de-la-banque\/#breadcrumb","itemListElement":[{"@type":"ListItem","position":1,"name":"Home","item":"https:\/\/2020.eckankar.ch\/fr\/"},{"@type":"ListItem","position":2,"name":"Copie de l&#8217;adh\u00e9sion \u00e0 EGS en ligne- D\u00e9tail de la banque"}]},{"@type":"WebSite","@id":"https:\/\/2020.eckankar.ch\/fr\/#website","url":"https:\/\/2020.eckankar.ch\/fr\/","name":"Eckankar in Switzerland","description":"The path of Spiritual Freedom","publisher":{"@id":"https:\/\/2020.eckankar.ch\/fr\/#organization"},"potentialAction":[{"@type":"SearchAction","target":{"@type":"EntryPoint","urlTemplate":"https:\/\/2020.eckankar.ch\/fr\/?s={search_term_string}"},"query-input":{"@type":"PropertyValueSpecification","valueRequired":true,"valueName":"search_term_string"}}],"inLanguage":"fr-FR"},{"@type":"Organization","@id":"https:\/\/2020.eckankar.ch\/fr\/#organization","name":"Eckankar","url":"https:\/\/2020.eckankar.ch\/fr\/","logo":{"@type":"ImageObject","inLanguage":"fr-FR","@id":"https:\/\/2020.eckankar.ch\/fr\/#\/schema\/logo\/image\/","url":"https:\/\/2020.eckankar.ch\/wp-content\/uploads\/2018\/05\/logo_en.png","contentUrl":"https:\/\/2020.eckankar.ch\/wp-content\/uploads\/2018\/05\/logo_en.png","width":288,"height":100,"caption":"Eckankar"},"image":{"@id":"https:\/\/2020.eckankar.ch\/fr\/#\/schema\/logo\/image\/"}}]}},"_links":{"self":[{"href":"https:\/\/2020.eckankar.ch\/fr\/wp-json\/wp\/v2\/pages\/11709","targetHints":{"allow":["GET"]}}],"collection":[{"href":"https:\/\/2020.eckankar.ch\/fr\/wp-json\/wp\/v2\/pages"}],"about":[{"href":"https:\/\/2020.eckankar.ch\/fr\/wp-json\/wp\/v2\/types\/page"}],"author":[{"embeddable":true,"href":"https:\/\/2020.eckankar.ch\/fr\/wp-json\/wp\/v2\/users\/4"}],"replies":[{"embeddable":true,"href":"https:\/\/2020.eckankar.ch\/fr\/wp-json\/wp\/v2\/comments?post=11709"}],"version-history":[{"count":1,"href":"https:\/\/2020.eckankar.ch\/fr\/wp-json\/wp\/v2\/pages\/11709\/revisions"}],"predecessor-version":[{"id":12193,"href":"https:\/\/2020.eckankar.ch\/fr\/wp-json\/wp\/v2\/pages\/11709\/revisions\/12193"}],"wp:attachment":[{"href":"https:\/\/2020.eckankar.ch\/fr\/wp-json\/wp\/v2\/media?parent=11709"}],"curies":[{"name":"wp","href":"https:\/\/api.w.org\/{rel}","templated":true}]}}