{"id":11714,"date":"2025-12-24T12:34:43","date_gmt":"2025-12-24T11:34:43","guid":{"rendered":"https:\/\/2020.eckankar.ch\/adhesion-a-egs-et-dons-generaux-en-ligne\/"},"modified":"2026-02-26T10:54:03","modified_gmt":"2026-02-26T09:54:03","slug":"adhesion-a-egs-et-dons-generaux-en-ligne","status":"publish","type":"page","link":"https:\/\/2020.eckankar.ch\/fr\/adhesion-a-egs-et-dons-generaux-en-ligne\/","title":{"rendered":"Adh\u00e9sion \u00e0 EGS et dons g\u00e9n\u00e9raux en ligne"},"content":{"rendered":"\n<h2>\n\t\t\tAdh\u00e9sion \u00e0 ESS et dons g\u00e9n\u00e9raux\t<\/h2>\n\t<div class=\"wpforms-container wpforms-container-full\" id=\"wpforms-11720\"><form id=\"wpforms-form-11720\" class=\"wpforms-validate wpforms-form\" data-formid=\"11720\" method=\"post\" enctype=\"multipart\/form-data\" action=\"\/fr\/wp-json\/wp\/v2\/pages\/11714\" data-token=\"a15daef382ff480b06d53733e232bbcc\" data-token-time=\"1777517892\"><noscript class=\"wpforms-error-noscript\">Veuillez activer JavaScript dans votre navigateur pour remplir ce formulaire.<\/noscript><div class=\"wpforms-field-container\"><div id=\"wpforms-11720-field_1-container\" class=\"wpforms-field wpforms-field-name\" data-field-id=\"1\"><label class=\"wpforms-field-label\" for=\"wpforms-11720-field_1\">Nom et pr\u00e9nom <span class=\"wpforms-required-label\">*<\/span><\/label><div class=\"wpforms-field-row wpforms-field-large\"><div class=\"wpforms-field-row-block wpforms-first wpforms-one-half\"><input type=\"text\" id=\"wpforms-11720-field_1\" class=\"wpforms-field-name-first wpforms-field-required\" name=\"wpforms[fields][1][first]\" placeholder=\"Vorname\" required><label for=\"wpforms-11720-field_1\" class=\"wpforms-field-sublabel after wpforms-sublabel-hide\">Vorname<\/label><\/div><div class=\"wpforms-field-row-block wpforms-one-half\"><input type=\"text\" id=\"wpforms-11720-field_1-last\" class=\"wpforms-field-name-last wpforms-field-required\" name=\"wpforms[fields][1][last]\" placeholder=\"Nachname\" required><label for=\"wpforms-11720-field_1-last\" class=\"wpforms-field-sublabel after wpforms-sublabel-hide\">Nachname<\/label><\/div><\/div><\/div><div id=\"wpforms-11720-field_4-container\" class=\"wpforms-field wpforms-field-text\" data-field-id=\"4\"><label class=\"wpforms-field-label\" for=\"wpforms-11720-field_4\">Rue <span class=\"wpforms-required-label\">*<\/span><\/label><input type=\"text\" id=\"wpforms-11720-field_4\" class=\"wpforms-field-large wpforms-field-required\" name=\"wpforms[fields][4]\" placeholder=\"Strasse\" required><\/div><div id=\"wpforms-11720-field_5-container\" class=\"wpforms-field wpforms-field-text wpforms-one-half wpforms-first\" data-field-id=\"5\"><label class=\"wpforms-field-label\" for=\"wpforms-11720-field_5\">N\u00b0 postal <span class=\"wpforms-required-label\">*<\/span><\/label><input type=\"text\" id=\"wpforms-11720-field_5\" class=\"wpforms-field-medium wpforms-field-required\" name=\"wpforms[fields][5]\" required><\/div><div id=\"wpforms-11720-field_6-container\" class=\"wpforms-field wpforms-field-text wpforms-one-half\" data-field-id=\"6\"><label class=\"wpforms-field-label\" for=\"wpforms-11720-field_6\">Lieu <span class=\"wpforms-required-label\">*<\/span><\/label><input type=\"text\" id=\"wpforms-11720-field_6\" class=\"wpforms-field-medium wpforms-field-required\" name=\"wpforms[fields][6]\" required><\/div><div id=\"wpforms-11720-field_7-container\" class=\"wpforms-field wpforms-field-email\" data-field-id=\"7\"><label class=\"wpforms-field-label\" for=\"wpforms-11720-field_7\">Email<\/label><input type=\"email\" id=\"wpforms-11720-field_7\" class=\"wpforms-field-large\" name=\"wpforms[fields][7]\" spellcheck=\"false\" ><\/div><div id=\"wpforms-11720-field_20-container\" class=\"wpforms-field wpforms-field-payment-single\" data-field-id=\"20\"><label class=\"wpforms-field-label\" for=\"wpforms-11720-field_20\">Cotisation annuelle \u00e0 l&#039;ESS <span class=\"wpforms-required-label\">*<\/span><\/label><input type=\"text\" id=\"wpforms-11720-field_20\" class=\"wpforms-field-medium wpforms-field-required wpforms-payment-user-input wpforms-payment-price\" data-rule-currency=\"[&quot;$&quot;,false]\" data-rule-required-minimum-price=\"0.00\" data-rule-required-positive-number=\"1\" name=\"wpforms[fields][20]\"><div class=\"wpforms-field-description\">Don sugg\u00e9r\u00e9 : CHF 40.- ; gratuit pour les nouveaux \u00e9tudiants d\u2019ECKANKAR [USA] de premi\u00e8re et\ndeuxi\u00e8me ann\u00e9e d\u2019\u00e9tude\nLes membres de l'EGS re\u00e7oivent occasionnellement des communications de la soci\u00e9t\u00e9.<\/div><\/div><div id=\"wpforms-11720-field_10-container\" class=\"wpforms-field wpforms-field-checkbox\" data-field-id=\"10\"><label class=\"wpforms-field-label\">Les membres d\u2019Eckankar Soci\u00e9t\u00e9 Suisse (ESS) re\u00e7oivent le courrier de l\u2019ESS par email.<\/label><ul id=\"wpforms-11720-field_10\"><li class=\"choice-1 depth-1\"><input type=\"checkbox\" id=\"wpforms-11720-field_10_1\" name=\"wpforms[fields][10][]\" value=\"Je n\u2019ai pas d\u2019email et souhaite recevoir le courrier d\u2019ESS sur papier.\"  ><label class=\"wpforms-field-label-inline\" for=\"wpforms-11720-field_10_1\">Je n\u2019ai pas d\u2019email et souhaite recevoir le courrier d\u2019ESS sur papier.<\/label><\/li><\/ul><\/div><div id=\"wpforms-11720-field_18-container\" class=\"wpforms-field wpforms-field-payment-single\" data-field-id=\"18\"><label class=\"wpforms-field-label\" for=\"wpforms-11720-field_18\">Don g\u00e9n\u00e9ral suppl\u00e9mentaire<\/label><input type=\"text\" id=\"wpforms-11720-field_18\" class=\"wpforms-field-medium wpforms-payment-user-input wpforms-payment-price\" data-rule-currency=\"[&quot;$&quot;,false]\" data-rule-required-minimum-price=\"0.00\" name=\"wpforms[fields][18]\"><\/div><div id=\"wpforms-11720-field_17-container\" class=\"wpforms-field wpforms-field-payment-total wpforms-field-medium\" data-field-id=\"17\"><label class=\"wpforms-field-label\">Nontant total en francs suisses (CHF)<\/label><div class=\"wpforms-payment-total\" style=\"\">CHF0.00<\/div><input type=\"hidden\" id=\"wpforms-11720-field_17\" class=\"wpforms-field-medium wpforms-payment-total\" name=\"wpforms[fields][17]\" value=\"0\"><\/div><\/div><!-- .wpforms-field-container --><div class=\"wpforms-recaptcha-container wpforms-is-recaptcha wpforms-is-recaptcha-type-v2\" ><div class=\"g-recaptcha\" data-sitekey=\"6LdyX9QZAAAAAICQh7M2DMPPWKCvRYOF94AkC_08\"><\/div><input type=\"text\" name=\"g-recaptcha-hidden\" class=\"wpforms-recaptcha-hidden\" style=\"position:absolute!important;clip:rect(0,0,0,0)!important;height:1px!important;width:1px!important;border:0!important;overflow:hidden!important;padding:0!important;margin:0!important;\" data-rule-recaptcha=\"1\"><\/div><div class=\"wpforms-submit-container\" ><input type=\"hidden\" name=\"wpforms[id]\" value=\"11720\"><input type=\"hidden\" name=\"page_title\" value=\"\"><input type=\"hidden\" name=\"page_url\" value=\"https:\/\/2020.eckankar.ch\/fr\/wp-json\/wp\/v2\/pages\/11714\"><input type=\"hidden\" name=\"url_referer\" value=\"\"><button type=\"submit\" name=\"wpforms[submit]\" id=\"wpforms-submit-11720\" class=\"wpforms-submit\" aria-live=\"assertive\" value=\"wpforms-submit\">Envoyer<\/button><\/div><\/form><\/div>  <!-- .wpforms-container -->\n\tApr\u00e8s avoir appuy\u00e9 sur \u00ab\u00a0Envoyer\u00a0\u00bb, vous serez redirig\u00e9 vers une page contenant les informations relatives au versement.<br \/>\nVos informations seront trait\u00e9es de mani\u00e8re confidentielle<a href=\"https:\/\/2020.eckankar.ch\/datenschutzbestimmung\/\" target=\"_blank\" rel=\"noopener\">(disposition relative \u00e0 la protection des donn\u00e9es<\/a> de la Soci\u00e9t\u00e9 Eckankar Suisse).\n\n","protected":false},"excerpt":{"rendered":"<p>Adh\u00e9sion \u00e0 ESS et dons g\u00e9n\u00e9raux Apr\u00e8s avoir appuy\u00e9 sur \u00ab\u00a0Envoyer\u00a0\u00bb, vous serez redirig\u00e9 vers une page contenant les informations relatives au versement. Vos informations seront trait\u00e9es de mani\u00e8re confidentielle(disposition relative \u00e0 la protection des donn\u00e9es de la Soci\u00e9t\u00e9 Eckankar Suisse).<\/p>\n","protected":false},"author":4,"featured_media":0,"parent":0,"menu_order":0,"comment_status":"closed","ping_status":"closed","template":"","meta":{"_lmt_disableupdate":"","_lmt_disable":"","footnotes":""},"class_list":["post-11714","page","type-page","status-publish","hentry"],"yoast_head":"<!-- This site is optimized with the Yoast SEO plugin v27.5 - https:\/\/yoast.com\/product\/yoast-seo-wordpress\/ -->\n<title>Adh\u00e9sion \u00e0 EGS et dons g\u00e9n\u00e9raux en ligne - Eckankar in Switzerland<\/title>\n<meta name=\"robots\" content=\"index, follow, max-snippet:-1, max-image-preview:large, max-video-preview:-1\" \/>\n<link rel=\"canonical\" href=\"https:\/\/2020.eckankar.ch\/fr\/adhesion-a-egs-et-dons-generaux-en-ligne\/\" \/>\n<meta property=\"og:locale\" content=\"fr_FR\" \/>\n<meta property=\"og:type\" content=\"article\" \/>\n<meta property=\"og:title\" content=\"Adh\u00e9sion \u00e0 EGS et dons g\u00e9n\u00e9raux en ligne - Eckankar in Switzerland\" \/>\n<meta property=\"og:description\" content=\"Adh\u00e9sion \u00e0 ESS et dons g\u00e9n\u00e9raux Apr\u00e8s avoir appuy\u00e9 sur \u00ab\u00a0Envoyer\u00a0\u00bb, vous serez redirig\u00e9 vers une page contenant les informations relatives au versement. Vos informations seront trait\u00e9es de mani\u00e8re confidentielle(disposition relative \u00e0 la protection des donn\u00e9es de la Soci\u00e9t\u00e9 Eckankar Suisse).\" \/>\n<meta property=\"og:url\" content=\"https:\/\/2020.eckankar.ch\/fr\/adhesion-a-egs-et-dons-generaux-en-ligne\/\" \/>\n<meta property=\"og:site_name\" content=\"Eckankar in Switzerland\" \/>\n<meta property=\"article:modified_time\" content=\"2026-02-26T09:54:03+00:00\" \/>\n<meta name=\"twitter:card\" content=\"summary_large_image\" \/>\n<meta name=\"twitter:label1\" content=\"Dur\u00e9e de lecture estim\u00e9e\" \/>\n\t<meta name=\"twitter:data1\" content=\"1 minute\" \/>\n<script type=\"application\/ld+json\" class=\"yoast-schema-graph\">{\"@context\":\"https:\\\/\\\/schema.org\",\"@graph\":[{\"@type\":\"WebPage\",\"@id\":\"https:\\\/\\\/2020.eckankar.ch\\\/fr\\\/adhesion-a-egs-et-dons-generaux-en-ligne\\\/\",\"url\":\"https:\\\/\\\/2020.eckankar.ch\\\/fr\\\/adhesion-a-egs-et-dons-generaux-en-ligne\\\/\",\"name\":\"Adh\u00e9sion \u00e0 EGS et dons g\u00e9n\u00e9raux en ligne - Eckankar in Switzerland\",\"isPartOf\":{\"@id\":\"https:\\\/\\\/2020.eckankar.ch\\\/fr\\\/#website\"},\"datePublished\":\"2025-12-24T11:34:43+00:00\",\"dateModified\":\"2026-02-26T09:54:03+00:00\",\"breadcrumb\":{\"@id\":\"https:\\\/\\\/2020.eckankar.ch\\\/fr\\\/adhesion-a-egs-et-dons-generaux-en-ligne\\\/#breadcrumb\"},\"inLanguage\":\"fr-FR\",\"potentialAction\":[{\"@type\":\"ReadAction\",\"target\":[\"https:\\\/\\\/2020.eckankar.ch\\\/fr\\\/adhesion-a-egs-et-dons-generaux-en-ligne\\\/\"]}]},{\"@type\":\"BreadcrumbList\",\"@id\":\"https:\\\/\\\/2020.eckankar.ch\\\/fr\\\/adhesion-a-egs-et-dons-generaux-en-ligne\\\/#breadcrumb\",\"itemListElement\":[{\"@type\":\"ListItem\",\"position\":1,\"name\":\"Home\",\"item\":\"https:\\\/\\\/2020.eckankar.ch\\\/fr\\\/\"},{\"@type\":\"ListItem\",\"position\":2,\"name\":\"Adh\u00e9sion \u00e0 EGS et dons g\u00e9n\u00e9raux en ligne\"}]},{\"@type\":\"WebSite\",\"@id\":\"https:\\\/\\\/2020.eckankar.ch\\\/fr\\\/#website\",\"url\":\"https:\\\/\\\/2020.eckankar.ch\\\/fr\\\/\",\"name\":\"Eckankar in Switzerland\",\"description\":\"The path of Spiritual Freedom\",\"publisher\":{\"@id\":\"https:\\\/\\\/2020.eckankar.ch\\\/fr\\\/#organization\"},\"potentialAction\":[{\"@type\":\"SearchAction\",\"target\":{\"@type\":\"EntryPoint\",\"urlTemplate\":\"https:\\\/\\\/2020.eckankar.ch\\\/fr\\\/?s={search_term_string}\"},\"query-input\":{\"@type\":\"PropertyValueSpecification\",\"valueRequired\":true,\"valueName\":\"search_term_string\"}}],\"inLanguage\":\"fr-FR\"},{\"@type\":\"Organization\",\"@id\":\"https:\\\/\\\/2020.eckankar.ch\\\/fr\\\/#organization\",\"name\":\"Eckankar\",\"url\":\"https:\\\/\\\/2020.eckankar.ch\\\/fr\\\/\",\"logo\":{\"@type\":\"ImageObject\",\"inLanguage\":\"fr-FR\",\"@id\":\"https:\\\/\\\/2020.eckankar.ch\\\/fr\\\/#\\\/schema\\\/logo\\\/image\\\/\",\"url\":\"https:\\\/\\\/2020.eckankar.ch\\\/wp-content\\\/uploads\\\/2018\\\/05\\\/logo_en.png\",\"contentUrl\":\"https:\\\/\\\/2020.eckankar.ch\\\/wp-content\\\/uploads\\\/2018\\\/05\\\/logo_en.png\",\"width\":288,\"height\":100,\"caption\":\"Eckankar\"},\"image\":{\"@id\":\"https:\\\/\\\/2020.eckankar.ch\\\/fr\\\/#\\\/schema\\\/logo\\\/image\\\/\"}}]}<\/script>\n<!-- \/ Yoast SEO plugin. -->","yoast_head_json":{"title":"Adh\u00e9sion \u00e0 EGS et dons g\u00e9n\u00e9raux en ligne - Eckankar in Switzerland","robots":{"index":"index","follow":"follow","max-snippet":"max-snippet:-1","max-image-preview":"max-image-preview:large","max-video-preview":"max-video-preview:-1"},"canonical":"https:\/\/2020.eckankar.ch\/fr\/adhesion-a-egs-et-dons-generaux-en-ligne\/","og_locale":"fr_FR","og_type":"article","og_title":"Adh\u00e9sion \u00e0 EGS et dons g\u00e9n\u00e9raux en ligne - Eckankar in Switzerland","og_description":"Adh\u00e9sion \u00e0 ESS et dons g\u00e9n\u00e9raux Apr\u00e8s avoir appuy\u00e9 sur \u00ab\u00a0Envoyer\u00a0\u00bb, vous serez redirig\u00e9 vers une page contenant les informations relatives au versement. Vos informations seront trait\u00e9es de mani\u00e8re confidentielle(disposition relative \u00e0 la protection des donn\u00e9es de la Soci\u00e9t\u00e9 Eckankar Suisse).","og_url":"https:\/\/2020.eckankar.ch\/fr\/adhesion-a-egs-et-dons-generaux-en-ligne\/","og_site_name":"Eckankar in Switzerland","article_modified_time":"2026-02-26T09:54:03+00:00","twitter_card":"summary_large_image","twitter_misc":{"Dur\u00e9e de lecture estim\u00e9e":"1 minute"},"schema":{"@context":"https:\/\/schema.org","@graph":[{"@type":"WebPage","@id":"https:\/\/2020.eckankar.ch\/fr\/adhesion-a-egs-et-dons-generaux-en-ligne\/","url":"https:\/\/2020.eckankar.ch\/fr\/adhesion-a-egs-et-dons-generaux-en-ligne\/","name":"Adh\u00e9sion \u00e0 EGS et dons g\u00e9n\u00e9raux en ligne - Eckankar in Switzerland","isPartOf":{"@id":"https:\/\/2020.eckankar.ch\/fr\/#website"},"datePublished":"2025-12-24T11:34:43+00:00","dateModified":"2026-02-26T09:54:03+00:00","breadcrumb":{"@id":"https:\/\/2020.eckankar.ch\/fr\/adhesion-a-egs-et-dons-generaux-en-ligne\/#breadcrumb"},"inLanguage":"fr-FR","potentialAction":[{"@type":"ReadAction","target":["https:\/\/2020.eckankar.ch\/fr\/adhesion-a-egs-et-dons-generaux-en-ligne\/"]}]},{"@type":"BreadcrumbList","@id":"https:\/\/2020.eckankar.ch\/fr\/adhesion-a-egs-et-dons-generaux-en-ligne\/#breadcrumb","itemListElement":[{"@type":"ListItem","position":1,"name":"Home","item":"https:\/\/2020.eckankar.ch\/fr\/"},{"@type":"ListItem","position":2,"name":"Adh\u00e9sion \u00e0 EGS et dons g\u00e9n\u00e9raux en ligne"}]},{"@type":"WebSite","@id":"https:\/\/2020.eckankar.ch\/fr\/#website","url":"https:\/\/2020.eckankar.ch\/fr\/","name":"Eckankar in Switzerland","description":"The path of Spiritual Freedom","publisher":{"@id":"https:\/\/2020.eckankar.ch\/fr\/#organization"},"potentialAction":[{"@type":"SearchAction","target":{"@type":"EntryPoint","urlTemplate":"https:\/\/2020.eckankar.ch\/fr\/?s={search_term_string}"},"query-input":{"@type":"PropertyValueSpecification","valueRequired":true,"valueName":"search_term_string"}}],"inLanguage":"fr-FR"},{"@type":"Organization","@id":"https:\/\/2020.eckankar.ch\/fr\/#organization","name":"Eckankar","url":"https:\/\/2020.eckankar.ch\/fr\/","logo":{"@type":"ImageObject","inLanguage":"fr-FR","@id":"https:\/\/2020.eckankar.ch\/fr\/#\/schema\/logo\/image\/","url":"https:\/\/2020.eckankar.ch\/wp-content\/uploads\/2018\/05\/logo_en.png","contentUrl":"https:\/\/2020.eckankar.ch\/wp-content\/uploads\/2018\/05\/logo_en.png","width":288,"height":100,"caption":"Eckankar"},"image":{"@id":"https:\/\/2020.eckankar.ch\/fr\/#\/schema\/logo\/image\/"}}]}},"_links":{"self":[{"href":"https:\/\/2020.eckankar.ch\/fr\/wp-json\/wp\/v2\/pages\/11714","targetHints":{"allow":["GET"]}}],"collection":[{"href":"https:\/\/2020.eckankar.ch\/fr\/wp-json\/wp\/v2\/pages"}],"about":[{"href":"https:\/\/2020.eckankar.ch\/fr\/wp-json\/wp\/v2\/types\/page"}],"author":[{"embeddable":true,"href":"https:\/\/2020.eckankar.ch\/fr\/wp-json\/wp\/v2\/users\/4"}],"replies":[{"embeddable":true,"href":"https:\/\/2020.eckankar.ch\/fr\/wp-json\/wp\/v2\/comments?post=11714"}],"version-history":[{"count":2,"href":"https:\/\/2020.eckankar.ch\/fr\/wp-json\/wp\/v2\/pages\/11714\/revisions"}],"predecessor-version":[{"id":11764,"href":"https:\/\/2020.eckankar.ch\/fr\/wp-json\/wp\/v2\/pages\/11714\/revisions\/11764"}],"wp:attachment":[{"href":"https:\/\/2020.eckankar.ch\/fr\/wp-json\/wp\/v2\/media?parent=11714"}],"curies":[{"name":"wp","href":"https:\/\/api.w.org\/{rel}","templated":true}]}}