{"id":11149,"date":"2023-08-03T14:50:50","date_gmt":"2023-08-03T12:50:50","guid":{"rendered":"https:\/\/2020.eckankar.ch\/in-modo-semplice\/"},"modified":"2025-11-25T17:05:22","modified_gmt":"2025-11-25T16:05:22","slug":"in-modo-semplice","status":"publish","type":"page","link":"https:\/\/2020.eckankar.ch\/it\/in-modo-semplice\/","title":{"rendered":"La via facile"},"content":{"rendered":"\n\n\t\t\t<h3>La via facile<\/h3>\t\t\t\n\t\t\t\t<p>&#8220;La via facile&#8221; \u00e8 il primo corso di studi spirituali sull&#8217;esplorazione di s\u00e9 che i nuovi membri di Eckankar ricevono. Pu\u00f2 essere studiato individualmente a casa o, se lo desideri, insieme ad altri in un piccolo gruppo. Qualunque siano i tuoi obiettivi di vita, &#8220;La via facile&#8221; ti aiuta a vederli e a perseguirli da una prospettiva spirituale pi\u00f9 elevata.<br \/>Il corso, di un anno di studio, comprende dodici dispense mensili dal contenuto stimolante. Alla fine di ogni lezione viene presentato un esercizio spirituale. Il corso \u00e8 disponibile anche online con materiali aggiuntivi in inglese, come estratti audio di Harold Klemp o attivit\u00e0 per ogni lezione.<\/p>\n<p>Gli argomenti del corso includono<\/p>\n<ul>\n<li>In quanto Anima sei libero<\/li>\n<li>La reincarnazione, la ragione per cui sei tornato sulla terra<\/li>\n<li>Possiamo vivere in un mondo senza amore?<\/li>\n<li>I mondi divini, dove nessuno \u00e8 mai stato?<\/li>\n<\/ul>\n<p>&#8230; e molto altro ancora.<\/p>\n<p>L&#8217;iscrizione a ECKANKAR \u00e8 valida <strong>solo per un anno<\/strong> e termina automaticamente se non viene rinnovata. Si raccomanda una <strong>donazione<\/strong> <strong>annuale<\/strong> di 75 dollari per un individuo o di 150 dollari per le famiglie.<\/p>\n\t\t\t\t<img decoding=\"async\" src=\"https:\/\/2020.eckankar.ch\/wp-content\/uploads\/2025\/10\/La_dispense.png\" alt=\"La_dispense\" itemprop=\"image\" height=\"508\" width=\"329\" title=\"La_dispense\" onerror=\"this.style.display='none'\" loading=\"lazy\" \/>\n\n","protected":false},"excerpt":{"rendered":"<p>La via facile &#8220;La via facile&#8221; \u00e8 il primo corso di studi spirituali sull&#8217;esplorazione di s\u00e9 che i nuovi membri di Eckankar ricevono. Pu\u00f2 essere studiato individualmente a casa o, se lo desideri, insieme ad altri in un piccolo gruppo. Qualunque siano i tuoi obiettivi di vita, &#8220;La via facile&#8221; ti aiuta a vederli e&hellip;<\/p>\n","protected":false},"author":12,"featured_media":0,"parent":0,"menu_order":0,"comment_status":"closed","ping_status":"closed","template":"","meta":{"_lmt_disableupdate":"","_lmt_disable":"","footnotes":""},"class_list":["post-11149","page","type-page","status-publish","hentry"],"yoast_head":"<!-- This site is optimized with the Yoast SEO plugin v27.4 - https:\/\/yoast.com\/product\/yoast-seo-wordpress\/ -->\n<title>La via facile - Eckankar in Switzerland<\/title>\n<meta name=\"robots\" content=\"index, follow, max-snippet:-1, max-image-preview:large, max-video-preview:-1\" \/>\n<link rel=\"canonical\" href=\"https:\/\/2020.eckankar.ch\/it\/in-modo-semplice\/\" \/>\n<meta property=\"og:locale\" content=\"it_IT\" \/>\n<meta property=\"og:type\" content=\"article\" \/>\n<meta property=\"og:title\" content=\"La via facile - Eckankar in Switzerland\" \/>\n<meta property=\"og:description\" content=\"La via facile &#8220;La via facile&#8221; \u00e8 il primo corso di studi spirituali sull&#8217;esplorazione di s\u00e9 che i nuovi membri di Eckankar ricevono. Pu\u00f2 essere studiato individualmente a casa o, se lo desideri, insieme ad altri in un piccolo gruppo. Qualunque siano i tuoi obiettivi di vita, &#8220;La via facile&#8221; ti aiuta a vederli e&hellip;\" \/>\n<meta property=\"og:url\" content=\"https:\/\/2020.eckankar.ch\/it\/in-modo-semplice\/\" \/>\n<meta property=\"og:site_name\" content=\"Eckankar in Switzerland\" \/>\n<meta property=\"article:modified_time\" content=\"2025-11-25T16:05:22+00:00\" \/>\n<meta property=\"og:image\" content=\"https:\/\/2020.eckankar.ch\/wp-content\/uploads\/2025\/10\/La_dispense.png\" \/>\n<meta name=\"twitter:card\" content=\"summary_large_image\" \/>\n<meta name=\"twitter:label1\" content=\"Tempo di lettura stimato\" \/>\n\t<meta name=\"twitter:data1\" content=\"1 minuto\" \/>\n<script type=\"application\/ld+json\" class=\"yoast-schema-graph\">{\"@context\":\"https:\\\/\\\/schema.org\",\"@graph\":[{\"@type\":\"WebPage\",\"@id\":\"https:\\\/\\\/2020.eckankar.ch\\\/it\\\/in-modo-semplice\\\/\",\"url\":\"https:\\\/\\\/2020.eckankar.ch\\\/it\\\/in-modo-semplice\\\/\",\"name\":\"La via facile - Eckankar in Switzerland\",\"isPartOf\":{\"@id\":\"https:\\\/\\\/2020.eckankar.ch\\\/it\\\/#website\"},\"primaryImageOfPage\":{\"@id\":\"https:\\\/\\\/2020.eckankar.ch\\\/it\\\/in-modo-semplice\\\/#primaryimage\"},\"image\":{\"@id\":\"https:\\\/\\\/2020.eckankar.ch\\\/it\\\/in-modo-semplice\\\/#primaryimage\"},\"thumbnailUrl\":\"https:\\\/\\\/2020.eckankar.ch\\\/wp-content\\\/uploads\\\/2025\\\/10\\\/La_dispense.png\",\"datePublished\":\"2023-08-03T12:50:50+00:00\",\"dateModified\":\"2025-11-25T16:05:22+00:00\",\"breadcrumb\":{\"@id\":\"https:\\\/\\\/2020.eckankar.ch\\\/it\\\/in-modo-semplice\\\/#breadcrumb\"},\"inLanguage\":\"it-IT\",\"potentialAction\":[{\"@type\":\"ReadAction\",\"target\":[\"https:\\\/\\\/2020.eckankar.ch\\\/it\\\/in-modo-semplice\\\/\"]}]},{\"@type\":\"ImageObject\",\"inLanguage\":\"it-IT\",\"@id\":\"https:\\\/\\\/2020.eckankar.ch\\\/it\\\/in-modo-semplice\\\/#primaryimage\",\"url\":\"https:\\\/\\\/2020.eckankar.ch\\\/wp-content\\\/uploads\\\/2025\\\/10\\\/La_dispense.png\",\"contentUrl\":\"https:\\\/\\\/2020.eckankar.ch\\\/wp-content\\\/uploads\\\/2025\\\/10\\\/La_dispense.png\"},{\"@type\":\"BreadcrumbList\",\"@id\":\"https:\\\/\\\/2020.eckankar.ch\\\/it\\\/in-modo-semplice\\\/#breadcrumb\",\"itemListElement\":[{\"@type\":\"ListItem\",\"position\":1,\"name\":\"Home\",\"item\":\"https:\\\/\\\/2020.eckankar.ch\\\/it\\\/\"},{\"@type\":\"ListItem\",\"position\":2,\"name\":\"La via facile\"}]},{\"@type\":\"WebSite\",\"@id\":\"https:\\\/\\\/2020.eckankar.ch\\\/it\\\/#website\",\"url\":\"https:\\\/\\\/2020.eckankar.ch\\\/it\\\/\",\"name\":\"Eckankar in Switzerland\",\"description\":\"The path of Spiritual Freedom\",\"publisher\":{\"@id\":\"https:\\\/\\\/2020.eckankar.ch\\\/it\\\/#organization\"},\"potentialAction\":[{\"@type\":\"SearchAction\",\"target\":{\"@type\":\"EntryPoint\",\"urlTemplate\":\"https:\\\/\\\/2020.eckankar.ch\\\/it\\\/?s={search_term_string}\"},\"query-input\":{\"@type\":\"PropertyValueSpecification\",\"valueRequired\":true,\"valueName\":\"search_term_string\"}}],\"inLanguage\":\"it-IT\"},{\"@type\":\"Organization\",\"@id\":\"https:\\\/\\\/2020.eckankar.ch\\\/it\\\/#organization\",\"name\":\"Eckankar\",\"url\":\"https:\\\/\\\/2020.eckankar.ch\\\/it\\\/\",\"logo\":{\"@type\":\"ImageObject\",\"inLanguage\":\"it-IT\",\"@id\":\"https:\\\/\\\/2020.eckankar.ch\\\/it\\\/#\\\/schema\\\/logo\\\/image\\\/\",\"url\":\"https:\\\/\\\/2020.eckankar.ch\\\/wp-content\\\/uploads\\\/2018\\\/05\\\/logo_en.png\",\"contentUrl\":\"https:\\\/\\\/2020.eckankar.ch\\\/wp-content\\\/uploads\\\/2018\\\/05\\\/logo_en.png\",\"width\":288,\"height\":100,\"caption\":\"Eckankar\"},\"image\":{\"@id\":\"https:\\\/\\\/2020.eckankar.ch\\\/it\\\/#\\\/schema\\\/logo\\\/image\\\/\"}}]}<\/script>\n<!-- \/ Yoast SEO plugin. -->","yoast_head_json":{"title":"La via facile - Eckankar in Switzerland","robots":{"index":"index","follow":"follow","max-snippet":"max-snippet:-1","max-image-preview":"max-image-preview:large","max-video-preview":"max-video-preview:-1"},"canonical":"https:\/\/2020.eckankar.ch\/it\/in-modo-semplice\/","og_locale":"it_IT","og_type":"article","og_title":"La via facile - Eckankar in Switzerland","og_description":"La via facile &#8220;La via facile&#8221; \u00e8 il primo corso di studi spirituali sull&#8217;esplorazione di s\u00e9 che i nuovi membri di Eckankar ricevono. Pu\u00f2 essere studiato individualmente a casa o, se lo desideri, insieme ad altri in un piccolo gruppo. Qualunque siano i tuoi obiettivi di vita, &#8220;La via facile&#8221; ti aiuta a vederli e&hellip;","og_url":"https:\/\/2020.eckankar.ch\/it\/in-modo-semplice\/","og_site_name":"Eckankar in Switzerland","article_modified_time":"2025-11-25T16:05:22+00:00","og_image":[{"url":"https:\/\/2020.eckankar.ch\/wp-content\/uploads\/2025\/10\/La_dispense.png","type":"","width":"","height":""}],"twitter_card":"summary_large_image","twitter_misc":{"Tempo di lettura stimato":"1 minuto"},"schema":{"@context":"https:\/\/schema.org","@graph":[{"@type":"WebPage","@id":"https:\/\/2020.eckankar.ch\/it\/in-modo-semplice\/","url":"https:\/\/2020.eckankar.ch\/it\/in-modo-semplice\/","name":"La via facile - Eckankar in Switzerland","isPartOf":{"@id":"https:\/\/2020.eckankar.ch\/it\/#website"},"primaryImageOfPage":{"@id":"https:\/\/2020.eckankar.ch\/it\/in-modo-semplice\/#primaryimage"},"image":{"@id":"https:\/\/2020.eckankar.ch\/it\/in-modo-semplice\/#primaryimage"},"thumbnailUrl":"https:\/\/2020.eckankar.ch\/wp-content\/uploads\/2025\/10\/La_dispense.png","datePublished":"2023-08-03T12:50:50+00:00","dateModified":"2025-11-25T16:05:22+00:00","breadcrumb":{"@id":"https:\/\/2020.eckankar.ch\/it\/in-modo-semplice\/#breadcrumb"},"inLanguage":"it-IT","potentialAction":[{"@type":"ReadAction","target":["https:\/\/2020.eckankar.ch\/it\/in-modo-semplice\/"]}]},{"@type":"ImageObject","inLanguage":"it-IT","@id":"https:\/\/2020.eckankar.ch\/it\/in-modo-semplice\/#primaryimage","url":"https:\/\/2020.eckankar.ch\/wp-content\/uploads\/2025\/10\/La_dispense.png","contentUrl":"https:\/\/2020.eckankar.ch\/wp-content\/uploads\/2025\/10\/La_dispense.png"},{"@type":"BreadcrumbList","@id":"https:\/\/2020.eckankar.ch\/it\/in-modo-semplice\/#breadcrumb","itemListElement":[{"@type":"ListItem","position":1,"name":"Home","item":"https:\/\/2020.eckankar.ch\/it\/"},{"@type":"ListItem","position":2,"name":"La via facile"}]},{"@type":"WebSite","@id":"https:\/\/2020.eckankar.ch\/it\/#website","url":"https:\/\/2020.eckankar.ch\/it\/","name":"Eckankar in Switzerland","description":"The path of Spiritual Freedom","publisher":{"@id":"https:\/\/2020.eckankar.ch\/it\/#organization"},"potentialAction":[{"@type":"SearchAction","target":{"@type":"EntryPoint","urlTemplate":"https:\/\/2020.eckankar.ch\/it\/?s={search_term_string}"},"query-input":{"@type":"PropertyValueSpecification","valueRequired":true,"valueName":"search_term_string"}}],"inLanguage":"it-IT"},{"@type":"Organization","@id":"https:\/\/2020.eckankar.ch\/it\/#organization","name":"Eckankar","url":"https:\/\/2020.eckankar.ch\/it\/","logo":{"@type":"ImageObject","inLanguage":"it-IT","@id":"https:\/\/2020.eckankar.ch\/it\/#\/schema\/logo\/image\/","url":"https:\/\/2020.eckankar.ch\/wp-content\/uploads\/2018\/05\/logo_en.png","contentUrl":"https:\/\/2020.eckankar.ch\/wp-content\/uploads\/2018\/05\/logo_en.png","width":288,"height":100,"caption":"Eckankar"},"image":{"@id":"https:\/\/2020.eckankar.ch\/it\/#\/schema\/logo\/image\/"}}]}},"_links":{"self":[{"href":"https:\/\/2020.eckankar.ch\/it\/wp-json\/wp\/v2\/pages\/11149","targetHints":{"allow":["GET"]}}],"collection":[{"href":"https:\/\/2020.eckankar.ch\/it\/wp-json\/wp\/v2\/pages"}],"about":[{"href":"https:\/\/2020.eckankar.ch\/it\/wp-json\/wp\/v2\/types\/page"}],"author":[{"embeddable":true,"href":"https:\/\/2020.eckankar.ch\/it\/wp-json\/wp\/v2\/users\/12"}],"replies":[{"embeddable":true,"href":"https:\/\/2020.eckankar.ch\/it\/wp-json\/wp\/v2\/comments?post=11149"}],"version-history":[{"count":4,"href":"https:\/\/2020.eckankar.ch\/it\/wp-json\/wp\/v2\/pages\/11149\/revisions"}],"predecessor-version":[{"id":11448,"href":"https:\/\/2020.eckankar.ch\/it\/wp-json\/wp\/v2\/pages\/11149\/revisions\/11448"}],"wp:attachment":[{"href":"https:\/\/2020.eckankar.ch\/it\/wp-json\/wp\/v2\/media?parent=11149"}],"curies":[{"name":"wp","href":"https:\/\/api.w.org\/{rel}","templated":true}]}}