{"id":11150,"date":"2024-07-25T17:59:55","date_gmt":"2024-07-25T15:59:55","guid":{"rendered":"https:\/\/2020.eckankar.ch\/pagina-di-destinazione-avviata\/"},"modified":"2025-10-14T18:28:50","modified_gmt":"2025-10-14T16:28:50","slug":"pagina-di-destinazione-avviata","status":"publish","type":"page","link":"https:\/\/2020.eckankar.ch\/it\/pagina-di-destinazione-avviata\/","title":{"rendered":"Pagina di destinazione avviata"},"content":{"rendered":"\n\n\t<h2>Pagine per gli iniziati<\/h2>\nQueste pagine sono dedicate a coloro che si sono iscritti ai corsi di vita spirituale di Eckankar.<br \/>\nChiunque sia interessato pu\u00f2 esplorare i benefici dei corsi e delle iniziazioni ECK.\n<p>Puoi <a href=\"https:\/\/www.eckankar.org\/membership-start\/\">registrarti qui<\/a>.<\/p>\n\t\t\t\t<img decoding=\"async\" src=\"https:\/\/2020.eckankar.ch\/wp-content\/uploads\/2018\/03\/gold.jpg\" alt=\"gold\"\/>\n\t\t\t<h3>Eventi \u00c9v\u00e9nements Eventi<\/h3>\n\t\t<a href=\"https:\/\/2020.eckankar.ch\/it\/tutte-le-regioni\/\" target=\"_blank\" rel=\"noopener\" aria-label=\"Go to https:\/\/2020.eckankar.ch\/it\/tutte-le-regioni\/\"><\/a>\n\t\t\t\t<img decoding=\"async\" src=\"https:\/\/2020.eckankar.ch\/wp-content\/uploads\/2018\/03\/gold.jpg\" alt=\"gold\"\/>\n\t\t\t<h2>Pagine protette da password<\/h2>\n\t\t<a href=\"https:\/\/2020.eckankar.ch\/it\/pagina_membro_nuova\/\" target=\"_blank\" rel=\"noopener\" aria-label=\"Go to https:\/\/2020.eckankar.ch\/it\/pagina_membro_nuova\/\"><\/a>\n\t\t\t\t<img decoding=\"async\" src=\"https:\/\/2020.eckankar.ch\/wp-content\/uploads\/2018\/03\/gold.jpg\" alt=\"gold\"\/>\n\t\t\t<h2>Le celebrazioni ECK della vita<\/h2>\n\t\t<a href=\"https:\/\/2020.eckankar.ch\/it\/festeggiamenti-ad-angolo-nel-corso-della-vita\/\" target=\"_blank\" rel=\"noopener\" aria-label=\"Go to https:\/\/2020.eckankar.ch\/it\/festeggiamenti-ad-angolo-nel-corso-della-vita\/\"><\/a>\n\n","protected":false},"excerpt":{"rendered":"<p>Pagine per gli iniziati Queste pagine sono dedicate a coloro che si sono iscritti ai corsi di vita spirituale di Eckankar. Chiunque sia interessato pu\u00f2 esplorare i benefici dei corsi e delle iniziazioni ECK. Puoi registrarti qui. Eventi \u00c9v\u00e9nements Eventi Pagine protette da password Le celebrazioni ECK della vita<\/p>\n","protected":false},"author":12,"featured_media":0,"parent":0,"menu_order":0,"comment_status":"closed","ping_status":"closed","template":"","meta":{"_lmt_disableupdate":"","_lmt_disable":"","footnotes":""},"class_list":["post-11150","page","type-page","status-publish","hentry"],"yoast_head":"<!-- This site is optimized with the Yoast SEO plugin v27.4 - https:\/\/yoast.com\/product\/yoast-seo-wordpress\/ -->\n<title>Pagina di destinazione avviata - Eckankar in Switzerland<\/title>\n<meta name=\"description\" content=\"Pagine per gli iniziati a Eckankar con varie informazioni ed eventi non pubblici\" \/>\n<meta name=\"robots\" content=\"index, follow, max-snippet:-1, max-image-preview:large, max-video-preview:-1\" \/>\n<link rel=\"canonical\" href=\"https:\/\/2020.eckankar.ch\/it\/pagina-di-destinazione-avviata\/\" \/>\n<meta property=\"og:locale\" content=\"it_IT\" \/>\n<meta property=\"og:type\" content=\"article\" \/>\n<meta property=\"og:title\" content=\"Pagina di destinazione avviata - Eckankar in Switzerland\" \/>\n<meta property=\"og:description\" content=\"Pagine per gli iniziati a Eckankar con varie informazioni ed eventi non pubblici\" \/>\n<meta property=\"og:url\" content=\"https:\/\/2020.eckankar.ch\/it\/pagina-di-destinazione-avviata\/\" \/>\n<meta property=\"og:site_name\" content=\"Eckankar in Switzerland\" \/>\n<meta property=\"article:modified_time\" content=\"2025-10-14T16:28:50+00:00\" \/>\n<meta property=\"og:image\" content=\"https:\/\/2020.eckankar.ch\/wp-content\/uploads\/2018\/03\/gold.jpg\" \/>\n<meta name=\"twitter:card\" content=\"summary_large_image\" \/>\n<meta name=\"twitter:label1\" content=\"Tempo di lettura stimato\" \/>\n\t<meta name=\"twitter:data1\" content=\"2 minuti\" \/>\n<script type=\"application\/ld+json\" class=\"yoast-schema-graph\">{\"@context\":\"https:\\\/\\\/schema.org\",\"@graph\":[{\"@type\":\"WebPage\",\"@id\":\"https:\\\/\\\/2020.eckankar.ch\\\/it\\\/pagina-di-destinazione-avviata\\\/\",\"url\":\"https:\\\/\\\/2020.eckankar.ch\\\/it\\\/pagina-di-destinazione-avviata\\\/\",\"name\":\"Pagina di destinazione avviata - Eckankar in Switzerland\",\"isPartOf\":{\"@id\":\"https:\\\/\\\/2020.eckankar.ch\\\/it\\\/#website\"},\"primaryImageOfPage\":{\"@id\":\"https:\\\/\\\/2020.eckankar.ch\\\/it\\\/pagina-di-destinazione-avviata\\\/#primaryimage\"},\"image\":{\"@id\":\"https:\\\/\\\/2020.eckankar.ch\\\/it\\\/pagina-di-destinazione-avviata\\\/#primaryimage\"},\"thumbnailUrl\":\"https:\\\/\\\/2020.eckankar.ch\\\/wp-content\\\/uploads\\\/2018\\\/03\\\/gold.jpg\",\"datePublished\":\"2024-07-25T15:59:55+00:00\",\"dateModified\":\"2025-10-14T16:28:50+00:00\",\"description\":\"Pagine per gli iniziati a Eckankar con varie informazioni ed eventi non pubblici\",\"breadcrumb\":{\"@id\":\"https:\\\/\\\/2020.eckankar.ch\\\/it\\\/pagina-di-destinazione-avviata\\\/#breadcrumb\"},\"inLanguage\":\"it-IT\",\"potentialAction\":[{\"@type\":\"ReadAction\",\"target\":[\"https:\\\/\\\/2020.eckankar.ch\\\/it\\\/pagina-di-destinazione-avviata\\\/\"]}]},{\"@type\":\"ImageObject\",\"inLanguage\":\"it-IT\",\"@id\":\"https:\\\/\\\/2020.eckankar.ch\\\/it\\\/pagina-di-destinazione-avviata\\\/#primaryimage\",\"url\":\"https:\\\/\\\/2020.eckankar.ch\\\/wp-content\\\/uploads\\\/2018\\\/03\\\/gold.jpg\",\"contentUrl\":\"https:\\\/\\\/2020.eckankar.ch\\\/wp-content\\\/uploads\\\/2018\\\/03\\\/gold.jpg\"},{\"@type\":\"BreadcrumbList\",\"@id\":\"https:\\\/\\\/2020.eckankar.ch\\\/it\\\/pagina-di-destinazione-avviata\\\/#breadcrumb\",\"itemListElement\":[{\"@type\":\"ListItem\",\"position\":1,\"name\":\"Home\",\"item\":\"https:\\\/\\\/2020.eckankar.ch\\\/it\\\/\"},{\"@type\":\"ListItem\",\"position\":2,\"name\":\"Pagina di destinazione avviata\"}]},{\"@type\":\"WebSite\",\"@id\":\"https:\\\/\\\/2020.eckankar.ch\\\/it\\\/#website\",\"url\":\"https:\\\/\\\/2020.eckankar.ch\\\/it\\\/\",\"name\":\"Eckankar in Switzerland\",\"description\":\"The path of Spiritual Freedom\",\"publisher\":{\"@id\":\"https:\\\/\\\/2020.eckankar.ch\\\/it\\\/#organization\"},\"potentialAction\":[{\"@type\":\"SearchAction\",\"target\":{\"@type\":\"EntryPoint\",\"urlTemplate\":\"https:\\\/\\\/2020.eckankar.ch\\\/it\\\/?s={search_term_string}\"},\"query-input\":{\"@type\":\"PropertyValueSpecification\",\"valueRequired\":true,\"valueName\":\"search_term_string\"}}],\"inLanguage\":\"it-IT\"},{\"@type\":\"Organization\",\"@id\":\"https:\\\/\\\/2020.eckankar.ch\\\/it\\\/#organization\",\"name\":\"Eckankar\",\"url\":\"https:\\\/\\\/2020.eckankar.ch\\\/it\\\/\",\"logo\":{\"@type\":\"ImageObject\",\"inLanguage\":\"it-IT\",\"@id\":\"https:\\\/\\\/2020.eckankar.ch\\\/it\\\/#\\\/schema\\\/logo\\\/image\\\/\",\"url\":\"https:\\\/\\\/2020.eckankar.ch\\\/wp-content\\\/uploads\\\/2018\\\/05\\\/logo_en.png\",\"contentUrl\":\"https:\\\/\\\/2020.eckankar.ch\\\/wp-content\\\/uploads\\\/2018\\\/05\\\/logo_en.png\",\"width\":288,\"height\":100,\"caption\":\"Eckankar\"},\"image\":{\"@id\":\"https:\\\/\\\/2020.eckankar.ch\\\/it\\\/#\\\/schema\\\/logo\\\/image\\\/\"}}]}<\/script>\n<!-- \/ Yoast SEO plugin. -->","yoast_head_json":{"title":"Pagina di destinazione avviata - Eckankar in Switzerland","description":"Pagine per gli iniziati a Eckankar con varie informazioni ed eventi non pubblici","robots":{"index":"index","follow":"follow","max-snippet":"max-snippet:-1","max-image-preview":"max-image-preview:large","max-video-preview":"max-video-preview:-1"},"canonical":"https:\/\/2020.eckankar.ch\/it\/pagina-di-destinazione-avviata\/","og_locale":"it_IT","og_type":"article","og_title":"Pagina di destinazione avviata - Eckankar in Switzerland","og_description":"Pagine per gli iniziati a Eckankar con varie informazioni ed eventi non pubblici","og_url":"https:\/\/2020.eckankar.ch\/it\/pagina-di-destinazione-avviata\/","og_site_name":"Eckankar in Switzerland","article_modified_time":"2025-10-14T16:28:50+00:00","og_image":[{"url":"https:\/\/2020.eckankar.ch\/wp-content\/uploads\/2018\/03\/gold.jpg","type":"","width":"","height":""}],"twitter_card":"summary_large_image","twitter_misc":{"Tempo di lettura stimato":"2 minuti"},"schema":{"@context":"https:\/\/schema.org","@graph":[{"@type":"WebPage","@id":"https:\/\/2020.eckankar.ch\/it\/pagina-di-destinazione-avviata\/","url":"https:\/\/2020.eckankar.ch\/it\/pagina-di-destinazione-avviata\/","name":"Pagina di destinazione avviata - Eckankar in Switzerland","isPartOf":{"@id":"https:\/\/2020.eckankar.ch\/it\/#website"},"primaryImageOfPage":{"@id":"https:\/\/2020.eckankar.ch\/it\/pagina-di-destinazione-avviata\/#primaryimage"},"image":{"@id":"https:\/\/2020.eckankar.ch\/it\/pagina-di-destinazione-avviata\/#primaryimage"},"thumbnailUrl":"https:\/\/2020.eckankar.ch\/wp-content\/uploads\/2018\/03\/gold.jpg","datePublished":"2024-07-25T15:59:55+00:00","dateModified":"2025-10-14T16:28:50+00:00","description":"Pagine per gli iniziati a Eckankar con varie informazioni ed eventi non pubblici","breadcrumb":{"@id":"https:\/\/2020.eckankar.ch\/it\/pagina-di-destinazione-avviata\/#breadcrumb"},"inLanguage":"it-IT","potentialAction":[{"@type":"ReadAction","target":["https:\/\/2020.eckankar.ch\/it\/pagina-di-destinazione-avviata\/"]}]},{"@type":"ImageObject","inLanguage":"it-IT","@id":"https:\/\/2020.eckankar.ch\/it\/pagina-di-destinazione-avviata\/#primaryimage","url":"https:\/\/2020.eckankar.ch\/wp-content\/uploads\/2018\/03\/gold.jpg","contentUrl":"https:\/\/2020.eckankar.ch\/wp-content\/uploads\/2018\/03\/gold.jpg"},{"@type":"BreadcrumbList","@id":"https:\/\/2020.eckankar.ch\/it\/pagina-di-destinazione-avviata\/#breadcrumb","itemListElement":[{"@type":"ListItem","position":1,"name":"Home","item":"https:\/\/2020.eckankar.ch\/it\/"},{"@type":"ListItem","position":2,"name":"Pagina di destinazione avviata"}]},{"@type":"WebSite","@id":"https:\/\/2020.eckankar.ch\/it\/#website","url":"https:\/\/2020.eckankar.ch\/it\/","name":"Eckankar in Switzerland","description":"The path of Spiritual Freedom","publisher":{"@id":"https:\/\/2020.eckankar.ch\/it\/#organization"},"potentialAction":[{"@type":"SearchAction","target":{"@type":"EntryPoint","urlTemplate":"https:\/\/2020.eckankar.ch\/it\/?s={search_term_string}"},"query-input":{"@type":"PropertyValueSpecification","valueRequired":true,"valueName":"search_term_string"}}],"inLanguage":"it-IT"},{"@type":"Organization","@id":"https:\/\/2020.eckankar.ch\/it\/#organization","name":"Eckankar","url":"https:\/\/2020.eckankar.ch\/it\/","logo":{"@type":"ImageObject","inLanguage":"it-IT","@id":"https:\/\/2020.eckankar.ch\/it\/#\/schema\/logo\/image\/","url":"https:\/\/2020.eckankar.ch\/wp-content\/uploads\/2018\/05\/logo_en.png","contentUrl":"https:\/\/2020.eckankar.ch\/wp-content\/uploads\/2018\/05\/logo_en.png","width":288,"height":100,"caption":"Eckankar"},"image":{"@id":"https:\/\/2020.eckankar.ch\/it\/#\/schema\/logo\/image\/"}}]}},"_links":{"self":[{"href":"https:\/\/2020.eckankar.ch\/it\/wp-json\/wp\/v2\/pages\/11150","targetHints":{"allow":["GET"]}}],"collection":[{"href":"https:\/\/2020.eckankar.ch\/it\/wp-json\/wp\/v2\/pages"}],"about":[{"href":"https:\/\/2020.eckankar.ch\/it\/wp-json\/wp\/v2\/types\/page"}],"author":[{"embeddable":true,"href":"https:\/\/2020.eckankar.ch\/it\/wp-json\/wp\/v2\/users\/12"}],"replies":[{"embeddable":true,"href":"https:\/\/2020.eckankar.ch\/it\/wp-json\/wp\/v2\/comments?post=11150"}],"version-history":[{"count":4,"href":"https:\/\/2020.eckankar.ch\/it\/wp-json\/wp\/v2\/pages\/11150\/revisions"}],"predecessor-version":[{"id":11358,"href":"https:\/\/2020.eckankar.ch\/it\/wp-json\/wp\/v2\/pages\/11150\/revisions\/11358"}],"wp:attachment":[{"href":"https:\/\/2020.eckankar.ch\/it\/wp-json\/wp\/v2\/media?parent=11150"}],"curies":[{"name":"wp","href":"https:\/\/api.w.org\/{rel}","templated":true}]}}