{"id":11166,"date":"2024-05-03T16:37:12","date_gmt":"2024-05-03T14:37:12","guid":{"rendered":"https:\/\/2020.eckankar.ch\/copia-di-home-new\/"},"modified":"2026-04-15T19:53:06","modified_gmt":"2026-04-15T17:53:06","slug":"copia-di-home-new","status":"publish","type":"page","link":"https:\/\/2020.eckankar.ch\/it\/","title":{"rendered":"Pagina iniziale Eckankar CH"},"content":{"rendered":"\n\n<h1  data-animation-delay=\"0.0\" data-animation-duration=\"1\">\n\t\t\tECKANKAR\t<\/h1>\n\t<p>Il sentiero della libert\u00e0 spirituale<\/p>\n<h1>\n\t\t\tBenvenuti a\t<\/h1>\n\tStai cercando risposte alle tue domande sulla vita?<br \/>\nSei alla ricerca di una connessione pi\u00f9 profonda con Dio e lo spirito divino?\nEckankar, il sentiero della libert\u00e0 spirituale, ti accompagna in un viaggio di ritorno alla tua casa spirituale.<br \/>\nIn Eckankar imparerai gli esercizi spirituali con cui potrai sperimentare la Luce e il Suono di Dio e scoprire il tuo destino spirituale. In questo modo, troverai pi\u00f9 gioia, amore, saggezza e creativit\u00e0 nel tuo cuore.<br \/>\nScopri che la tua vita \u00e8 un&#8217;avventura spirituale!<br \/>\n\n<p>I seguenti eventi ECK ti aiuteranno a sperimentare te stesso come Anima, il tuo vero s\u00e9.<\/p>\n\t<strong>Prossimi eventi ECK<br \/>\n<\/strong>\n\n<figure itemscope itemtype=\"https:\/\/schema.org\/ImageObject\">\n\t\t\t\t<img decoding=\"async\" src=\"https:\/\/2020.eckankar.ch\/wp-content\/uploads\/2026\/03\/2026_Lebenskraftmesse-Bild-fuer-Webseite.jpg\" alt=\"Lebenskraftmesse 2026 - Workshops von Eckankar\" height=\"1271\" width=\"1770\" title=\"2026_Lebenskraftmesse Bild f\u00fcr Webseite\" onerror=\"this.style.display='none'\" loading=\"lazy\" \/>\n\t<\/figure>\n\t<p><strong>Calendario in <a href=\"https:\/\/2020.eckankar.ch\/wp-content\/uploads\/2026\/04\/2026_Q2_public_Veranstaltungskalender.pdf\" target=\"_blank\" rel=\"noopener\">formato PDF <\/a><\/strong><\/p>\n\t<div class=\"simcal-calendar simcal-default-calendar simcal-default-calendar-list simcal-default-calendar-light\" data-calendar-id=\"8867\" data-timezone=\"Europe\/Zurich\" data-offset=\"7200\" data-week-start=\"1\" data-calendar-start=\"1776376800\" data-calendar-end=\"1791278100\" data-events-first=\"1773858600\" data-events-last=\"1791278100\"><div class=\"simcal-calendar-list \"><nav class=\"simcal-calendar-head\">\n\t<div class=\"simcal-nav\">\n\t\t<button class=\"simcal-nav-button simcal-prev\" title=\"Previous\" aria-label=\"Previous\">\n\t\t\t<i class=\"simcal-icon-left\"><\/i>\n\t\t<\/button>\n\t<\/div>\n\t<div class=\"simcal-nav simcal-current \" data-calendar-current=\"1776376800\">\n\t\t<h3 class=\"simcal-current-label\"> <\/h3>\n\t<\/div>\n\t<div class=\"simcal-nav\">\t\t<button class=\"simcal-nav-button simcal-next\" title=\"Next\" aria-label=\"Next\">\t\t\t<i class=\"simcal-icon-right\"><\/i>\n\t\t<\/button>\n\t<\/div>\n<\/nav>\n<dl class=\"simcal-events-list-container\" data-prev=\"1775980800\" data-next=\"1777313700\" data-heading-small=\"Apr 2026\" data-heading-large=\"Aprile 2026\">\t<dt class=\"simcal-day-label\" style=\"border-bottom: 1px solid #f2cf6f;\" ><span style=\"background-color: #f2cf6f; color: #000000;\"><span class=\"simcal-date-format\" data-date-format=\"j F Y\">18 Aprile 2026<\/span> <\/span><\/dt>\n<dd class=\"simcal-weekday-6 simcal-past simcal-day simcal-day-has-events simcal-day-has-1-events simcal-events-calendar-8867\" data-events-count=\"1\">\n\t<ul class=\"simcal-events\">\n\t<li class=\"simcal-event simcal-event-has-location simcal-events-calendar-8867\" style=\"\" itemscope itemtype=\"http:\/\/schema.org\/Event\" data-start=\"1776501000\">\n\t\t<div class=\"simcal-event-details\"><p><strong><span class=\"simcal-event-title\" itemprop=\"name\">Spirituelle Weisheit zu Tr\u00e4umen<\/span><\/strong><\/p>\n<p><span class=\"simcal-event-start simcal-event-start-date\" data-event-start=\"1776501000\" data-event-format=\"j F Y\" itemprop=\"startDate\" content=\"2026-04-18T10:30:00+02:00\">18 Aprile 2026<\/span>&nbsp;&nbsp;<span class=\"simcal-event-start simcal-event-start-time\" data-event-start=\"1776501000\" data-event-format=\"G:i\" itemprop=\"startDate\" content=\"2026-04-18T10:30:00+02:00\">10:30<\/span> - <span class=\"simcal-event-end simcal-event-end-time\" data-event-end=\"1776504600\" data-event-format=\"G:i\" itemprop=\"endDate\" content=\"2026-04-18T11:30:00+02:00\">11:30<\/span><br \/>\n <span class=\"simcal-event-address simcal-event-start-location\" itemprop=\"location\" itemscope itemtype=\"http:\/\/schema.org\/Place\"><meta itemprop=\"name\" content=\"Studiengruppe Bern \u2013 Treffpunkt: Station &#039;Elfenau&#039;, Buslinie 19\" \/><meta itemprop=\"address\" content=\"Studiengruppe Bern \u2013 Treffpunkt: Station &#039;Elfenau&#039;, Buslinie 19\" \/>Studiengruppe Bern \u2013 Treffpunkt: Station &#039;Elfenau&#039;, Buslinie 19<\/span><\/p>\n<div><div class=\"simcal-event-description\" itemprop=\"description\"><p>Spirituelle Gespr\u00e4che unterwegs in der Natur \u2013 Busendstation Elfenau, Buslinie 19 Richtung Elfenau, Bern<br \/>\u00a0<br \/><span><a href=\"https:\/\/2020.eckankar.ch\/wp-content\/uploads\/2026\/04\/20260418_Spirit_Gespraech_unterwegs-in-Natur_Flyer_digital-3.pdf\" target=\"_blank\">Flyer\u00a0<\/a><\/span><\/p>\n<\/div><\/div>\n<p>&nbsp;<\/p><\/div>\n\t<\/li>\n<\/ul>\n\n<\/dd>\n\t<dt class=\"simcal-day-label\" style=\"border-bottom: 1px solid #f2cf6f;\" ><span style=\"background-color: #f2cf6f; color: #000000;\"><span class=\"simcal-date-format\" data-date-format=\"j F Y\">19 Aprile 2026<\/span> <\/span><\/dt>\n<dd class=\"simcal-weekday-0 simcal-past simcal-day simcal-day-has-events simcal-day-has-1-events simcal-events-calendar-8867 simcal-day-has-events simcal-day-has-2-events simcal-events-calendar-8867\" data-events-count=\"2\">\n\t<ul class=\"simcal-events\">\n\t<li class=\"simcal-event simcal-event-has-location simcal-events-calendar-8867\" style=\"\" itemscope itemtype=\"http:\/\/schema.org\/Event\" data-start=\"1776585600\">\n\t\t<div class=\"simcal-event-details\"><p><strong><span class=\"simcal-event-title\" itemprop=\"name\">\u00c9levez votre QI spirituel<\/span><\/strong><\/p>\n<p><span class=\"simcal-event-start simcal-event-start-date\" data-event-start=\"1776585600\" data-event-format=\"j F Y\" itemprop=\"startDate\" content=\"2026-04-19T10:00:00+02:00\">19 Aprile 2026<\/span>&nbsp;&nbsp;<span class=\"simcal-event-start simcal-event-start-time\" data-event-start=\"1776585600\" data-event-format=\"G:i\" itemprop=\"startDate\" content=\"2026-04-19T10:00:00+02:00\">10:00<\/span> - <span class=\"simcal-event-end simcal-event-end-time\" data-event-end=\"1776590100\" data-event-format=\"G:i\" itemprop=\"endDate\" content=\"2026-04-19T11:15:00+02:00\">11:15<\/span><br \/>\n <span class=\"simcal-event-address simcal-event-start-location\" itemprop=\"location\" itemscope itemtype=\"http:\/\/schema.org\/Place\"><meta itemprop=\"name\" content=\"Online\" \/><meta itemprop=\"address\" content=\"Online\" \/>Online<\/span><\/p>\n<div><div class=\"simcal-event-description\" itemprop=\"description\"><p>Office ECK de la Lumi\u00e8re et du Son  \u2013 Inscription: <a href=\"https:\/\/us06web.zoom.us\/meeting\/register\/ldAnbqu7SbaNHYM5arTPGg\">Page d'enregistrement Zoom<\/a><\/p>\n<\/div><\/div>\n<p>&nbsp;<\/p><\/div>\n\t<\/li>\n\t<li class=\"simcal-event simcal-event-has-location simcal-events-calendar-8867\" style=\"\" itemscope itemtype=\"http:\/\/schema.org\/Event\" data-start=\"1776589200\">\n\t\t<div class=\"simcal-event-details\"><p><strong><span class=\"simcal-event-title\" itemprop=\"name\">Erh\u00f6he deinen spirituellen IQ<\/span><\/strong><\/p>\n<p><span class=\"simcal-event-start simcal-event-start-date\" data-event-start=\"1776589200\" data-event-format=\"j F Y\" itemprop=\"startDate\" content=\"2026-04-19T11:00:00+02:00\">19 Aprile 2026<\/span>&nbsp;&nbsp;<span class=\"simcal-event-start simcal-event-start-time\" data-event-start=\"1776589200\" data-event-format=\"G:i\" itemprop=\"startDate\" content=\"2026-04-19T11:00:00+02:00\">11:00<\/span> - <span class=\"simcal-event-end simcal-event-end-time\" data-event-end=\"1776593700\" data-event-format=\"G:i\" itemprop=\"endDate\" content=\"2026-04-19T12:15:00+02:00\">12:15<\/span><br \/>\n <span class=\"simcal-event-address simcal-event-start-location\" itemprop=\"location\" itemscope itemtype=\"http:\/\/schema.org\/Place\"><meta itemprop=\"name\" content=\"Online\" \/><meta itemprop=\"address\" content=\"Online\" \/>Online<\/span><\/p>\n<div><div class=\"simcal-event-description\" itemprop=\"description\"><p>ECK Licht und Ton Gottesdienst \u2013 Anmelden an: <a href=\"https:\/\/us06web.zoom.us\/meeting\/register\/CtOVvSeLQLWyYOwsDURkqA\">Zoom-Registrierungsseite<\/a><\/p>\n<\/div><\/div>\n<p>&nbsp;<\/p><\/div>\n\t<\/li>\n<\/ul>\n\n<\/dd>\n\t<dt class=\"simcal-day-label\" style=\"border-bottom: 1px solid #f2cf6f;\" ><span style=\"background-color: #f2cf6f; color: #000000;\"><span class=\"simcal-date-format\" data-date-format=\"j F Y\">21 Aprile 2026<\/span> <\/span><\/dt>\n<dd class=\"simcal-weekday-2 simcal-past simcal-day simcal-day-has-events simcal-day-has-1-events simcal-events-calendar-8867\" data-events-count=\"1\">\n\t<ul class=\"simcal-events\">\n\t<li class=\"simcal-event simcal-event-has-location simcal-events-calendar-8867\" style=\"\" itemscope itemtype=\"http:\/\/schema.org\/Event\" data-start=\"1776794400\">\n\t\t<div class=\"simcal-event-details\"><p><strong><span class=\"simcal-event-title\" itemprop=\"name\">Weisheit von ECK zu innerer F\u00fchrung \u2013 wem vertrauen, wenn alles andere fehlschl\u00e4gt?<\/span><\/strong><\/p>\n<p><span class=\"simcal-event-start simcal-event-start-date\" data-event-start=\"1776794400\" data-event-format=\"j F Y\" itemprop=\"startDate\" content=\"2026-04-21T20:00:00+02:00\">21 Aprile 2026<\/span>&nbsp;&nbsp;<span class=\"simcal-event-start simcal-event-start-time\" data-event-start=\"1776794400\" data-event-format=\"G:i\" itemprop=\"startDate\" content=\"2026-04-21T20:00:00+02:00\">20:00<\/span> - <span class=\"simcal-event-end simcal-event-end-time\" data-event-end=\"1776799800\" data-event-format=\"G:i\" itemprop=\"endDate\" content=\"2026-04-21T21:30:00+02:00\">21:30<\/span><br \/>\n <span class=\"simcal-event-address simcal-event-start-location\" itemprop=\"location\" itemscope itemtype=\"http:\/\/schema.org\/Place\"><meta itemprop=\"name\" content=\"Online\" \/><meta itemprop=\"address\" content=\"Online\" \/>Online<\/span><\/p>\n<div><div class=\"simcal-event-description\" itemprop=\"description\"><p><span>Spirituelle Gespr\u00e4che zum Thema  \u2013 Anmelden an: <a href=\"https:\/\/us06web.zoom.us\/meeting\/register\/fHqYvceHQTCU6-xdynSdJg\" target=\"_blank\">Zoom-Registrierungsseite<\/a><\/span><\/p>\n<\/div><\/div>\n<p>&nbsp;<\/p><\/div>\n\t<\/li>\n<\/ul>\n\n<\/dd>\n\t<dt class=\"simcal-day-label\" style=\"border-bottom: 1px solid #f2cf6f;\" ><span style=\"background-color: #f2cf6f; color: #000000;\"><span class=\"simcal-date-format\" data-date-format=\"j F Y\">24 Aprile 2026<\/span> <\/span><\/dt>\n<dd class=\"simcal-weekday-5 simcal-past simcal-day simcal-day-has-events simcal-day-has-1-events simcal-events-calendar-8867\" data-events-count=\"1\">\n\t<ul class=\"simcal-events\">\n\t<li class=\"simcal-event simcal-event-has-location simcal-events-calendar-8867\" style=\"\" itemscope itemtype=\"http:\/\/schema.org\/Event\" data-start=\"1777055400\">\n\t\t<div class=\"simcal-event-details\"><p><strong><span class=\"simcal-event-title\" itemprop=\"name\">Sperimenta lo HU, il Suono dell&#039;Anima<\/span><\/strong><\/p>\n<p><span class=\"simcal-event-start simcal-event-start-date\" data-event-start=\"1777055400\" data-event-format=\"j F Y\" itemprop=\"startDate\" content=\"2026-04-24T20:30:00+02:00\">24 Aprile 2026<\/span>&nbsp;&nbsp;<span class=\"simcal-event-start simcal-event-start-time\" data-event-start=\"1777055400\" data-event-format=\"G:i\" itemprop=\"startDate\" content=\"2026-04-24T20:30:00+02:00\">20:30<\/span> - <span class=\"simcal-event-end simcal-event-end-time\" data-event-end=\"1777058100\" data-event-format=\"G:i\" itemprop=\"endDate\" content=\"2026-04-24T21:15:00+02:00\">21:15<\/span><br \/>\n <span class=\"simcal-event-address simcal-event-start-location\" itemprop=\"location\" itemscope itemtype=\"http:\/\/schema.org\/Place\"><meta itemprop=\"name\" content=\"Gruppo di studio Lugano, Via al Fiume 8, 6807 Taverne\" \/><meta itemprop=\"address\" content=\"Gruppo di studio Lugano, Via al Fiume 8, 6807 Taverne\" \/>Gruppo di studio Lugano, Via al Fiume 8, 6807 Taverne<\/span><\/p>\n<div><div class=\"simcal-event-description\" itemprop=\"description\"><p>Il Suono dell'Anima <\/p>\n<\/div><\/div>\n<p>&nbsp;<\/p><\/div>\n\t<\/li>\n<\/ul>\n\n<\/dd>\n<\/dl><div class=\"simcal-ajax-loader simcal-spinner-top\" style=\"display: none;\"><i class=\"simcal-icon-spinner simcal-icon-spin\"><\/i><\/div><\/div><\/div>\n\t<h4><img loading=\"lazy\" decoding=\"async\" src=\"https:\/\/2020.eckankar.ch\/wp-content\/uploads\/2023\/09\/Spiritual-Inspiration-image-272x300.jpg\" alt=\"\" width=\"419\" height=\"462\"\/><\/h4>\n<h2>Per te da Eckankar &#8211; ispirazione spirituale<\/h2>\n<p>&nbsp;<\/p>\n<p><strong>Cosa ti ispira?<\/strong><\/p>\n<p>ECKSoulAdventure.org offre altre avventure dell&#8217;Anima ECK: podcast vivaci, storie di incontri con il divino, arte spirituale edificante e molto altro ancora.<\/p>\n<p>Esplora i numerosi punti di vista sul cammino verso la libert\u00e0 spirituale.<\/p>\n<p><a href=\"https:\/\/www.eckankar.org\/eck-soul-adventure\/\">Vivi ora la tua avventura dell&#8217;anima ECK  &gt;<\/a><\/p>\n\t<p>La guida spirituale alle avventure dell&#8217;Anima ECK &#8211; Sri Doug Kunin<\/p>\n<p>&nbsp;<\/p>\n<p>Tra di noi ci sono insegnanti di un antico lignaggio spirituale, adepti che hanno imparato le leggi spirituali della vita e le applicano con pensieri, parole e azioni. Questi sono i Maestri ECK, insegnanti spirituali di altissimo livello.<\/p>\n<p>Alla loro guida c&#8217;\u00e8 il MAHANTA, il Maestro ECK Vivente, attualmente Sri Doug Kunin. \u00c8 il leader spirituale di Eckankar. Come insegnante interiore ed esteriore, il suo compito \u00e8 quello di risvegliare la conoscenza di Dio gi\u00e0 presente dentro di te.<\/p>\n<p>Fa&#8217; la conoscenza di <a href=\"https:\/\/www.eckankar.org\/eck-master\/sri-doug-kunin\/\">Sri Doug Kunin<\/a> (in inglese).<\/p>\n<p>&nbsp;<\/p>\n<figure itemscope itemtype=\"https:\/\/schema.org\/ImageObject\">\n\t\t\t\t<img decoding=\"async\" src=\"https:\/\/2020.eckankar.ch\/wp-content\/uploads\/2026\/01\/ECK-Soul-Adventure-Guide-Sri-Doug_Only_75.png\" alt=\"ECK Soul Adventure Guide - Sri Doug_Only_75\" height=\"459\" width=\"417\" title=\"ECK Soul Adventure Guide - Sri Doug_Only_75\" onerror=\"this.style.display='none'\" loading=\"lazy\" \/>\n\t<\/figure>\n\t<p><img loading=\"lazy\" decoding=\"async\" src=\"https:\/\/2020.eckankar.ch\/wp-content\/uploads\/2023\/08\/Want-to-Go-Deeper-image-300x273.jpg\" alt=\"\" width=\"454\" height=\"413\"\/><\/p>\n<h2>Vuoi saperne di pi\u00f9?<\/h2>\n<p>&nbsp;<\/p>\n<strong>Corsi ECK per una vita spirituale avanzata<\/strong><br \/>\nIl programma di studio di ECKANKAR \u00e8 una guida per il tuo viaggio verso la conoscenza di s\u00e9, di Dio e oltre.\n<p>Impara a comprendere le forze spirituali che danno forma alla tua vita quotidiana. Riconosci il significato divino in ogni momento. <\/p>\n<p>In quanto Anima, hai gi\u00e0 la conoscenza di Dio dentro di te!<\/p>\n<p><a href=\"https:\/\/2020.eckankar.ch\/it\/vita-spirituale-avanzata\/\">Inizia il tuo viaggio  &gt;<\/a><\/p>\n<p>&nbsp;<\/p>\n\n","protected":false},"excerpt":{"rendered":"<p>ECKANKAR Il sentiero della libert\u00e0 spirituale Benvenuti a Stai cercando risposte alle tue domande sulla vita? Sei alla ricerca di una connessione pi\u00f9 profonda con Dio e lo spirito divino? Eckankar, il sentiero della libert\u00e0 spirituale, ti accompagna in un viaggio di ritorno alla tua casa spirituale. In Eckankar imparerai gli esercizi spirituali con cui&hellip;<\/p>\n","protected":false},"author":4,"featured_media":0,"parent":0,"menu_order":0,"comment_status":"closed","ping_status":"closed","template":"","meta":{"_lmt_disableupdate":"","_lmt_disable":"","footnotes":""},"class_list":["post-11166","page","type-page","status-publish","hentry"],"yoast_head":"<!-- This site is optimized with the Yoast SEO plugin v27.4 - https:\/\/yoast.com\/product\/yoast-seo-wordpress\/ -->\n<title>Pagina iniziale Eckankar CH - Eckankar in Switzerland<\/title>\n<meta name=\"robots\" content=\"index, follow, max-snippet:-1, max-image-preview:large, max-video-preview:-1\" \/>\n<link rel=\"canonical\" href=\"https:\/\/2020.eckankar.ch\/it\/\" \/>\n<meta property=\"og:locale\" content=\"it_IT\" \/>\n<meta property=\"og:type\" content=\"article\" \/>\n<meta property=\"og:title\" content=\"Pagina iniziale Eckankar CH - Eckankar in Switzerland\" \/>\n<meta property=\"og:description\" content=\"ECKANKAR Il sentiero della libert\u00e0 spirituale Benvenuti a Stai cercando risposte alle tue domande sulla vita? Sei alla ricerca di una connessione pi\u00f9 profonda con Dio e lo spirito divino? Eckankar, il sentiero della libert\u00e0 spirituale, ti accompagna in un viaggio di ritorno alla tua casa spirituale. In Eckankar imparerai gli esercizi spirituali con cui&hellip;\" \/>\n<meta property=\"og:url\" content=\"https:\/\/2020.eckankar.ch\/it\/\" \/>\n<meta property=\"og:site_name\" content=\"Eckankar in Switzerland\" \/>\n<meta property=\"article:modified_time\" content=\"2026-04-15T17:53:06+00:00\" \/>\n<meta property=\"og:image\" content=\"https:\/\/2020.eckankar.ch\/wp-content\/uploads\/2026\/03\/2026_Lebenskraftmesse-Bild-fuer-Webseite.jpg\" \/>\n<meta name=\"twitter:card\" content=\"summary_large_image\" \/>\n<meta name=\"twitter:label1\" content=\"Tempo di lettura stimato\" \/>\n\t<meta name=\"twitter:data1\" content=\"3 minuti\" \/>\n<script type=\"application\/ld+json\" class=\"yoast-schema-graph\">{\"@context\":\"https:\\\/\\\/schema.org\",\"@graph\":[{\"@type\":\"WebPage\",\"@id\":\"https:\\\/\\\/2020.eckankar.ch\\\/it\\\/\",\"url\":\"https:\\\/\\\/2020.eckankar.ch\\\/it\\\/\",\"name\":\"Pagina iniziale Eckankar CH - Eckankar in Switzerland\",\"isPartOf\":{\"@id\":\"https:\\\/\\\/2020.eckankar.ch\\\/it\\\/#website\"},\"primaryImageOfPage\":{\"@id\":\"https:\\\/\\\/2020.eckankar.ch\\\/it\\\/#primaryimage\"},\"image\":{\"@id\":\"https:\\\/\\\/2020.eckankar.ch\\\/it\\\/#primaryimage\"},\"thumbnailUrl\":\"https:\\\/\\\/2020.eckankar.ch\\\/wp-content\\\/uploads\\\/2026\\\/03\\\/2026_Lebenskraftmesse-Bild-fuer-Webseite.jpg\",\"datePublished\":\"2024-05-03T14:37:12+00:00\",\"dateModified\":\"2026-04-15T17:53:06+00:00\",\"breadcrumb\":{\"@id\":\"https:\\\/\\\/2020.eckankar.ch\\\/it\\\/#breadcrumb\"},\"inLanguage\":\"it-IT\",\"potentialAction\":[{\"@type\":\"ReadAction\",\"target\":[\"https:\\\/\\\/2020.eckankar.ch\\\/it\\\/\"]}]},{\"@type\":\"ImageObject\",\"inLanguage\":\"it-IT\",\"@id\":\"https:\\\/\\\/2020.eckankar.ch\\\/it\\\/#primaryimage\",\"url\":\"https:\\\/\\\/2020.eckankar.ch\\\/wp-content\\\/uploads\\\/2026\\\/03\\\/2026_Lebenskraftmesse-Bild-fuer-Webseite.jpg\",\"contentUrl\":\"https:\\\/\\\/2020.eckankar.ch\\\/wp-content\\\/uploads\\\/2026\\\/03\\\/2026_Lebenskraftmesse-Bild-fuer-Webseite.jpg\"},{\"@type\":\"BreadcrumbList\",\"@id\":\"https:\\\/\\\/2020.eckankar.ch\\\/it\\\/#breadcrumb\",\"itemListElement\":[{\"@type\":\"ListItem\",\"position\":1,\"name\":\"Home\",\"item\":\"https:\\\/\\\/2020.eckankar.ch\\\/it\\\/\"},{\"@type\":\"ListItem\",\"position\":2,\"name\":\"Pagina iniziale Eckankar CH\"}]},{\"@type\":\"WebSite\",\"@id\":\"https:\\\/\\\/2020.eckankar.ch\\\/it\\\/#website\",\"url\":\"https:\\\/\\\/2020.eckankar.ch\\\/it\\\/\",\"name\":\"Eckankar in Switzerland\",\"description\":\"The path of Spiritual Freedom\",\"publisher\":{\"@id\":\"https:\\\/\\\/2020.eckankar.ch\\\/it\\\/#organization\"},\"potentialAction\":[{\"@type\":\"SearchAction\",\"target\":{\"@type\":\"EntryPoint\",\"urlTemplate\":\"https:\\\/\\\/2020.eckankar.ch\\\/it\\\/?s={search_term_string}\"},\"query-input\":{\"@type\":\"PropertyValueSpecification\",\"valueRequired\":true,\"valueName\":\"search_term_string\"}}],\"inLanguage\":\"it-IT\"},{\"@type\":\"Organization\",\"@id\":\"https:\\\/\\\/2020.eckankar.ch\\\/it\\\/#organization\",\"name\":\"Eckankar\",\"url\":\"https:\\\/\\\/2020.eckankar.ch\\\/it\\\/\",\"logo\":{\"@type\":\"ImageObject\",\"inLanguage\":\"it-IT\",\"@id\":\"https:\\\/\\\/2020.eckankar.ch\\\/it\\\/#\\\/schema\\\/logo\\\/image\\\/\",\"url\":\"https:\\\/\\\/2020.eckankar.ch\\\/wp-content\\\/uploads\\\/2018\\\/05\\\/logo_en.png\",\"contentUrl\":\"https:\\\/\\\/2020.eckankar.ch\\\/wp-content\\\/uploads\\\/2018\\\/05\\\/logo_en.png\",\"width\":288,\"height\":100,\"caption\":\"Eckankar\"},\"image\":{\"@id\":\"https:\\\/\\\/2020.eckankar.ch\\\/it\\\/#\\\/schema\\\/logo\\\/image\\\/\"}}]}<\/script>\n<!-- \/ Yoast SEO plugin. -->","yoast_head_json":{"title":"Pagina iniziale Eckankar CH - Eckankar in Switzerland","robots":{"index":"index","follow":"follow","max-snippet":"max-snippet:-1","max-image-preview":"max-image-preview:large","max-video-preview":"max-video-preview:-1"},"canonical":"https:\/\/2020.eckankar.ch\/it\/","og_locale":"it_IT","og_type":"article","og_title":"Pagina iniziale Eckankar CH - Eckankar in Switzerland","og_description":"ECKANKAR Il sentiero della libert\u00e0 spirituale Benvenuti a Stai cercando risposte alle tue domande sulla vita? Sei alla ricerca di una connessione pi\u00f9 profonda con Dio e lo spirito divino? Eckankar, il sentiero della libert\u00e0 spirituale, ti accompagna in un viaggio di ritorno alla tua casa spirituale. In Eckankar imparerai gli esercizi spirituali con cui&hellip;","og_url":"https:\/\/2020.eckankar.ch\/it\/","og_site_name":"Eckankar in Switzerland","article_modified_time":"2026-04-15T17:53:06+00:00","og_image":[{"url":"https:\/\/2020.eckankar.ch\/wp-content\/uploads\/2026\/03\/2026_Lebenskraftmesse-Bild-fuer-Webseite.jpg","type":"","width":"","height":""}],"twitter_card":"summary_large_image","twitter_misc":{"Tempo di lettura stimato":"3 minuti"},"schema":{"@context":"https:\/\/schema.org","@graph":[{"@type":"WebPage","@id":"https:\/\/2020.eckankar.ch\/it\/","url":"https:\/\/2020.eckankar.ch\/it\/","name":"Pagina iniziale Eckankar CH - Eckankar in Switzerland","isPartOf":{"@id":"https:\/\/2020.eckankar.ch\/it\/#website"},"primaryImageOfPage":{"@id":"https:\/\/2020.eckankar.ch\/it\/#primaryimage"},"image":{"@id":"https:\/\/2020.eckankar.ch\/it\/#primaryimage"},"thumbnailUrl":"https:\/\/2020.eckankar.ch\/wp-content\/uploads\/2026\/03\/2026_Lebenskraftmesse-Bild-fuer-Webseite.jpg","datePublished":"2024-05-03T14:37:12+00:00","dateModified":"2026-04-15T17:53:06+00:00","breadcrumb":{"@id":"https:\/\/2020.eckankar.ch\/it\/#breadcrumb"},"inLanguage":"it-IT","potentialAction":[{"@type":"ReadAction","target":["https:\/\/2020.eckankar.ch\/it\/"]}]},{"@type":"ImageObject","inLanguage":"it-IT","@id":"https:\/\/2020.eckankar.ch\/it\/#primaryimage","url":"https:\/\/2020.eckankar.ch\/wp-content\/uploads\/2026\/03\/2026_Lebenskraftmesse-Bild-fuer-Webseite.jpg","contentUrl":"https:\/\/2020.eckankar.ch\/wp-content\/uploads\/2026\/03\/2026_Lebenskraftmesse-Bild-fuer-Webseite.jpg"},{"@type":"BreadcrumbList","@id":"https:\/\/2020.eckankar.ch\/it\/#breadcrumb","itemListElement":[{"@type":"ListItem","position":1,"name":"Home","item":"https:\/\/2020.eckankar.ch\/it\/"},{"@type":"ListItem","position":2,"name":"Pagina iniziale Eckankar CH"}]},{"@type":"WebSite","@id":"https:\/\/2020.eckankar.ch\/it\/#website","url":"https:\/\/2020.eckankar.ch\/it\/","name":"Eckankar in Switzerland","description":"The path of Spiritual Freedom","publisher":{"@id":"https:\/\/2020.eckankar.ch\/it\/#organization"},"potentialAction":[{"@type":"SearchAction","target":{"@type":"EntryPoint","urlTemplate":"https:\/\/2020.eckankar.ch\/it\/?s={search_term_string}"},"query-input":{"@type":"PropertyValueSpecification","valueRequired":true,"valueName":"search_term_string"}}],"inLanguage":"it-IT"},{"@type":"Organization","@id":"https:\/\/2020.eckankar.ch\/it\/#organization","name":"Eckankar","url":"https:\/\/2020.eckankar.ch\/it\/","logo":{"@type":"ImageObject","inLanguage":"it-IT","@id":"https:\/\/2020.eckankar.ch\/it\/#\/schema\/logo\/image\/","url":"https:\/\/2020.eckankar.ch\/wp-content\/uploads\/2018\/05\/logo_en.png","contentUrl":"https:\/\/2020.eckankar.ch\/wp-content\/uploads\/2018\/05\/logo_en.png","width":288,"height":100,"caption":"Eckankar"},"image":{"@id":"https:\/\/2020.eckankar.ch\/it\/#\/schema\/logo\/image\/"}}]}},"_links":{"self":[{"href":"https:\/\/2020.eckankar.ch\/it\/wp-json\/wp\/v2\/pages\/11166","targetHints":{"allow":["GET"]}}],"collection":[{"href":"https:\/\/2020.eckankar.ch\/it\/wp-json\/wp\/v2\/pages"}],"about":[{"href":"https:\/\/2020.eckankar.ch\/it\/wp-json\/wp\/v2\/types\/page"}],"author":[{"embeddable":true,"href":"https:\/\/2020.eckankar.ch\/it\/wp-json\/wp\/v2\/users\/4"}],"replies":[{"embeddable":true,"href":"https:\/\/2020.eckankar.ch\/it\/wp-json\/wp\/v2\/comments?post=11166"}],"version-history":[{"count":17,"href":"https:\/\/2020.eckankar.ch\/it\/wp-json\/wp\/v2\/pages\/11166\/revisions"}],"predecessor-version":[{"id":12249,"href":"https:\/\/2020.eckankar.ch\/it\/wp-json\/wp\/v2\/pages\/11166\/revisions\/12249"}],"wp:attachment":[{"href":"https:\/\/2020.eckankar.ch\/it\/wp-json\/wp\/v2\/media?parent=11166"}],"curies":[{"name":"wp","href":"https:\/\/api.w.org\/{rel}","templated":true}]}}