{"id":11168,"date":"2023-10-04T08:36:12","date_gmt":"2023-10-04T06:36:12","guid":{"rendered":"https:\/\/2020.eckankar.ch\/tipi-di-eventi\/"},"modified":"2026-03-31T16:01:36","modified_gmt":"2026-03-31T14:01:36","slug":"tipi-di-eventi","status":"publish","type":"page","link":"https:\/\/2020.eckankar.ch\/it\/tipi-di-eventi\/","title":{"rendered":"Tipi di eventi"},"content":{"rendered":"\n\n\t<h3><img loading=\"lazy\" decoding=\"async\" src=\"https:\/\/2020.eckankar.ch\/wp-content\/uploads\/2024\/05\/HU-Icon_small-300x293.jpg\" alt=\"\" width=\"432\" height=\"422\" \/>Der Ton der Seele<\/h3>\n<p>&nbsp;<\/p>\n<p>Du bist eingeladen, die transformierende Kraft von HU zu erfahren.<\/p>\n<p>HU ist ein heiliges Mantra &#8211; der Ton hinter allen T\u00f6nen. HU ist ein uralter Name f\u00fcr Gott &#8211; und ein Tr\u00e4ger der Liebe zwischen Gott und dir als Seele.<\/p>\n<p>HU zu singen kann dir Heilung f\u00fcr K\u00f6rper und Geist bringen und dich als Seele auf h\u00f6here Zust\u00e4nde von Liebe, Weisheit und Bewusstsein einstimmen.<\/p>\n<p>In dieser Veranstaltung singst du gemeinsam mit anderen dieses uralte Mantra w\u00e4hrend etwa zehn Minuten, gefolgt von einer kurzen, stillen Kontemplation.<\/p>\n<p>Danach hast du die Gelegenheit zu spirituellen Gespr\u00e4chen mit Gleichgesinnten.<\/p>\n<p>&nbsp;<\/p>\n<p>&nbsp;<\/p>\n\t<h3><img loading=\"lazy\" decoding=\"async\" src=\"https:\/\/2020.eckankar.ch\/wp-content\/uploads\/2024\/05\/handstrahl_de-300x300.png\" alt=\"\" width=\"478\" height=\"478\" \/>ECK Licht und Ton Gottesdienst<\/h3>\n<p>&nbsp;<\/p>\n<p>Menschen aller Glaubensrichtungen und \u00dcberzeugungen sind zum ECK Licht und Ton Gottesdienst willkommen. Du kannst davon ausgehen, dass du in irgendeiner Weise eine neue Erfahrung mit Gottes Liebe machen wirst!<\/p>\n<p>&nbsp;<\/p>\n<p>Die Gottesdienste dauern etwa eine Stunde und k\u00f6nnen Elemente wie eine Rede, leichte musikalische Darbietungen, Podiumsgespr\u00e4che und Austausch in Kleingruppen beinhalten.<\/p>\n<p>In den Gottesdiensten gibt es immer Zeit, Licht und Ton Gottes zu erfahren beim Singen des HU und in der anschliessenden kurzen Kontemplation.<\/p>\n<p>Jede Person kann frei entscheiden, ob sie aktiv oder still teilnehmen will.<\/p>\n<p>&nbsp;<\/p>\n<p>&nbsp;<\/p>\n\t<h3><img loading=\"lazy\" decoding=\"async\" src=\"https:\/\/2020.eckankar.ch\/wp-content\/uploads\/2024\/05\/gespraech2-1de-300x300.png\" alt=\"\" width=\"405\" height=\"405\" \/>Spirituelle Gespr\u00e4che \u00fcber ein Thema oder ein Buch<\/h3>\n<p>&nbsp;<\/p>\n<p>Erforsche deine tiefsten spirituellen Fragen mit anderen Wahrheitssuchenden in einer freundlichen, entspannten Atmosph\u00e4re.<\/p>\n<p>Diese tiefgreifenden Diskussionen decken ein breites Spektrum an Themen ab. Werkzeuge und Techniken aus den ECK-Lehren werden vorgestellt, die dir helfen, den n\u00e4chsten Schritt zur Erf\u00fcllung deiner spirituellen Tr\u00e4ume zu machen.<\/p>\n<p>Ob du deine Gedanken mit anderen teilst oder einfach nur zuh\u00f6ren m\u00f6chtest, diese ein- bis eineinhalbst\u00fcndigen Diskussionen bieten immer etwas Neues, das du erforschen kannst.<\/p>\n<p>&nbsp;<\/p>\n<p>&nbsp;<\/p>\n\t<h3><img loading=\"lazy\" decoding=\"async\" src=\"https:\/\/2020.eckankar.ch\/wp-content\/uploads\/2024\/05\/Easy-Way-Icon-Web-1-300x300.jpg\" alt=\"\" width=\"444\" height=\"444\" \/>&#8220;Der einfache Weg&#8221; &#8211; ein spiritueller Studienkurs zur Selbsterforschung<\/h3>\n<p>&nbsp;<\/p>\n<p>&#8220;Der einfache Weg&#8221; ist der erste spirituelle Studienkurs zur Selbsterforschung f\u00fcr Mitglieder von ECKANKAR. Er bietet Anregungen, das Leben aus einer h\u00f6heren spirituellen Perspektive zu sehen und neue Ziele anzustreben.<\/p>\n<p>Dieser Kurs zum Selbststudium umfasst zw\u00f6lf monatliche Lektionen mit inspirierenden Themen und spirituellen \u00dcbungen. Er ist auch online verf\u00fcgbar und enth\u00e4lt im englischen Original Arbeitsbuch-Aktivit\u00e4ten und Audio-Ausschnitte von Harold Klemps Vortr\u00e4gen.<\/p>\n<p>Der Kurs beinhaltet Themen wie:<\/p>\n<ul>\n<li>Als Seele bist du frei<\/li>\n<li>Reinkarnation &#8211; warum du wieder auf die Erde gekommen bist<\/li>\n<li>K\u00f6nnen wir in einer Welt ohne Liebe leben?<\/li>\n<li>Die Gottwelten &#8211; die noch kein Mensch betreten hat?<\/li>\n<\/ul>\n<p>und vieles mehr.<\/p>\n<p><a href=\"https:\/\/2020.eckankar.ch\/einfacher-weg\/\">Mehr zum Kurs &#8220;Der einfache Weg&#8221;<\/a><\/p>\n\t<h3><img loading=\"lazy\" decoding=\"async\" src=\"https:\/\/2020.eckankar.ch\/wp-content\/uploads\/2024\/04\/seminar-300x300.png\" alt=\"\" width=\"481\" height=\"481\" \/>ECK-Seelenabenteuer-Seminare<\/h3>\n<p>&nbsp;<\/p>\n<p>Ein ECK-Seelenabenteuer-Seminar kann dir helfen, deine spirituellen F\u00e4higkeiten und Talente zu entdecken, um mit mehr Leichtigkeit durch das Leben zu gehen.<\/p>\n<p>Erlebe inspirierende Vortr\u00e4ge, Workshops, Pr\u00e4sentationen, Musikdarbietungen und vieles mehr. Du wirst dabei auch eine Gemeinschaft von Gleichgesinnten treffen, die spirituelle Freiheit achten und die Wahrheit lieben.\u00a0Erfahre mehr \u00fcber deine eigene, einzigartige Reise nach Hause zu Gott!<\/p>\n<p>&nbsp;<\/p>\n\n","protected":false},"excerpt":{"rendered":"<p>Der Ton der Seele &nbsp; Du bist eingeladen, die transformierende Kraft von HU zu erfahren. HU ist ein heiliges Mantra &#8211; der Ton hinter allen T\u00f6nen. HU ist ein uralter Name f\u00fcr Gott &#8211; und ein Tr\u00e4ger der Liebe zwischen Gott und dir als Seele. HU zu singen kann dir Heilung f\u00fcr K\u00f6rper und Geist&hellip;<\/p>\n","protected":false},"author":4,"featured_media":0,"parent":0,"menu_order":0,"comment_status":"closed","ping_status":"closed","template":"","meta":{"_lmt_disableupdate":"","_lmt_disable":"","footnotes":""},"class_list":["post-11168","page","type-page","status-publish","hentry"],"yoast_head":"<!-- This site is optimized with the Yoast SEO plugin v27.4 - https:\/\/yoast.com\/product\/yoast-seo-wordpress\/ -->\n<title>Tipi di eventi - Eckankar in Switzerland<\/title>\n<meta name=\"robots\" content=\"index, follow, max-snippet:-1, max-image-preview:large, max-video-preview:-1\" \/>\n<link rel=\"canonical\" href=\"https:\/\/2020.eckankar.ch\/it\/tipi-di-eventi\/\" \/>\n<meta property=\"og:locale\" content=\"it_IT\" \/>\n<meta property=\"og:type\" content=\"article\" \/>\n<meta property=\"og:title\" content=\"Tipi di eventi - Eckankar in Switzerland\" \/>\n<meta property=\"og:description\" content=\"Der Ton der Seele &nbsp; Du bist eingeladen, die transformierende Kraft von HU zu erfahren. HU ist ein heiliges Mantra &#8211; der Ton hinter allen T\u00f6nen. HU ist ein uralter Name f\u00fcr Gott &#8211; und ein Tr\u00e4ger der Liebe zwischen Gott und dir als Seele. HU zu singen kann dir Heilung f\u00fcr K\u00f6rper und Geist&hellip;\" \/>\n<meta property=\"og:url\" content=\"https:\/\/2020.eckankar.ch\/it\/tipi-di-eventi\/\" \/>\n<meta property=\"og:site_name\" content=\"Eckankar in Switzerland\" \/>\n<meta property=\"article:modified_time\" content=\"2026-03-31T14:01:36+00:00\" \/>\n<meta property=\"og:image\" content=\"https:\/\/2020.eckankar.ch\/wp-content\/uploads\/2024\/05\/HU-Icon_small-300x293.jpg\" \/>\n<meta name=\"twitter:card\" content=\"summary_large_image\" \/>\n<meta name=\"twitter:label1\" content=\"Tempo di lettura stimato\" \/>\n\t<meta name=\"twitter:data1\" content=\"4 minuti\" \/>\n<script type=\"application\/ld+json\" class=\"yoast-schema-graph\">{\"@context\":\"https:\\\/\\\/schema.org\",\"@graph\":[{\"@type\":\"WebPage\",\"@id\":\"https:\\\/\\\/2020.eckankar.ch\\\/it\\\/tipi-di-eventi\\\/\",\"url\":\"https:\\\/\\\/2020.eckankar.ch\\\/it\\\/tipi-di-eventi\\\/\",\"name\":\"Tipi di eventi - Eckankar in Switzerland\",\"isPartOf\":{\"@id\":\"https:\\\/\\\/2020.eckankar.ch\\\/it\\\/#website\"},\"primaryImageOfPage\":{\"@id\":\"https:\\\/\\\/2020.eckankar.ch\\\/it\\\/tipi-di-eventi\\\/#primaryimage\"},\"image\":{\"@id\":\"https:\\\/\\\/2020.eckankar.ch\\\/it\\\/tipi-di-eventi\\\/#primaryimage\"},\"thumbnailUrl\":\"https:\\\/\\\/2020.eckankar.ch\\\/wp-content\\\/uploads\\\/2024\\\/05\\\/HU-Icon_small-300x293.jpg\",\"datePublished\":\"2023-10-04T06:36:12+00:00\",\"dateModified\":\"2026-03-31T14:01:36+00:00\",\"breadcrumb\":{\"@id\":\"https:\\\/\\\/2020.eckankar.ch\\\/it\\\/tipi-di-eventi\\\/#breadcrumb\"},\"inLanguage\":\"it-IT\",\"potentialAction\":[{\"@type\":\"ReadAction\",\"target\":[\"https:\\\/\\\/2020.eckankar.ch\\\/it\\\/tipi-di-eventi\\\/\"]}]},{\"@type\":\"ImageObject\",\"inLanguage\":\"it-IT\",\"@id\":\"https:\\\/\\\/2020.eckankar.ch\\\/it\\\/tipi-di-eventi\\\/#primaryimage\",\"url\":\"https:\\\/\\\/2020.eckankar.ch\\\/wp-content\\\/uploads\\\/2024\\\/05\\\/HU-Icon_small-300x293.jpg\",\"contentUrl\":\"https:\\\/\\\/2020.eckankar.ch\\\/wp-content\\\/uploads\\\/2024\\\/05\\\/HU-Icon_small-300x293.jpg\"},{\"@type\":\"BreadcrumbList\",\"@id\":\"https:\\\/\\\/2020.eckankar.ch\\\/it\\\/tipi-di-eventi\\\/#breadcrumb\",\"itemListElement\":[{\"@type\":\"ListItem\",\"position\":1,\"name\":\"Home\",\"item\":\"https:\\\/\\\/2020.eckankar.ch\\\/it\\\/\"},{\"@type\":\"ListItem\",\"position\":2,\"name\":\"Tipi di eventi\"}]},{\"@type\":\"WebSite\",\"@id\":\"https:\\\/\\\/2020.eckankar.ch\\\/it\\\/#website\",\"url\":\"https:\\\/\\\/2020.eckankar.ch\\\/it\\\/\",\"name\":\"Eckankar in Switzerland\",\"description\":\"The path of Spiritual Freedom\",\"publisher\":{\"@id\":\"https:\\\/\\\/2020.eckankar.ch\\\/it\\\/#organization\"},\"potentialAction\":[{\"@type\":\"SearchAction\",\"target\":{\"@type\":\"EntryPoint\",\"urlTemplate\":\"https:\\\/\\\/2020.eckankar.ch\\\/it\\\/?s={search_term_string}\"},\"query-input\":{\"@type\":\"PropertyValueSpecification\",\"valueRequired\":true,\"valueName\":\"search_term_string\"}}],\"inLanguage\":\"it-IT\"},{\"@type\":\"Organization\",\"@id\":\"https:\\\/\\\/2020.eckankar.ch\\\/it\\\/#organization\",\"name\":\"Eckankar\",\"url\":\"https:\\\/\\\/2020.eckankar.ch\\\/it\\\/\",\"logo\":{\"@type\":\"ImageObject\",\"inLanguage\":\"it-IT\",\"@id\":\"https:\\\/\\\/2020.eckankar.ch\\\/it\\\/#\\\/schema\\\/logo\\\/image\\\/\",\"url\":\"https:\\\/\\\/2020.eckankar.ch\\\/wp-content\\\/uploads\\\/2018\\\/05\\\/logo_en.png\",\"contentUrl\":\"https:\\\/\\\/2020.eckankar.ch\\\/wp-content\\\/uploads\\\/2018\\\/05\\\/logo_en.png\",\"width\":288,\"height\":100,\"caption\":\"Eckankar\"},\"image\":{\"@id\":\"https:\\\/\\\/2020.eckankar.ch\\\/it\\\/#\\\/schema\\\/logo\\\/image\\\/\"}}]}<\/script>\n<!-- \/ Yoast SEO plugin. -->","yoast_head_json":{"title":"Tipi di eventi - Eckankar in Switzerland","robots":{"index":"index","follow":"follow","max-snippet":"max-snippet:-1","max-image-preview":"max-image-preview:large","max-video-preview":"max-video-preview:-1"},"canonical":"https:\/\/2020.eckankar.ch\/it\/tipi-di-eventi\/","og_locale":"it_IT","og_type":"article","og_title":"Tipi di eventi - Eckankar in Switzerland","og_description":"Der Ton der Seele &nbsp; Du bist eingeladen, die transformierende Kraft von HU zu erfahren. HU ist ein heiliges Mantra &#8211; der Ton hinter allen T\u00f6nen. HU ist ein uralter Name f\u00fcr Gott &#8211; und ein Tr\u00e4ger der Liebe zwischen Gott und dir als Seele. HU zu singen kann dir Heilung f\u00fcr K\u00f6rper und Geist&hellip;","og_url":"https:\/\/2020.eckankar.ch\/it\/tipi-di-eventi\/","og_site_name":"Eckankar in Switzerland","article_modified_time":"2026-03-31T14:01:36+00:00","og_image":[{"url":"https:\/\/2020.eckankar.ch\/wp-content\/uploads\/2024\/05\/HU-Icon_small-300x293.jpg","type":"","width":"","height":""}],"twitter_card":"summary_large_image","twitter_misc":{"Tempo di lettura stimato":"4 minuti"},"schema":{"@context":"https:\/\/schema.org","@graph":[{"@type":"WebPage","@id":"https:\/\/2020.eckankar.ch\/it\/tipi-di-eventi\/","url":"https:\/\/2020.eckankar.ch\/it\/tipi-di-eventi\/","name":"Tipi di eventi - Eckankar in Switzerland","isPartOf":{"@id":"https:\/\/2020.eckankar.ch\/it\/#website"},"primaryImageOfPage":{"@id":"https:\/\/2020.eckankar.ch\/it\/tipi-di-eventi\/#primaryimage"},"image":{"@id":"https:\/\/2020.eckankar.ch\/it\/tipi-di-eventi\/#primaryimage"},"thumbnailUrl":"https:\/\/2020.eckankar.ch\/wp-content\/uploads\/2024\/05\/HU-Icon_small-300x293.jpg","datePublished":"2023-10-04T06:36:12+00:00","dateModified":"2026-03-31T14:01:36+00:00","breadcrumb":{"@id":"https:\/\/2020.eckankar.ch\/it\/tipi-di-eventi\/#breadcrumb"},"inLanguage":"it-IT","potentialAction":[{"@type":"ReadAction","target":["https:\/\/2020.eckankar.ch\/it\/tipi-di-eventi\/"]}]},{"@type":"ImageObject","inLanguage":"it-IT","@id":"https:\/\/2020.eckankar.ch\/it\/tipi-di-eventi\/#primaryimage","url":"https:\/\/2020.eckankar.ch\/wp-content\/uploads\/2024\/05\/HU-Icon_small-300x293.jpg","contentUrl":"https:\/\/2020.eckankar.ch\/wp-content\/uploads\/2024\/05\/HU-Icon_small-300x293.jpg"},{"@type":"BreadcrumbList","@id":"https:\/\/2020.eckankar.ch\/it\/tipi-di-eventi\/#breadcrumb","itemListElement":[{"@type":"ListItem","position":1,"name":"Home","item":"https:\/\/2020.eckankar.ch\/it\/"},{"@type":"ListItem","position":2,"name":"Tipi di eventi"}]},{"@type":"WebSite","@id":"https:\/\/2020.eckankar.ch\/it\/#website","url":"https:\/\/2020.eckankar.ch\/it\/","name":"Eckankar in Switzerland","description":"The path of Spiritual Freedom","publisher":{"@id":"https:\/\/2020.eckankar.ch\/it\/#organization"},"potentialAction":[{"@type":"SearchAction","target":{"@type":"EntryPoint","urlTemplate":"https:\/\/2020.eckankar.ch\/it\/?s={search_term_string}"},"query-input":{"@type":"PropertyValueSpecification","valueRequired":true,"valueName":"search_term_string"}}],"inLanguage":"it-IT"},{"@type":"Organization","@id":"https:\/\/2020.eckankar.ch\/it\/#organization","name":"Eckankar","url":"https:\/\/2020.eckankar.ch\/it\/","logo":{"@type":"ImageObject","inLanguage":"it-IT","@id":"https:\/\/2020.eckankar.ch\/it\/#\/schema\/logo\/image\/","url":"https:\/\/2020.eckankar.ch\/wp-content\/uploads\/2018\/05\/logo_en.png","contentUrl":"https:\/\/2020.eckankar.ch\/wp-content\/uploads\/2018\/05\/logo_en.png","width":288,"height":100,"caption":"Eckankar"},"image":{"@id":"https:\/\/2020.eckankar.ch\/it\/#\/schema\/logo\/image\/"}}]}},"_links":{"self":[{"href":"https:\/\/2020.eckankar.ch\/it\/wp-json\/wp\/v2\/pages\/11168","targetHints":{"allow":["GET"]}}],"collection":[{"href":"https:\/\/2020.eckankar.ch\/it\/wp-json\/wp\/v2\/pages"}],"about":[{"href":"https:\/\/2020.eckankar.ch\/it\/wp-json\/wp\/v2\/types\/page"}],"author":[{"embeddable":true,"href":"https:\/\/2020.eckankar.ch\/it\/wp-json\/wp\/v2\/users\/4"}],"replies":[{"embeddable":true,"href":"https:\/\/2020.eckankar.ch\/it\/wp-json\/wp\/v2\/comments?post=11168"}],"version-history":[{"count":8,"href":"https:\/\/2020.eckankar.ch\/it\/wp-json\/wp\/v2\/pages\/11168\/revisions"}],"predecessor-version":[{"id":12154,"href":"https:\/\/2020.eckankar.ch\/it\/wp-json\/wp\/v2\/pages\/11168\/revisions\/12154"}],"wp:attachment":[{"href":"https:\/\/2020.eckankar.ch\/it\/wp-json\/wp\/v2\/media?parent=11168"}],"curies":[{"name":"wp","href":"https:\/\/api.w.org\/{rel}","templated":true}]}}