{"id":11193,"date":"2018-04-16T15:59:28","date_gmt":"2018-04-16T13:59:28","guid":{"rendered":"https:\/\/2020.eckankar.ch\/eckankar-in-svizzera\/"},"modified":"2026-04-16T07:34:14","modified_gmt":"2026-04-16T05:34:14","slug":"eckankar-in-svizzera","status":"publish","type":"page","link":"https:\/\/2020.eckankar.ch\/it\/eckankar-in-svizzera\/","title":{"rendered":"Eckankar in Svizzera"},"content":{"rendered":"\n\n\t<p><img loading=\"lazy\" decoding=\"async\" src=\"https:\/\/2020.eckankar.ch\/wp-content\/uploads\/2024\/05\/Easy-Way-Icon-Web-1-300x300.jpg\" alt=\"\" width=\"410\" height=\"410\" \/>Eckankar Societ\u00e0 Svizzera e Liechtenstein <\/p>\n<p>&nbsp;<\/p>\n<p>Eckankar Societ\u00e0 Svizzera (ESS) \u00e8 un&#8217;associazione e il rappresentante ufficiale degli insegnamenti spirituali di ECKANKAR in questo paese. La sede centrale di <a href=\"https:\/\/www.eckankar.org\" target=\"_blank\" rel=\"noopener\">ECKANKAR<\/a> si trova a Minneapolis\/USA. Gli insegnamenti ECK sono rappresentati in oltre cento paesi in tutti i continenti.<\/p>\n<p>Se decidi di studiare gli insegnamenti ECK, ti iscriverai presso la sede centrale. Il programma di studio comprende corsi mensili, esercizi spirituali creativi per la vita quotidiana e l&#8217;opuscolo trimestrale <em>The Mystic World. <\/em>L&#8217;iscrizione al programma di studio viene rinnovata ogni anno.<\/p>\n<p>L&#8217;iscrizione alla sede centrale di ECKANKAR \u00e8 un prerequisito per diventare membro dell&#8217;ESS. L&#8217;ESS ti informa sulle ultime novit\u00e0 e su tutti gli eventi nelle regioni con una newsletter periodica. Gestisce <a href=\"https:\/\/2020.eckankar.ch\/uber-eckankar\/eck-center-und-adressen\/\" target=\"_blank\" rel=\"noopener\">centri ECK<\/a> nel paese. Organizza regolarmente <a href=\"https:\/\/2020.eckankar.ch\/it\/eventi-eck-nuovi\/\" target=\"_blank\" rel=\"noopener\">eventi<\/a>, tra cui &#8220;Discussioni spirituali&#8221; pubbliche, la &#8220;Funzione ECK di Luce e Suono&#8221; e eventi quali &#8220;Il Suono dell&#8217;Anima&#8221;. Sporadicamente vengono organizzati seminari regionali.<\/p>\n<p>Come studente ECKANKAR, hai l&#8217;opportunit\u00e0 di partecipare a lezioni con persone che la pensano come te e ad altri eventi in molte aree &#8211; o online.<\/p>\n\n","protected":false},"excerpt":{"rendered":"<p>Eckankar Societ\u00e0 Svizzera e Liechtenstein &nbsp; Eckankar Societ\u00e0 Svizzera (ESS) \u00e8 un&#8217;associazione e il rappresentante ufficiale degli insegnamenti spirituali di ECKANKAR in questo paese. La sede centrale di ECKANKAR si trova a Minneapolis\/USA. Gli insegnamenti ECK sono rappresentati in oltre cento paesi in tutti i continenti. Se decidi di studiare gli insegnamenti ECK, ti iscriverai&hellip;<\/p>\n","protected":false},"author":9,"featured_media":0,"parent":0,"menu_order":0,"comment_status":"closed","ping_status":"closed","template":"","meta":{"_lmt_disableupdate":"","_lmt_disable":"","footnotes":""},"class_list":["post-11193","page","type-page","status-publish","hentry"],"yoast_head":"<!-- This site is optimized with the Yoast SEO plugin v27.4 - https:\/\/yoast.com\/product\/yoast-seo-wordpress\/ -->\n<title>Eckankar in Svizzera - Eckankar in Switzerland<\/title>\n<meta name=\"robots\" content=\"index, follow, max-snippet:-1, max-image-preview:large, max-video-preview:-1\" \/>\n<link rel=\"canonical\" href=\"https:\/\/2020.eckankar.ch\/it\/eckankar-in-svizzera\/\" \/>\n<meta property=\"og:locale\" content=\"it_IT\" \/>\n<meta property=\"og:type\" content=\"article\" \/>\n<meta property=\"og:title\" content=\"Eckankar in Svizzera - Eckankar in Switzerland\" \/>\n<meta property=\"og:description\" content=\"Eckankar Societ\u00e0 Svizzera e Liechtenstein &nbsp; Eckankar Societ\u00e0 Svizzera (ESS) \u00e8 un&#8217;associazione e il rappresentante ufficiale degli insegnamenti spirituali di ECKANKAR in questo paese. La sede centrale di ECKANKAR si trova a Minneapolis\/USA. Gli insegnamenti ECK sono rappresentati in oltre cento paesi in tutti i continenti. Se decidi di studiare gli insegnamenti ECK, ti iscriverai&hellip;\" \/>\n<meta property=\"og:url\" content=\"https:\/\/2020.eckankar.ch\/it\/eckankar-in-svizzera\/\" \/>\n<meta property=\"og:site_name\" content=\"Eckankar in Switzerland\" \/>\n<meta property=\"article:modified_time\" content=\"2026-04-16T05:34:14+00:00\" \/>\n<meta property=\"og:image\" content=\"https:\/\/2020.eckankar.ch\/wp-content\/uploads\/2024\/05\/Easy-Way-Icon-Web-1-300x300.jpg\" \/>\n<meta name=\"twitter:card\" content=\"summary_large_image\" \/>\n<meta name=\"twitter:label1\" content=\"Tempo di lettura stimato\" \/>\n\t<meta name=\"twitter:data1\" content=\"2 minuti\" \/>\n<script type=\"application\/ld+json\" class=\"yoast-schema-graph\">{\"@context\":\"https:\\\/\\\/schema.org\",\"@graph\":[{\"@type\":\"WebPage\",\"@id\":\"https:\\\/\\\/2020.eckankar.ch\\\/it\\\/eckankar-in-svizzera\\\/\",\"url\":\"https:\\\/\\\/2020.eckankar.ch\\\/it\\\/eckankar-in-svizzera\\\/\",\"name\":\"Eckankar in Svizzera - Eckankar in Switzerland\",\"isPartOf\":{\"@id\":\"https:\\\/\\\/2020.eckankar.ch\\\/it\\\/#website\"},\"primaryImageOfPage\":{\"@id\":\"https:\\\/\\\/2020.eckankar.ch\\\/it\\\/eckankar-in-svizzera\\\/#primaryimage\"},\"image\":{\"@id\":\"https:\\\/\\\/2020.eckankar.ch\\\/it\\\/eckankar-in-svizzera\\\/#primaryimage\"},\"thumbnailUrl\":\"https:\\\/\\\/2020.eckankar.ch\\\/wp-content\\\/uploads\\\/2024\\\/05\\\/Easy-Way-Icon-Web-1-300x300.jpg\",\"datePublished\":\"2018-04-16T13:59:28+00:00\",\"dateModified\":\"2026-04-16T05:34:14+00:00\",\"breadcrumb\":{\"@id\":\"https:\\\/\\\/2020.eckankar.ch\\\/it\\\/eckankar-in-svizzera\\\/#breadcrumb\"},\"inLanguage\":\"it-IT\",\"potentialAction\":[{\"@type\":\"ReadAction\",\"target\":[\"https:\\\/\\\/2020.eckankar.ch\\\/it\\\/eckankar-in-svizzera\\\/\"]}]},{\"@type\":\"ImageObject\",\"inLanguage\":\"it-IT\",\"@id\":\"https:\\\/\\\/2020.eckankar.ch\\\/it\\\/eckankar-in-svizzera\\\/#primaryimage\",\"url\":\"https:\\\/\\\/2020.eckankar.ch\\\/wp-content\\\/uploads\\\/2024\\\/05\\\/Easy-Way-Icon-Web-1-300x300.jpg\",\"contentUrl\":\"https:\\\/\\\/2020.eckankar.ch\\\/wp-content\\\/uploads\\\/2024\\\/05\\\/Easy-Way-Icon-Web-1-300x300.jpg\"},{\"@type\":\"BreadcrumbList\",\"@id\":\"https:\\\/\\\/2020.eckankar.ch\\\/it\\\/eckankar-in-svizzera\\\/#breadcrumb\",\"itemListElement\":[{\"@type\":\"ListItem\",\"position\":1,\"name\":\"Home\",\"item\":\"https:\\\/\\\/2020.eckankar.ch\\\/it\\\/\"},{\"@type\":\"ListItem\",\"position\":2,\"name\":\"Eckankar in Svizzera\"}]},{\"@type\":\"WebSite\",\"@id\":\"https:\\\/\\\/2020.eckankar.ch\\\/it\\\/#website\",\"url\":\"https:\\\/\\\/2020.eckankar.ch\\\/it\\\/\",\"name\":\"Eckankar in Switzerland\",\"description\":\"The path of Spiritual Freedom\",\"publisher\":{\"@id\":\"https:\\\/\\\/2020.eckankar.ch\\\/it\\\/#organization\"},\"potentialAction\":[{\"@type\":\"SearchAction\",\"target\":{\"@type\":\"EntryPoint\",\"urlTemplate\":\"https:\\\/\\\/2020.eckankar.ch\\\/it\\\/?s={search_term_string}\"},\"query-input\":{\"@type\":\"PropertyValueSpecification\",\"valueRequired\":true,\"valueName\":\"search_term_string\"}}],\"inLanguage\":\"it-IT\"},{\"@type\":\"Organization\",\"@id\":\"https:\\\/\\\/2020.eckankar.ch\\\/it\\\/#organization\",\"name\":\"Eckankar\",\"url\":\"https:\\\/\\\/2020.eckankar.ch\\\/it\\\/\",\"logo\":{\"@type\":\"ImageObject\",\"inLanguage\":\"it-IT\",\"@id\":\"https:\\\/\\\/2020.eckankar.ch\\\/it\\\/#\\\/schema\\\/logo\\\/image\\\/\",\"url\":\"https:\\\/\\\/2020.eckankar.ch\\\/wp-content\\\/uploads\\\/2018\\\/05\\\/logo_en.png\",\"contentUrl\":\"https:\\\/\\\/2020.eckankar.ch\\\/wp-content\\\/uploads\\\/2018\\\/05\\\/logo_en.png\",\"width\":288,\"height\":100,\"caption\":\"Eckankar\"},\"image\":{\"@id\":\"https:\\\/\\\/2020.eckankar.ch\\\/it\\\/#\\\/schema\\\/logo\\\/image\\\/\"}}]}<\/script>\n<!-- \/ Yoast SEO plugin. -->","yoast_head_json":{"title":"Eckankar in Svizzera - Eckankar in Switzerland","robots":{"index":"index","follow":"follow","max-snippet":"max-snippet:-1","max-image-preview":"max-image-preview:large","max-video-preview":"max-video-preview:-1"},"canonical":"https:\/\/2020.eckankar.ch\/it\/eckankar-in-svizzera\/","og_locale":"it_IT","og_type":"article","og_title":"Eckankar in Svizzera - Eckankar in Switzerland","og_description":"Eckankar Societ\u00e0 Svizzera e Liechtenstein &nbsp; Eckankar Societ\u00e0 Svizzera (ESS) \u00e8 un&#8217;associazione e il rappresentante ufficiale degli insegnamenti spirituali di ECKANKAR in questo paese. La sede centrale di ECKANKAR si trova a Minneapolis\/USA. Gli insegnamenti ECK sono rappresentati in oltre cento paesi in tutti i continenti. Se decidi di studiare gli insegnamenti ECK, ti iscriverai&hellip;","og_url":"https:\/\/2020.eckankar.ch\/it\/eckankar-in-svizzera\/","og_site_name":"Eckankar in Switzerland","article_modified_time":"2026-04-16T05:34:14+00:00","og_image":[{"url":"https:\/\/2020.eckankar.ch\/wp-content\/uploads\/2024\/05\/Easy-Way-Icon-Web-1-300x300.jpg","type":"","width":"","height":""}],"twitter_card":"summary_large_image","twitter_misc":{"Tempo di lettura stimato":"2 minuti"},"schema":{"@context":"https:\/\/schema.org","@graph":[{"@type":"WebPage","@id":"https:\/\/2020.eckankar.ch\/it\/eckankar-in-svizzera\/","url":"https:\/\/2020.eckankar.ch\/it\/eckankar-in-svizzera\/","name":"Eckankar in Svizzera - Eckankar in Switzerland","isPartOf":{"@id":"https:\/\/2020.eckankar.ch\/it\/#website"},"primaryImageOfPage":{"@id":"https:\/\/2020.eckankar.ch\/it\/eckankar-in-svizzera\/#primaryimage"},"image":{"@id":"https:\/\/2020.eckankar.ch\/it\/eckankar-in-svizzera\/#primaryimage"},"thumbnailUrl":"https:\/\/2020.eckankar.ch\/wp-content\/uploads\/2024\/05\/Easy-Way-Icon-Web-1-300x300.jpg","datePublished":"2018-04-16T13:59:28+00:00","dateModified":"2026-04-16T05:34:14+00:00","breadcrumb":{"@id":"https:\/\/2020.eckankar.ch\/it\/eckankar-in-svizzera\/#breadcrumb"},"inLanguage":"it-IT","potentialAction":[{"@type":"ReadAction","target":["https:\/\/2020.eckankar.ch\/it\/eckankar-in-svizzera\/"]}]},{"@type":"ImageObject","inLanguage":"it-IT","@id":"https:\/\/2020.eckankar.ch\/it\/eckankar-in-svizzera\/#primaryimage","url":"https:\/\/2020.eckankar.ch\/wp-content\/uploads\/2024\/05\/Easy-Way-Icon-Web-1-300x300.jpg","contentUrl":"https:\/\/2020.eckankar.ch\/wp-content\/uploads\/2024\/05\/Easy-Way-Icon-Web-1-300x300.jpg"},{"@type":"BreadcrumbList","@id":"https:\/\/2020.eckankar.ch\/it\/eckankar-in-svizzera\/#breadcrumb","itemListElement":[{"@type":"ListItem","position":1,"name":"Home","item":"https:\/\/2020.eckankar.ch\/it\/"},{"@type":"ListItem","position":2,"name":"Eckankar in Svizzera"}]},{"@type":"WebSite","@id":"https:\/\/2020.eckankar.ch\/it\/#website","url":"https:\/\/2020.eckankar.ch\/it\/","name":"Eckankar in Switzerland","description":"The path of Spiritual Freedom","publisher":{"@id":"https:\/\/2020.eckankar.ch\/it\/#organization"},"potentialAction":[{"@type":"SearchAction","target":{"@type":"EntryPoint","urlTemplate":"https:\/\/2020.eckankar.ch\/it\/?s={search_term_string}"},"query-input":{"@type":"PropertyValueSpecification","valueRequired":true,"valueName":"search_term_string"}}],"inLanguage":"it-IT"},{"@type":"Organization","@id":"https:\/\/2020.eckankar.ch\/it\/#organization","name":"Eckankar","url":"https:\/\/2020.eckankar.ch\/it\/","logo":{"@type":"ImageObject","inLanguage":"it-IT","@id":"https:\/\/2020.eckankar.ch\/it\/#\/schema\/logo\/image\/","url":"https:\/\/2020.eckankar.ch\/wp-content\/uploads\/2018\/05\/logo_en.png","contentUrl":"https:\/\/2020.eckankar.ch\/wp-content\/uploads\/2018\/05\/logo_en.png","width":288,"height":100,"caption":"Eckankar"},"image":{"@id":"https:\/\/2020.eckankar.ch\/it\/#\/schema\/logo\/image\/"}}]}},"_links":{"self":[{"href":"https:\/\/2020.eckankar.ch\/it\/wp-json\/wp\/v2\/pages\/11193","targetHints":{"allow":["GET"]}}],"collection":[{"href":"https:\/\/2020.eckankar.ch\/it\/wp-json\/wp\/v2\/pages"}],"about":[{"href":"https:\/\/2020.eckankar.ch\/it\/wp-json\/wp\/v2\/types\/page"}],"author":[{"embeddable":true,"href":"https:\/\/2020.eckankar.ch\/it\/wp-json\/wp\/v2\/users\/9"}],"replies":[{"embeddable":true,"href":"https:\/\/2020.eckankar.ch\/it\/wp-json\/wp\/v2\/comments?post=11193"}],"version-history":[{"count":6,"href":"https:\/\/2020.eckankar.ch\/it\/wp-json\/wp\/v2\/pages\/11193\/revisions"}],"predecessor-version":[{"id":12256,"href":"https:\/\/2020.eckankar.ch\/it\/wp-json\/wp\/v2\/pages\/11193\/revisions\/12256"}],"wp:attachment":[{"href":"https:\/\/2020.eckankar.ch\/it\/wp-json\/wp\/v2\/media?parent=11193"}],"curies":[{"name":"wp","href":"https:\/\/api.w.org\/{rel}","templated":true}]}}