{"id":11197,"date":"2018-03-26T13:20:04","date_gmt":"2018-03-26T11:20:04","guid":{"rendered":"https:\/\/2020.eckankar.ch\/il-suono-dellanima\/"},"modified":"2025-11-25T19:21:27","modified_gmt":"2025-11-25T18:21:27","slug":"il-suono-dellanima","status":"publish","type":"page","link":"https:\/\/2020.eckankar.ch\/it\/il-suono-dellanima\/","title":{"rendered":"Il suono dell&#8217;anima"},"content":{"rendered":"\n\n\t<header>\n<h3>HU &#8211; Un canto d&#8217;amore a Dio<\/h3>\n<\/header>\n&#8220;In tutto il cielo e in tutta la terra, nessun nome \u00e8 pi\u00f9 potente dello HU. Pu\u00f2 elevare il cuore addolorato in un tempio di consolazione. Compagno nelle avversit\u00e0, \u00e8 altrettanto amico nei momenti di prosperit\u00e0. E questo \u00e8 sorprendente, dato che lo HU \u00e8 il dono pi\u00f9 prezioso di Dio per l&#8217;anima&#8221;.\n<p>&#8211; Harold Klemp, <em>HU, <\/em><em>la preghiera pi\u00f9 bella<\/em>, p. 3<\/p>\n<h3>Prova tu stesso l&#8217;esperienza dello HU<\/h3>\n<p>Non importa a quale fede o religione tu appartenga, sei invitato a cantare HU e a far entrare l&#8217;amore universale nel tuo cuore. Fai alcuni respiri profondi con gli occhi aperti o chiusi per rilassarti. Poi canta HU (pronunciato &#8220;hiuuuuu&#8221;) con un tono lungo e prolungato, per un massimo di venti minuti. Cantare HU a cuore aperto pu\u00f2 aiutarti a raggiungere uno stato di coscienza superiore.<\/p>\n<h3>Cantare HU in gruppo<\/h3>\n<p>Gli eventi &#8220;Il Suono dell&#8217;Anima&#8221; o le &#8220;Funzioni ECK di Luce e Suono&#8221; si svolgono regolarmente in vari luoghi. I visitatori sono i benvenuti. Puoi trovare le date e i luoghi <a href=\"https:\/\/2020.eckankar.ch\/it\/eventi-eck-nuovi\/\">qui<\/a> o scrivere un&#8217;e-mail a <a href=\"mailto:info@eckankar.ch\">info@eckankar.ch.<\/a><\/p>\n\t\t\t\t<img decoding=\"async\" src=\"https:\/\/2020.eckankar.ch\/wp-content\/uploads\/2023\/04\/HU-Icon.jpg\" alt=\"HU Icon\" itemprop=\"image\" height=\"2199\" width=\"2253\" title=\"HU Icon\" onerror=\"this.style.display='none'\" loading=\"lazy\" \/>\n<h3>\n\t\t\tVideo\t<\/h3>\n\t<iframe loading=\"lazy\" width=\"337\" height=\"190\" src=\"https:\/\/www.eckankar.it\/images\/videos\/miracoli-nella-tua-vita.mp4\" frameborder=\"0\" allowfullscreen><\/iframe>\n\t<p>(3min., 34 sec.)<\/p>\n<h3>\n\t\t\tAudio\t<\/h3>\n\t<p>Ascolta lo <a href=\"https:\/\/www.eckankar.org\/experience\/hu-the-sound-of-soul\/\" target=\"_blank\" rel=\"noopener\">HU cantato<\/a> da molte persone.<\/p>\n<h3>\n\t\t\tAPP\t<\/h3>\n\t\t\t\t<img decoding=\"async\" src=\"https:\/\/2020.eckankar.ch\/wp-content\/uploads\/2018\/04\/HU-App_Mobile.jpg\" alt=\"HU-App_Mobile\" itemprop=\"image\" height=\"567\" width=\"317\" title=\"HU-App_Mobile\" onerror=\"this.style.display='none'\" loading=\"lazy\" \/>\n\t<p>Puoi scaricare l&#8217;<a href=\"https:\/\/www.eckankar.org\/experience\/hu-the-sound-of-soul\/\" target=\"_blank\" rel=\"noopener\">applicazione<\/a> gratuita per Android e Apple qui (scorri la pagina verso il basso).<\/p>\n\t<a href=\"http:\/\/www.eckankar.org\/experience\/hu-the-sound-of-soul\/\" target=\"_blank\" rel=\"noopener\"><br \/>\n  Leggi tutto<br \/>\n<\/a> in Lingua inglese\n\n","protected":false},"excerpt":{"rendered":"<p>HU &#8211; Un canto d&#8217;amore a Dio &#8220;In tutto il cielo e in tutta la terra, nessun nome \u00e8 pi\u00f9 potente dello HU. Pu\u00f2 elevare il cuore addolorato in un tempio di consolazione. Compagno nelle avversit\u00e0, \u00e8 altrettanto amico nei momenti di prosperit\u00e0. E questo \u00e8 sorprendente, dato che lo HU \u00e8 il dono pi\u00f9&hellip;<\/p>\n","protected":false},"author":9,"featured_media":0,"parent":0,"menu_order":0,"comment_status":"closed","ping_status":"closed","template":"","meta":{"_lmt_disableupdate":"","_lmt_disable":"","footnotes":""},"class_list":["post-11197","page","type-page","status-publish","hentry"],"yoast_head":"<!-- This site is optimized with the Yoast SEO plugin v27.4 - https:\/\/yoast.com\/product\/yoast-seo-wordpress\/ -->\n<title>Il suono dell&#039;anima - Eckankar in Switzerland<\/title>\n<meta name=\"robots\" content=\"index, follow, max-snippet:-1, max-image-preview:large, max-video-preview:-1\" \/>\n<link rel=\"canonical\" href=\"https:\/\/2020.eckankar.ch\/it\/il-suono-dellanima\/\" \/>\n<meta property=\"og:locale\" content=\"it_IT\" \/>\n<meta property=\"og:type\" content=\"article\" \/>\n<meta property=\"og:title\" content=\"Il suono dell&#039;anima - Eckankar in Switzerland\" \/>\n<meta property=\"og:description\" content=\"HU &#8211; Un canto d&#8217;amore a Dio &#8220;In tutto il cielo e in tutta la terra, nessun nome \u00e8 pi\u00f9 potente dello HU. Pu\u00f2 elevare il cuore addolorato in un tempio di consolazione. Compagno nelle avversit\u00e0, \u00e8 altrettanto amico nei momenti di prosperit\u00e0. E questo \u00e8 sorprendente, dato che lo HU \u00e8 il dono pi\u00f9&hellip;\" \/>\n<meta property=\"og:url\" content=\"https:\/\/2020.eckankar.ch\/it\/il-suono-dellanima\/\" \/>\n<meta property=\"og:site_name\" content=\"Eckankar in Switzerland\" \/>\n<meta property=\"article:modified_time\" content=\"2025-11-25T18:21:27+00:00\" \/>\n<meta property=\"og:image\" content=\"https:\/\/2020.eckankar.ch\/wp-content\/uploads\/2023\/04\/HU-Icon.jpg\" \/>\n<meta name=\"twitter:card\" content=\"summary_large_image\" \/>\n<meta name=\"twitter:label1\" content=\"Tempo di lettura stimato\" \/>\n\t<meta name=\"twitter:data1\" content=\"1 minuto\" \/>\n<script type=\"application\/ld+json\" class=\"yoast-schema-graph\">{\"@context\":\"https:\\\/\\\/schema.org\",\"@graph\":[{\"@type\":\"WebPage\",\"@id\":\"https:\\\/\\\/2020.eckankar.ch\\\/it\\\/il-suono-dellanima\\\/\",\"url\":\"https:\\\/\\\/2020.eckankar.ch\\\/it\\\/il-suono-dellanima\\\/\",\"name\":\"Il suono dell'anima - Eckankar in Switzerland\",\"isPartOf\":{\"@id\":\"https:\\\/\\\/2020.eckankar.ch\\\/it\\\/#website\"},\"primaryImageOfPage\":{\"@id\":\"https:\\\/\\\/2020.eckankar.ch\\\/it\\\/il-suono-dellanima\\\/#primaryimage\"},\"image\":{\"@id\":\"https:\\\/\\\/2020.eckankar.ch\\\/it\\\/il-suono-dellanima\\\/#primaryimage\"},\"thumbnailUrl\":\"https:\\\/\\\/2020.eckankar.ch\\\/wp-content\\\/uploads\\\/2023\\\/04\\\/HU-Icon.jpg\",\"datePublished\":\"2018-03-26T11:20:04+00:00\",\"dateModified\":\"2025-11-25T18:21:27+00:00\",\"breadcrumb\":{\"@id\":\"https:\\\/\\\/2020.eckankar.ch\\\/it\\\/il-suono-dellanima\\\/#breadcrumb\"},\"inLanguage\":\"it-IT\",\"potentialAction\":[{\"@type\":\"ReadAction\",\"target\":[\"https:\\\/\\\/2020.eckankar.ch\\\/it\\\/il-suono-dellanima\\\/\"]}]},{\"@type\":\"ImageObject\",\"inLanguage\":\"it-IT\",\"@id\":\"https:\\\/\\\/2020.eckankar.ch\\\/it\\\/il-suono-dellanima\\\/#primaryimage\",\"url\":\"https:\\\/\\\/2020.eckankar.ch\\\/wp-content\\\/uploads\\\/2023\\\/04\\\/HU-Icon.jpg\",\"contentUrl\":\"https:\\\/\\\/2020.eckankar.ch\\\/wp-content\\\/uploads\\\/2023\\\/04\\\/HU-Icon.jpg\"},{\"@type\":\"BreadcrumbList\",\"@id\":\"https:\\\/\\\/2020.eckankar.ch\\\/it\\\/il-suono-dellanima\\\/#breadcrumb\",\"itemListElement\":[{\"@type\":\"ListItem\",\"position\":1,\"name\":\"Home\",\"item\":\"https:\\\/\\\/2020.eckankar.ch\\\/it\\\/\"},{\"@type\":\"ListItem\",\"position\":2,\"name\":\"Il suono dell&#8217;anima\"}]},{\"@type\":\"WebSite\",\"@id\":\"https:\\\/\\\/2020.eckankar.ch\\\/it\\\/#website\",\"url\":\"https:\\\/\\\/2020.eckankar.ch\\\/it\\\/\",\"name\":\"Eckankar in Switzerland\",\"description\":\"The path of Spiritual Freedom\",\"publisher\":{\"@id\":\"https:\\\/\\\/2020.eckankar.ch\\\/it\\\/#organization\"},\"potentialAction\":[{\"@type\":\"SearchAction\",\"target\":{\"@type\":\"EntryPoint\",\"urlTemplate\":\"https:\\\/\\\/2020.eckankar.ch\\\/it\\\/?s={search_term_string}\"},\"query-input\":{\"@type\":\"PropertyValueSpecification\",\"valueRequired\":true,\"valueName\":\"search_term_string\"}}],\"inLanguage\":\"it-IT\"},{\"@type\":\"Organization\",\"@id\":\"https:\\\/\\\/2020.eckankar.ch\\\/it\\\/#organization\",\"name\":\"Eckankar\",\"url\":\"https:\\\/\\\/2020.eckankar.ch\\\/it\\\/\",\"logo\":{\"@type\":\"ImageObject\",\"inLanguage\":\"it-IT\",\"@id\":\"https:\\\/\\\/2020.eckankar.ch\\\/it\\\/#\\\/schema\\\/logo\\\/image\\\/\",\"url\":\"https:\\\/\\\/2020.eckankar.ch\\\/wp-content\\\/uploads\\\/2018\\\/05\\\/logo_en.png\",\"contentUrl\":\"https:\\\/\\\/2020.eckankar.ch\\\/wp-content\\\/uploads\\\/2018\\\/05\\\/logo_en.png\",\"width\":288,\"height\":100,\"caption\":\"Eckankar\"},\"image\":{\"@id\":\"https:\\\/\\\/2020.eckankar.ch\\\/it\\\/#\\\/schema\\\/logo\\\/image\\\/\"}}]}<\/script>\n<!-- \/ Yoast SEO plugin. -->","yoast_head_json":{"title":"Il suono dell'anima - Eckankar in Switzerland","robots":{"index":"index","follow":"follow","max-snippet":"max-snippet:-1","max-image-preview":"max-image-preview:large","max-video-preview":"max-video-preview:-1"},"canonical":"https:\/\/2020.eckankar.ch\/it\/il-suono-dellanima\/","og_locale":"it_IT","og_type":"article","og_title":"Il suono dell'anima - Eckankar in Switzerland","og_description":"HU &#8211; Un canto d&#8217;amore a Dio &#8220;In tutto il cielo e in tutta la terra, nessun nome \u00e8 pi\u00f9 potente dello HU. Pu\u00f2 elevare il cuore addolorato in un tempio di consolazione. Compagno nelle avversit\u00e0, \u00e8 altrettanto amico nei momenti di prosperit\u00e0. E questo \u00e8 sorprendente, dato che lo HU \u00e8 il dono pi\u00f9&hellip;","og_url":"https:\/\/2020.eckankar.ch\/it\/il-suono-dellanima\/","og_site_name":"Eckankar in Switzerland","article_modified_time":"2025-11-25T18:21:27+00:00","og_image":[{"url":"https:\/\/2020.eckankar.ch\/wp-content\/uploads\/2023\/04\/HU-Icon.jpg","type":"","width":"","height":""}],"twitter_card":"summary_large_image","twitter_misc":{"Tempo di lettura stimato":"1 minuto"},"schema":{"@context":"https:\/\/schema.org","@graph":[{"@type":"WebPage","@id":"https:\/\/2020.eckankar.ch\/it\/il-suono-dellanima\/","url":"https:\/\/2020.eckankar.ch\/it\/il-suono-dellanima\/","name":"Il suono dell'anima - Eckankar in Switzerland","isPartOf":{"@id":"https:\/\/2020.eckankar.ch\/it\/#website"},"primaryImageOfPage":{"@id":"https:\/\/2020.eckankar.ch\/it\/il-suono-dellanima\/#primaryimage"},"image":{"@id":"https:\/\/2020.eckankar.ch\/it\/il-suono-dellanima\/#primaryimage"},"thumbnailUrl":"https:\/\/2020.eckankar.ch\/wp-content\/uploads\/2023\/04\/HU-Icon.jpg","datePublished":"2018-03-26T11:20:04+00:00","dateModified":"2025-11-25T18:21:27+00:00","breadcrumb":{"@id":"https:\/\/2020.eckankar.ch\/it\/il-suono-dellanima\/#breadcrumb"},"inLanguage":"it-IT","potentialAction":[{"@type":"ReadAction","target":["https:\/\/2020.eckankar.ch\/it\/il-suono-dellanima\/"]}]},{"@type":"ImageObject","inLanguage":"it-IT","@id":"https:\/\/2020.eckankar.ch\/it\/il-suono-dellanima\/#primaryimage","url":"https:\/\/2020.eckankar.ch\/wp-content\/uploads\/2023\/04\/HU-Icon.jpg","contentUrl":"https:\/\/2020.eckankar.ch\/wp-content\/uploads\/2023\/04\/HU-Icon.jpg"},{"@type":"BreadcrumbList","@id":"https:\/\/2020.eckankar.ch\/it\/il-suono-dellanima\/#breadcrumb","itemListElement":[{"@type":"ListItem","position":1,"name":"Home","item":"https:\/\/2020.eckankar.ch\/it\/"},{"@type":"ListItem","position":2,"name":"Il suono dell&#8217;anima"}]},{"@type":"WebSite","@id":"https:\/\/2020.eckankar.ch\/it\/#website","url":"https:\/\/2020.eckankar.ch\/it\/","name":"Eckankar in Switzerland","description":"The path of Spiritual Freedom","publisher":{"@id":"https:\/\/2020.eckankar.ch\/it\/#organization"},"potentialAction":[{"@type":"SearchAction","target":{"@type":"EntryPoint","urlTemplate":"https:\/\/2020.eckankar.ch\/it\/?s={search_term_string}"},"query-input":{"@type":"PropertyValueSpecification","valueRequired":true,"valueName":"search_term_string"}}],"inLanguage":"it-IT"},{"@type":"Organization","@id":"https:\/\/2020.eckankar.ch\/it\/#organization","name":"Eckankar","url":"https:\/\/2020.eckankar.ch\/it\/","logo":{"@type":"ImageObject","inLanguage":"it-IT","@id":"https:\/\/2020.eckankar.ch\/it\/#\/schema\/logo\/image\/","url":"https:\/\/2020.eckankar.ch\/wp-content\/uploads\/2018\/05\/logo_en.png","contentUrl":"https:\/\/2020.eckankar.ch\/wp-content\/uploads\/2018\/05\/logo_en.png","width":288,"height":100,"caption":"Eckankar"},"image":{"@id":"https:\/\/2020.eckankar.ch\/it\/#\/schema\/logo\/image\/"}}]}},"_links":{"self":[{"href":"https:\/\/2020.eckankar.ch\/it\/wp-json\/wp\/v2\/pages\/11197","targetHints":{"allow":["GET"]}}],"collection":[{"href":"https:\/\/2020.eckankar.ch\/it\/wp-json\/wp\/v2\/pages"}],"about":[{"href":"https:\/\/2020.eckankar.ch\/it\/wp-json\/wp\/v2\/types\/page"}],"author":[{"embeddable":true,"href":"https:\/\/2020.eckankar.ch\/it\/wp-json\/wp\/v2\/users\/9"}],"replies":[{"embeddable":true,"href":"https:\/\/2020.eckankar.ch\/it\/wp-json\/wp\/v2\/comments?post=11197"}],"version-history":[{"count":5,"href":"https:\/\/2020.eckankar.ch\/it\/wp-json\/wp\/v2\/pages\/11197\/revisions"}],"predecessor-version":[{"id":11454,"href":"https:\/\/2020.eckankar.ch\/it\/wp-json\/wp\/v2\/pages\/11197\/revisions\/11454"}],"wp:attachment":[{"href":"https:\/\/2020.eckankar.ch\/it\/wp-json\/wp\/v2\/media?parent=11197"}],"curies":[{"name":"wp","href":"https:\/\/api.w.org\/{rel}","templated":true}]}}