{"id":11200,"date":"2018-04-16T15:56:47","date_gmt":"2018-04-16T13:56:47","guid":{"rendered":"https:\/\/2020.eckankar.ch\/che-cose-eckankar\/"},"modified":"2026-03-31T17:41:49","modified_gmt":"2026-03-31T15:41:49","slug":"che-cose-eckankar","status":"publish","type":"page","link":"https:\/\/2020.eckankar.ch\/it\/che-cose-eckankar\/","title":{"rendered":"Che cos&#8217;\u00e8 Eckankar?"},"content":{"rendered":"\n\n\t<p>Eckankar &#8211; un&#8217;organizzazione spirituale<\/p>\n<p>&nbsp;<\/p>\n<p><img loading=\"lazy\" decoding=\"async\" src=\"https:\/\/2020.eckankar.ch\/wp-content\/uploads\/2026\/03\/Temple_12_color_LO.jpg\" alt=\"\" width=\"500\" height=\"352\"\/><\/p>\n<p>Eckankar (che significa &#8220;collaboratore di Dio&#8221;) \u00e8 un&#8217;organizzazione spirituale senza scopo di lucro con sede principale negli Stati Uniti. \u00c8 legalmente riconosciuta come istituzione religiosa negli Stati Uniti e in oltre 40 altri paesi, e conta membri in pi\u00f9 di 120 paesi. Eckankar non \u00e8 affiliata a nessun altro gruppo religioso.  <\/p>\n<p>La sede spirituale di Eckankar \u00e8 il Tempio ECK a Chanhassen, Minnesota (USA).<\/p>\n<p>Attualmente, Sri Doug Kunin \u00e8 il capo spirituale dell&#8217;organizzazione. Il suo titolo \u00e8 &#8220;Mahanta, il Maestro ECK Vivente&#8221;. \u00c8 stato presentato dal suo predecessore, Harold Klemp, nell&#8217;ottobre del 2025. Eckankar \u00e8 stata fondata nel 1965 da Paul Twitchell.   <\/p>\n\t<p>&nbsp;<\/p>\n<p>Eckankar &#8211; il sentiero della libert\u00e0 spirituale<\/p>\n<p>&nbsp;<\/p>\n<p><img loading=\"lazy\" decoding=\"async\" src=\"https:\/\/2020.eckankar.ch\/wp-content\/uploads\/2026\/03\/soul_travel_09_color_LO.jpg\" alt=\"\" width=\"500\" height=\"327\"\/><\/p>\n<p>Eckankar insegna che siamo Anima e abbiamo un corpo, non il contrario. L&#8217;Anima \u00e8 in questo mondo per trovare l&#8217;amore divino e trasmetterlo incondizionatamente. La libert\u00e0 spirituale \u00e8 un principio fondamentale degli insegnamenti. Eckankar offre innumerevoli opportunit\u00e0 per esplorare il proprio rapporto unico e naturale con il Divino e sperimentare la guida divina nella vita quotidiana, ad esempio attraverso esercizi spirituali e lo studio spirituale individuale. Ognuno pu\u00f2 esplorare attivamente i mondi spirituali attraverso il Viaggio dell&#8217;Anima, sogni e altre tecniche spirituali.    <\/p>\n<p>UUna pratica spirituale essenziale \u00e8 il canto amorevole dello \u00abHU\u00bb, un mantra antico con cui si stabilisce la connessione con il Divino. Questo pu\u00f2 portare a sperimentare la Luce e il Suono di Dio, come pure la presenza dello Spirito Santo. <\/p>\n\t<p><strong>VIDEO<\/strong><\/p>\n<h2><strong>SCOPRIRE ECKANKAR<\/strong><\/h2>\n<p>Per ottenere dei sottotitoli in italiano, clicca sulla rotella degli strumenti in basso a destra e seleziona:<\/p>\n<ul>\n<li>sottotitoli disattivati<\/li>\n<li>inglese generati automaticamente<\/li>\n<li>traduzione automatica<\/li>\n<li>seleziona la lingua italiana<\/li>\n<\/ul>\n<p>&nbsp;<\/p>\n\t<iframe loading=\"lazy\" width=\"600\" height=\"337\"\n    src=\"https:\/\/www.youtube.com\/embed\/s78XVcM7HWI\"\n    title=\"YouTube video player\"\n    frameborder=\"0\"\n    allow=\"accelerometer; autoplay; clipboard-write; encrypted-media; gyroscope; picture-in-picture; web-share\"\n    allowfullscreen>\n<\/iframe>\n\n","protected":false},"excerpt":{"rendered":"<p>Eckankar &#8211; un&#8217;organizzazione spirituale &nbsp; Eckankar (che significa &#8220;collaboratore di Dio&#8221;) \u00e8 un&#8217;organizzazione spirituale senza scopo di lucro con sede principale negli Stati Uniti. \u00c8 legalmente riconosciuta come istituzione religiosa negli Stati Uniti e in oltre 40 altri paesi, e conta membri in pi\u00f9 di 120 paesi. Eckankar non \u00e8 affiliata a nessun altro gruppo&hellip;<\/p>\n","protected":false},"author":9,"featured_media":0,"parent":0,"menu_order":0,"comment_status":"closed","ping_status":"closed","template":"","meta":{"_lmt_disableupdate":"","_lmt_disable":"","footnotes":""},"class_list":["post-11200","page","type-page","status-publish","hentry"],"yoast_head":"<!-- This site is optimized with the Yoast SEO plugin v27.4 - https:\/\/yoast.com\/product\/yoast-seo-wordpress\/ -->\n<title>Che cos&#039;\u00e8 Eckankar? - Eckankar in Switzerland<\/title>\n<meta name=\"robots\" content=\"index, follow, max-snippet:-1, max-image-preview:large, max-video-preview:-1\" \/>\n<link rel=\"canonical\" href=\"https:\/\/2020.eckankar.ch\/it\/che-cose-eckankar\/\" \/>\n<meta property=\"og:locale\" content=\"it_IT\" \/>\n<meta property=\"og:type\" content=\"article\" \/>\n<meta property=\"og:title\" content=\"Che cos&#039;\u00e8 Eckankar? - Eckankar in Switzerland\" \/>\n<meta property=\"og:description\" content=\"Eckankar &#8211; un&#8217;organizzazione spirituale &nbsp; Eckankar (che significa &#8220;collaboratore di Dio&#8221;) \u00e8 un&#8217;organizzazione spirituale senza scopo di lucro con sede principale negli Stati Uniti. \u00c8 legalmente riconosciuta come istituzione religiosa negli Stati Uniti e in oltre 40 altri paesi, e conta membri in pi\u00f9 di 120 paesi. Eckankar non \u00e8 affiliata a nessun altro gruppo&hellip;\" \/>\n<meta property=\"og:url\" content=\"https:\/\/2020.eckankar.ch\/it\/che-cose-eckankar\/\" \/>\n<meta property=\"og:site_name\" content=\"Eckankar in Switzerland\" \/>\n<meta property=\"article:modified_time\" content=\"2026-03-31T15:41:49+00:00\" \/>\n<meta property=\"og:image\" content=\"https:\/\/2020.eckankar.ch\/wp-content\/uploads\/2026\/03\/Temple_12_color_LO.jpg\" \/>\n<meta name=\"twitter:card\" content=\"summary_large_image\" \/>\n<meta name=\"twitter:label1\" content=\"Tempo di lettura stimato\" \/>\n\t<meta name=\"twitter:data1\" content=\"2 minuti\" \/>\n<script type=\"application\/ld+json\" class=\"yoast-schema-graph\">{\"@context\":\"https:\\\/\\\/schema.org\",\"@graph\":[{\"@type\":\"WebPage\",\"@id\":\"https:\\\/\\\/2020.eckankar.ch\\\/it\\\/che-cose-eckankar\\\/\",\"url\":\"https:\\\/\\\/2020.eckankar.ch\\\/it\\\/che-cose-eckankar\\\/\",\"name\":\"Che cos'\u00e8 Eckankar? - Eckankar in Switzerland\",\"isPartOf\":{\"@id\":\"https:\\\/\\\/2020.eckankar.ch\\\/it\\\/#website\"},\"primaryImageOfPage\":{\"@id\":\"https:\\\/\\\/2020.eckankar.ch\\\/it\\\/che-cose-eckankar\\\/#primaryimage\"},\"image\":{\"@id\":\"https:\\\/\\\/2020.eckankar.ch\\\/it\\\/che-cose-eckankar\\\/#primaryimage\"},\"thumbnailUrl\":\"https:\\\/\\\/2020.eckankar.ch\\\/wp-content\\\/uploads\\\/2026\\\/03\\\/Temple_12_color_LO.jpg\",\"datePublished\":\"2018-04-16T13:56:47+00:00\",\"dateModified\":\"2026-03-31T15:41:49+00:00\",\"breadcrumb\":{\"@id\":\"https:\\\/\\\/2020.eckankar.ch\\\/it\\\/che-cose-eckankar\\\/#breadcrumb\"},\"inLanguage\":\"it-IT\",\"potentialAction\":[{\"@type\":\"ReadAction\",\"target\":[\"https:\\\/\\\/2020.eckankar.ch\\\/it\\\/che-cose-eckankar\\\/\"]}]},{\"@type\":\"ImageObject\",\"inLanguage\":\"it-IT\",\"@id\":\"https:\\\/\\\/2020.eckankar.ch\\\/it\\\/che-cose-eckankar\\\/#primaryimage\",\"url\":\"https:\\\/\\\/2020.eckankar.ch\\\/wp-content\\\/uploads\\\/2026\\\/03\\\/Temple_12_color_LO.jpg\",\"contentUrl\":\"https:\\\/\\\/2020.eckankar.ch\\\/wp-content\\\/uploads\\\/2026\\\/03\\\/Temple_12_color_LO.jpg\"},{\"@type\":\"BreadcrumbList\",\"@id\":\"https:\\\/\\\/2020.eckankar.ch\\\/it\\\/che-cose-eckankar\\\/#breadcrumb\",\"itemListElement\":[{\"@type\":\"ListItem\",\"position\":1,\"name\":\"Home\",\"item\":\"https:\\\/\\\/2020.eckankar.ch\\\/it\\\/\"},{\"@type\":\"ListItem\",\"position\":2,\"name\":\"Che cos&#8217;\u00e8 Eckankar?\"}]},{\"@type\":\"WebSite\",\"@id\":\"https:\\\/\\\/2020.eckankar.ch\\\/it\\\/#website\",\"url\":\"https:\\\/\\\/2020.eckankar.ch\\\/it\\\/\",\"name\":\"Eckankar in Switzerland\",\"description\":\"The path of Spiritual Freedom\",\"publisher\":{\"@id\":\"https:\\\/\\\/2020.eckankar.ch\\\/it\\\/#organization\"},\"potentialAction\":[{\"@type\":\"SearchAction\",\"target\":{\"@type\":\"EntryPoint\",\"urlTemplate\":\"https:\\\/\\\/2020.eckankar.ch\\\/it\\\/?s={search_term_string}\"},\"query-input\":{\"@type\":\"PropertyValueSpecification\",\"valueRequired\":true,\"valueName\":\"search_term_string\"}}],\"inLanguage\":\"it-IT\"},{\"@type\":\"Organization\",\"@id\":\"https:\\\/\\\/2020.eckankar.ch\\\/it\\\/#organization\",\"name\":\"Eckankar\",\"url\":\"https:\\\/\\\/2020.eckankar.ch\\\/it\\\/\",\"logo\":{\"@type\":\"ImageObject\",\"inLanguage\":\"it-IT\",\"@id\":\"https:\\\/\\\/2020.eckankar.ch\\\/it\\\/#\\\/schema\\\/logo\\\/image\\\/\",\"url\":\"https:\\\/\\\/2020.eckankar.ch\\\/wp-content\\\/uploads\\\/2018\\\/05\\\/logo_en.png\",\"contentUrl\":\"https:\\\/\\\/2020.eckankar.ch\\\/wp-content\\\/uploads\\\/2018\\\/05\\\/logo_en.png\",\"width\":288,\"height\":100,\"caption\":\"Eckankar\"},\"image\":{\"@id\":\"https:\\\/\\\/2020.eckankar.ch\\\/it\\\/#\\\/schema\\\/logo\\\/image\\\/\"}}]}<\/script>\n<!-- \/ Yoast SEO plugin. -->","yoast_head_json":{"title":"Che cos'\u00e8 Eckankar? - Eckankar in Switzerland","robots":{"index":"index","follow":"follow","max-snippet":"max-snippet:-1","max-image-preview":"max-image-preview:large","max-video-preview":"max-video-preview:-1"},"canonical":"https:\/\/2020.eckankar.ch\/it\/che-cose-eckankar\/","og_locale":"it_IT","og_type":"article","og_title":"Che cos'\u00e8 Eckankar? - Eckankar in Switzerland","og_description":"Eckankar &#8211; un&#8217;organizzazione spirituale &nbsp; Eckankar (che significa &#8220;collaboratore di Dio&#8221;) \u00e8 un&#8217;organizzazione spirituale senza scopo di lucro con sede principale negli Stati Uniti. \u00c8 legalmente riconosciuta come istituzione religiosa negli Stati Uniti e in oltre 40 altri paesi, e conta membri in pi\u00f9 di 120 paesi. Eckankar non \u00e8 affiliata a nessun altro gruppo&hellip;","og_url":"https:\/\/2020.eckankar.ch\/it\/che-cose-eckankar\/","og_site_name":"Eckankar in Switzerland","article_modified_time":"2026-03-31T15:41:49+00:00","og_image":[{"url":"https:\/\/2020.eckankar.ch\/wp-content\/uploads\/2026\/03\/Temple_12_color_LO.jpg","type":"","width":"","height":""}],"twitter_card":"summary_large_image","twitter_misc":{"Tempo di lettura stimato":"2 minuti"},"schema":{"@context":"https:\/\/schema.org","@graph":[{"@type":"WebPage","@id":"https:\/\/2020.eckankar.ch\/it\/che-cose-eckankar\/","url":"https:\/\/2020.eckankar.ch\/it\/che-cose-eckankar\/","name":"Che cos'\u00e8 Eckankar? - Eckankar in Switzerland","isPartOf":{"@id":"https:\/\/2020.eckankar.ch\/it\/#website"},"primaryImageOfPage":{"@id":"https:\/\/2020.eckankar.ch\/it\/che-cose-eckankar\/#primaryimage"},"image":{"@id":"https:\/\/2020.eckankar.ch\/it\/che-cose-eckankar\/#primaryimage"},"thumbnailUrl":"https:\/\/2020.eckankar.ch\/wp-content\/uploads\/2026\/03\/Temple_12_color_LO.jpg","datePublished":"2018-04-16T13:56:47+00:00","dateModified":"2026-03-31T15:41:49+00:00","breadcrumb":{"@id":"https:\/\/2020.eckankar.ch\/it\/che-cose-eckankar\/#breadcrumb"},"inLanguage":"it-IT","potentialAction":[{"@type":"ReadAction","target":["https:\/\/2020.eckankar.ch\/it\/che-cose-eckankar\/"]}]},{"@type":"ImageObject","inLanguage":"it-IT","@id":"https:\/\/2020.eckankar.ch\/it\/che-cose-eckankar\/#primaryimage","url":"https:\/\/2020.eckankar.ch\/wp-content\/uploads\/2026\/03\/Temple_12_color_LO.jpg","contentUrl":"https:\/\/2020.eckankar.ch\/wp-content\/uploads\/2026\/03\/Temple_12_color_LO.jpg"},{"@type":"BreadcrumbList","@id":"https:\/\/2020.eckankar.ch\/it\/che-cose-eckankar\/#breadcrumb","itemListElement":[{"@type":"ListItem","position":1,"name":"Home","item":"https:\/\/2020.eckankar.ch\/it\/"},{"@type":"ListItem","position":2,"name":"Che cos&#8217;\u00e8 Eckankar?"}]},{"@type":"WebSite","@id":"https:\/\/2020.eckankar.ch\/it\/#website","url":"https:\/\/2020.eckankar.ch\/it\/","name":"Eckankar in Switzerland","description":"The path of Spiritual Freedom","publisher":{"@id":"https:\/\/2020.eckankar.ch\/it\/#organization"},"potentialAction":[{"@type":"SearchAction","target":{"@type":"EntryPoint","urlTemplate":"https:\/\/2020.eckankar.ch\/it\/?s={search_term_string}"},"query-input":{"@type":"PropertyValueSpecification","valueRequired":true,"valueName":"search_term_string"}}],"inLanguage":"it-IT"},{"@type":"Organization","@id":"https:\/\/2020.eckankar.ch\/it\/#organization","name":"Eckankar","url":"https:\/\/2020.eckankar.ch\/it\/","logo":{"@type":"ImageObject","inLanguage":"it-IT","@id":"https:\/\/2020.eckankar.ch\/it\/#\/schema\/logo\/image\/","url":"https:\/\/2020.eckankar.ch\/wp-content\/uploads\/2018\/05\/logo_en.png","contentUrl":"https:\/\/2020.eckankar.ch\/wp-content\/uploads\/2018\/05\/logo_en.png","width":288,"height":100,"caption":"Eckankar"},"image":{"@id":"https:\/\/2020.eckankar.ch\/it\/#\/schema\/logo\/image\/"}}]}},"_links":{"self":[{"href":"https:\/\/2020.eckankar.ch\/it\/wp-json\/wp\/v2\/pages\/11200","targetHints":{"allow":["GET"]}}],"collection":[{"href":"https:\/\/2020.eckankar.ch\/it\/wp-json\/wp\/v2\/pages"}],"about":[{"href":"https:\/\/2020.eckankar.ch\/it\/wp-json\/wp\/v2\/types\/page"}],"author":[{"embeddable":true,"href":"https:\/\/2020.eckankar.ch\/it\/wp-json\/wp\/v2\/users\/9"}],"replies":[{"embeddable":true,"href":"https:\/\/2020.eckankar.ch\/it\/wp-json\/wp\/v2\/comments?post=11200"}],"version-history":[{"count":9,"href":"https:\/\/2020.eckankar.ch\/it\/wp-json\/wp\/v2\/pages\/11200\/revisions"}],"predecessor-version":[{"id":12163,"href":"https:\/\/2020.eckankar.ch\/it\/wp-json\/wp\/v2\/pages\/11200\/revisions\/12163"}],"wp:attachment":[{"href":"https:\/\/2020.eckankar.ch\/it\/wp-json\/wp\/v2\/media?parent=11200"}],"curies":[{"name":"wp","href":"https:\/\/api.w.org\/{rel}","templated":true}]}}